{"id":421389,"date":"2025-05-22T18:13:16","date_gmt":"2025-05-22T16:13:16","guid":{"rendered":"https:\/\/lucacastelli.com\/prodotto\/ortovox-185-rocknwool-pantalon-long-m\/"},"modified":"2026-04-16T00:54:47","modified_gmt":"2026-04-15T22:54:47","slug":"ortovox-185-rocknwool-pantalon-long-m","status":"publish","type":"product","link":"https:\/\/lucacastelli.com\/fr\/produit\/ortovox-185-rocknwool-pantalon-long-m\/","title":{"rendered":"ORTOVOX 185 ROCK\u2019N\u2019WOOL LONG PANT M"},"content":{"rendered":"<p>Le pantalon long 185 ROCK\u2019N\u2019WOOL LONG PANT pour homme est particuli\u00e8rement doux gr\u00e2ce \u00e0 sa laine m\u00e9rinos de haute qualit\u00e9 et conserve la chaleur lors de chaque aventure de freeride, malgr\u00e9 le froid et l\u2019effort. Le freeride commence d\u00e8s la premi\u00e8re couche, car elle est essentielle \u00e0 la fonctionnalit\u00e9. Ce pantalon long est compos\u00e9 \u00e0 100 % de pure laine m\u00e9rinos d\u2019une finesse de 19 microns, agr\u00e9able sur la peau et garantissant un climat optimal gr\u00e2ce \u00e0 ses propri\u00e9t\u00e9s thermor\u00e9gulatrices et respirantes. Ce classique se pr\u00e9sente avec un design enti\u00e8rement renouvel\u00e9 : le look bicolore, les couleurs fra\u00eeches aux fils retors multicolores et la ceinture tendance refl\u00e8tent la polyvalence de vos aventures hivernales. Le pantalon 185 ROCK\u2019N\u2019WOOL LONG PANT pour homme ne devrait donc manquer dans la garde-robe d\u2019aucun freerider !    <\/p>\n","protected":false},"excerpt":{"rendered":"<p>Le pantalon long 185 ROCK\u2019N\u2019WOOL LONG PANT pour homme est particuli\u00e8rement doux gr\u00e2ce \u00e0 sa laine m\u00e9rinos de haute qualit\u00e9<\/p>\n","protected":false},"featured_media":421369,"template":"","meta":{"_seopress_robots_primary_cat":"none","_seopress_titles_title":"","_seopress_titles_desc":"","_seopress_robots_index":""},"product_brand":[3664],"product_cat":[81,981,982],"product_tag":[],"class_list":{"0":"post-421389","1":"product","2":"type-product","3":"status-publish","4":"has-post-thumbnail","6":"product_brand-ortovox-fr","7":"product_cat-vetements","8":"product_cat-vetements-de-loisirs","9":"product_cat-vetements-pour-hommes","10":"sws-gruppo-abb-libero-fr","11":"sws-conto-ricavi-merci-rivendita-abbigliamento-fr","12":"sws-gruppo-iva-iva81-fr","14":"first","15":"instock","16":"sale","17":"shipping-taxable","18":"purchasable","19":"product-type-variable"},"_links":{"self":[{"href":"https:\/\/lucacastelli.com\/fr\/wp-json\/wp\/v2\/product\/421389","targetHints":{"allow":["GET"]}}],"collection":[{"href":"https:\/\/lucacastelli.com\/fr\/wp-json\/wp\/v2\/product"}],"about":[{"href":"https:\/\/lucacastelli.com\/fr\/wp-json\/wp\/v2\/types\/product"}],"wp:featuredmedia":[{"embeddable":true,"href":"https:\/\/lucacastelli.com\/fr\/wp-json\/wp\/v2\/media\/421369"}],"wp:attachment":[{"href":"https:\/\/lucacastelli.com\/fr\/wp-json\/wp\/v2\/media?parent=421389"}],"wp:term":[{"taxonomy":"product_brand","embeddable":true,"href":"https:\/\/lucacastelli.com\/fr\/wp-json\/wp\/v2\/product_brand?post=421389"},{"taxonomy":"product_cat","embeddable":true,"href":"https:\/\/lucacastelli.com\/fr\/wp-json\/wp\/v2\/product_cat?post=421389"},{"taxonomy":"product_tag","embeddable":true,"href":"https:\/\/lucacastelli.com\/fr\/wp-json\/wp\/v2\/product_tag?post=421389"}],"curies":[{"name":"wp","href":"https:\/\/api.w.org\/{rel}","templated":true}]}}