{"id":421321,"date":"2025-05-19T17:05:08","date_gmt":"2025-05-19T15:05:08","guid":{"rendered":"https:\/\/lucacastelli.com\/prodotto\/tronconneuse-echo-cs-362tes\/"},"modified":"2026-03-14T21:45:50","modified_gmt":"2026-03-14T20:45:50","slug":"tronconneuse-echo-cs-362tes","status":"publish","type":"product","link":"https:\/\/lucacastelli.com\/fr\/produit\/tronconneuse-echo-cs-362tes\/","title":{"rendered":"Tron\u00e7onneuse ECHO CS-362TES"},"content":{"rendered":"<p>La <strong>tron\u00e7onneuse d\u2019\u00e9lagage \u00e0 essence<\/strong> CS-362TES est con\u00e7ue pour offrir une puissance et une mobilit\u00e9 maximales, gr\u00e2ce \u00e0 la conception \u00e9quilibr\u00e9e qui garantit un contr\u00f4le parfait, pour des coupes rapides et nettes de petites branches ou d\u2019arbres. Son faible poids et sa puissance \u00e9lev\u00e9e le rendent id\u00e9al pour les arboriculteurs et les agents d\u2019entretien. <\/p>\n<table>\n<tbody>\n<tr>\n<td>Cylindr\u00e9e (cc)<\/td>\n<td>35,8<\/td>\n<\/tr>\n<tr>\n<td>Puissance (Kw (hp))<\/td>\n<td>1,50 (2,04)<\/td>\n<\/tr>\n<tr>\n<td>Poids \u00e0 sec (kg)*1<\/td>\n<td>3.6<\/td>\n<\/tr>\n<tr>\n<td>Pas de cha\u00eene (pouces)<\/td>\n<td>3\/8 p.p.<\/td>\n<\/tr>\n<tr>\n<td>Maillons de cha\u00eene<\/td>\n<td>53<\/td>\n<\/tr>\n<tr>\n<td>Longueur de la barre appliqu\u00e9e (pouces)*<\/td>\n<td>14<\/td>\n<\/tr>\n<tr>\n<td>Canal de barre (mm\/pouce)<\/td>\n<td>1.30\/0.050<\/td>\n<\/tr>\n<\/tbody>\n<\/table>\n","protected":false},"excerpt":{"rendered":"<p>La tron\u00e7onneuse d\u2019\u00e9lagage \u00e0 essence CS-362TES est con\u00e7ue pour offrir une puissance et une mobilit\u00e9 maximales, gr\u00e2ce \u00e0 la conception<\/p>\n","protected":false},"featured_media":663788,"template":"","meta":{"_seopress_robots_primary_cat":"","_seopress_titles_title":"","_seopress_titles_desc":"","_seopress_robots_index":""},"product_brand":[3620],"product_cat":[167,1604,1608],"product_tag":[],"class_list":{"0":"post-421321","1":"product","2":"type-product","3":"status-publish","4":"has-post-thumbnail","6":"product_brand-echo-fr","7":"product_cat-machines","8":"product_cat-tronconneuses","9":"product_cat-tronconneuses-a-moteur","10":"sws-gruppo-macchinari-fr","11":"sws-conto-ricavi-merci-rivendita-macchinari-fr","12":"sws-gruppo-iva-iva81-fr","14":"first","15":"outofstock","16":"sale","17":"shipping-taxable","18":"purchasable","19":"product-type-simple"},"_links":{"self":[{"href":"https:\/\/lucacastelli.com\/fr\/wp-json\/wp\/v2\/product\/421321","targetHints":{"allow":["GET"]}}],"collection":[{"href":"https:\/\/lucacastelli.com\/fr\/wp-json\/wp\/v2\/product"}],"about":[{"href":"https:\/\/lucacastelli.com\/fr\/wp-json\/wp\/v2\/types\/product"}],"wp:featuredmedia":[{"embeddable":true,"href":"https:\/\/lucacastelli.com\/fr\/wp-json\/wp\/v2\/media\/663788"}],"wp:attachment":[{"href":"https:\/\/lucacastelli.com\/fr\/wp-json\/wp\/v2\/media?parent=421321"}],"wp:term":[{"taxonomy":"product_brand","embeddable":true,"href":"https:\/\/lucacastelli.com\/fr\/wp-json\/wp\/v2\/product_brand?post=421321"},{"taxonomy":"product_cat","embeddable":true,"href":"https:\/\/lucacastelli.com\/fr\/wp-json\/wp\/v2\/product_cat?post=421321"},{"taxonomy":"product_tag","embeddable":true,"href":"https:\/\/lucacastelli.com\/fr\/wp-json\/wp\/v2\/product_tag?post=421321"}],"curies":[{"name":"wp","href":"https:\/\/api.w.org\/{rel}","templated":true}]}}