{"id":421294,"date":"2025-05-19T14:33:30","date_gmt":"2025-05-19T12:33:30","guid":{"rendered":"https:\/\/lucacastelli.com\/prodotto\/tronconneuse-sans-fil-echo-dcs-2500-t-machine-uniquement\/"},"modified":"2026-04-17T10:52:31","modified_gmt":"2026-04-17T08:52:31","slug":"tronconneuse-sans-fil-echo-dcs-2500-t-machine-uniquement","status":"publish","type":"product","link":"https:\/\/lucacastelli.com\/fr\/produit\/tronconneuse-sans-fil-echo-dcs-2500-t-machine-uniquement\/","title":{"rendered":"ECHO DCS-2500 T Tron\u00e7onneuse sans fil (machine seule)"},"content":{"rendered":"<p><strong>Tron\u00e7onneuse d&#8217;\u00e9lagage sans fil<\/strong> avec technologie E-Force. Poids r\u00e9duit et performances comparables \u00e0 celles des mod\u00e8les thermiques, id\u00e9ale pour un usage professionnel dans le respect total de l&#8217;environnement et de l&#8217;utilisateur. <\/p>\n<p>COMPATIBLE UNIQUEMENT AVEC BATTERIE 2 Ah<\/p>\n<p>&nbsp;<\/p>\n<table>\n<tbody>\n<tr>\n<td>Tension (V)<\/td>\n<td>56<\/td>\n<\/tr>\n<tr>\n<td>Capacit\u00e9 r\u00e9servoir d&#8217;huile (L)<\/td>\n<td>0,12<\/td>\n<\/tr>\n<tr>\n<td>Pas de cha\u00eene (pouces)<\/td>\n<td>1\/4<\/td>\n<\/tr>\n<tr>\n<td>Maillons de cha\u00eene<\/td>\n<td>52<\/td>\n<\/tr>\n<tr>\n<td>Longueur de guide appliqu\u00e9e (pouces)<\/td>\n<td>8<\/td>\n<\/tr>\n<tr>\n<td>Poids \u00e0 sec*1 (kg)<\/td>\n<td>1,6<\/td>\n<\/tr>\n<\/tbody>\n<\/table>\n","protected":false},"excerpt":{"rendered":"<p>Tron\u00e7onneuse d&#8217;\u00e9lagage sans fil avec technologie E-Force. Poids r\u00e9duit et performances comparables \u00e0 celles des mod\u00e8les thermiques, id\u00e9ale pour un<\/p>\n","protected":false},"featured_media":421285,"template":"","meta":{"_seopress_robots_primary_cat":"none","_seopress_titles_title":"","_seopress_titles_desc":"","_seopress_robots_index":""},"product_brand":[3620],"product_cat":[167,1604,1606],"product_tag":[],"class_list":{"0":"post-421294","1":"product","2":"type-product","3":"status-publish","4":"has-post-thumbnail","6":"product_brand-echo-fr","7":"product_cat-machines","8":"product_cat-tronconneuses","9":"product_cat-tronconneuses-a-batterie","10":"sws-gruppo-macchinari-fr","11":"sws-conto-ricavi-merci-rivendita-macchinari-fr","12":"sws-gruppo-iva-iva81-fr","14":"first","15":"instock","16":"sale","17":"shipping-taxable","18":"purchasable","19":"product-type-simple"},"_links":{"self":[{"href":"https:\/\/lucacastelli.com\/fr\/wp-json\/wp\/v2\/product\/421294","targetHints":{"allow":["GET"]}}],"collection":[{"href":"https:\/\/lucacastelli.com\/fr\/wp-json\/wp\/v2\/product"}],"about":[{"href":"https:\/\/lucacastelli.com\/fr\/wp-json\/wp\/v2\/types\/product"}],"wp:featuredmedia":[{"embeddable":true,"href":"https:\/\/lucacastelli.com\/fr\/wp-json\/wp\/v2\/media\/421285"}],"wp:attachment":[{"href":"https:\/\/lucacastelli.com\/fr\/wp-json\/wp\/v2\/media?parent=421294"}],"wp:term":[{"taxonomy":"product_brand","embeddable":true,"href":"https:\/\/lucacastelli.com\/fr\/wp-json\/wp\/v2\/product_brand?post=421294"},{"taxonomy":"product_cat","embeddable":true,"href":"https:\/\/lucacastelli.com\/fr\/wp-json\/wp\/v2\/product_cat?post=421294"},{"taxonomy":"product_tag","embeddable":true,"href":"https:\/\/lucacastelli.com\/fr\/wp-json\/wp\/v2\/product_tag?post=421294"}],"curies":[{"name":"wp","href":"https:\/\/api.w.org\/{rel}","templated":true}]}}