{"id":421265,"date":"2025-05-18T18:53:43","date_gmt":"2025-05-18T16:53:43","guid":{"rendered":"https:\/\/lucacastelli.com\/prodotto\/souffleur-dorsal-echo-pb-8010\/"},"modified":"2026-03-14T21:47:24","modified_gmt":"2026-03-14T20:47:24","slug":"souffleur-dorsal-echo-pb-8010","status":"publish","type":"product","link":"https:\/\/lucacastelli.com\/fr\/produit\/souffleur-dorsal-echo-pb-8010\/","title":{"rendered":"Souffleur dorsal ECHO PB 8010"},"content":{"rendered":"<div id=\"shopify-section-template--24273964532098__details\" class=\"shopify-section cc-product-details product-details section\">\n<div class=\"product-details__block\"><\/div>\n<\/div>\n<section id=\"shopify-section-template--24273964532098__recommendations\" class=\"shopify-section cc-product-recommendations cc-product-card-grid\">\n<div class=\"container mb-heading\">\n<p>Le souffleur dorsal le plus puissant au monde avec des capacit\u00e9s de soufflage in\u00e9gal\u00e9es gr\u00e2ce \u00e0 son puissant moteur de 79,9 cm\u00b3 qui g\u00e9n\u00e8re une force de soufflage de 44N. Poids incroyablement faible gr\u00e2ce \u00e0 la coque sp\u00e9ciale en fibre de carbone qui garantit un confort d\u2019utilisation maximal. Il dispose \u00e9galement d\u2019un r\u00e9gulateur de vitesse, de bretelles rembourr\u00e9es, d\u2019un dossier ventil\u00e9 et d\u2019un acc\u00e8s sans outil au filtre \u00e0 air.  <\/p>\n<\/div>\n<\/section>\n<p><strong>Fonctionnalit\u00e9s:<\/strong><\/p>\n<p>&nbsp;<\/p>\n<ul>\n<li>Contenance : 79,9 cm3<\/li>\n<li>Puissance 5,70 ch<\/li>\n<li>R\u00e9servoir 2,56 L<\/li>\n<li>Poids 11,9 kg<\/li>\n<li>Volume d\u2019air 1819m3\/h<\/li>\n<li>Vitesse de l\u2019air 94,5 m\/s<\/li>\n<\/ul>\n","protected":false},"excerpt":{"rendered":"<p>Le souffleur dorsal le plus puissant au monde avec des capacit\u00e9s de soufflage in\u00e9gal\u00e9es gr\u00e2ce \u00e0 son puissant moteur de<\/p>\n","protected":false},"featured_media":421260,"template":"","meta":{"_seopress_robots_primary_cat":"","_seopress_titles_title":"","_seopress_titles_desc":"","_seopress_robots_index":""},"product_brand":[3620],"product_cat":[167,1652,1643],"product_tag":[],"class_list":{"0":"post-421265","1":"product","2":"type-product","3":"status-publish","4":"has-post-thumbnail","6":"product_brand-echo-fr","7":"product_cat-machines","8":"product_cat-souffleurs-a-moteur","9":"product_cat-souffleurs-et-aspirateurs","10":"sws-gruppo-macchinari-fr","11":"sws-conto-ricavi-merci-rivendita-macchinari-fr","12":"sws-gruppo-iva-iva81-fr","14":"first","15":"instock","16":"sale","17":"shipping-taxable","18":"purchasable","19":"product-type-simple"},"_links":{"self":[{"href":"https:\/\/lucacastelli.com\/fr\/wp-json\/wp\/v2\/product\/421265","targetHints":{"allow":["GET"]}}],"collection":[{"href":"https:\/\/lucacastelli.com\/fr\/wp-json\/wp\/v2\/product"}],"about":[{"href":"https:\/\/lucacastelli.com\/fr\/wp-json\/wp\/v2\/types\/product"}],"wp:featuredmedia":[{"embeddable":true,"href":"https:\/\/lucacastelli.com\/fr\/wp-json\/wp\/v2\/media\/421260"}],"wp:attachment":[{"href":"https:\/\/lucacastelli.com\/fr\/wp-json\/wp\/v2\/media?parent=421265"}],"wp:term":[{"taxonomy":"product_brand","embeddable":true,"href":"https:\/\/lucacastelli.com\/fr\/wp-json\/wp\/v2\/product_brand?post=421265"},{"taxonomy":"product_cat","embeddable":true,"href":"https:\/\/lucacastelli.com\/fr\/wp-json\/wp\/v2\/product_cat?post=421265"},{"taxonomy":"product_tag","embeddable":true,"href":"https:\/\/lucacastelli.com\/fr\/wp-json\/wp\/v2\/product_tag?post=421265"}],"curies":[{"name":"wp","href":"https:\/\/api.w.org\/{rel}","templated":true}]}}