{"id":421205,"date":"2025-05-17T15:42:50","date_gmt":"2025-05-17T13:42:50","guid":{"rendered":"https:\/\/lucacastelli.com\/prodotto\/echo-cs-2511tes\/"},"modified":"2026-03-14T21:47:38","modified_gmt":"2026-03-14T20:47:38","slug":"echo-cs-2511tes","status":"publish","type":"product","link":"https:\/\/lucacastelli.com\/fr\/produit\/echo-cs-2511tes\/","title":{"rendered":"ECHO CS-2511TES"},"content":{"rendered":"<p class=\"\" data-start=\"189\" data-end=\"936\">La tron\u00e7onneuse d\u2019\u00e9lagage ECHO CS-2511TES est l\u2019une des tron\u00e7onneuses les plus l\u00e9g\u00e8res et les plus puissantes de sa cat\u00e9gorie. Gr\u00e2ce \u00e0 sa conception compacte et ultra-l\u00e9g\u00e8re, cette tron\u00e7onneuse garantit un \u00e9quilibre extraordinaire et le meilleur rapport poids\/puissance pour un fonctionnement sans effort. Avec une cylindr\u00e9e de 25 cm\u00b3 et une puissance de 1,1 kW (1,51 ch), il est parfait pour les travaux d\u2019\u00e9lagage de pr\u00e9cision, m\u00eame sur les branches difficiles d\u2019acc\u00e8s. Avec un poids de seulement 2,3 kg, il est facile \u00e0 manipuler, ce qui r\u00e9duit la fatigue lors d\u2019une utilisation prolong\u00e9e. De plus, la barre de 25 cm permet une coupe rapide et pr\u00e9cise. Un \u00e9cran anti-d\u00e9bris est disponible en option pour assurer une protection maximale pendant le travail.     <\/p>\n<p data-start=\"189\" data-end=\"936\">\n<section id=\"shopify-section-template--24273964532098__recommendations\" class=\"shopify-section cc-product-recommendations cc-product-card-grid\">\n<div class=\"container mb-heading\">\n<p data-start=\"943\" data-end=\"980\"><strong data-start=\"947\" data-end=\"980\">Fonctionnalit\u00e9s:<\/strong><\/p>\n<ul>\n<li data-start=\"984\" data-end=\"1067\">D\u00e9marrage facile : Syst\u00e8me qui vous permet de d\u00e9marrer la tron\u00e7onneuse avec peu d\u2019effort.<\/li>\n<li data-start=\"1070\" data-end=\"1144\">Barre de 25 cm : id\u00e9ale pour des coupes pr\u00e9cises et rapides sur les branches et les arbustes.<\/li>\n<li data-start=\"1147\" data-end=\"1209\">Cylindr\u00e9e : 25 cm\u00b3 pour une puissance compacte et efficace.<\/li>\n<li data-start=\"1212\" data-end=\"1291\">Puissance : 1,1 kW (1,51 ch), parfaite pour les travaux d\u2019\u00e9lagage l\u00e9gers et moyens.<\/li>\n<li data-start=\"1294\" data-end=\"1373\">Poids : Seulement 2,3 kg, pour une maniabilit\u00e9 sup\u00e9rieure et une fatigue r\u00e9duite.<\/li>\n<li data-start=\"1376\" data-end=\"1457\">\u00c9cran de d\u00e9bris (en option) : Pour une protection suppl\u00e9mentaire pendant le travail.<\/li>\n<\/ul>\n<\/div>\n<\/section>\n<p data-start=\"189\" data-end=\"936\">\n","protected":false},"excerpt":{"rendered":"<p>La tron\u00e7onneuse d\u2019\u00e9lagage ECHO CS-2511TES est l\u2019une des tron\u00e7onneuses les plus l\u00e9g\u00e8res et les plus puissantes de sa cat\u00e9gorie. Gr\u00e2ce<\/p>\n","protected":false},"featured_media":663780,"template":"","meta":{"_seopress_robots_primary_cat":"","_seopress_titles_title":"","_seopress_titles_desc":"","_seopress_robots_index":""},"product_brand":[3620],"product_cat":[167,1604,1608],"product_tag":[],"class_list":{"0":"post-421205","1":"product","2":"type-product","3":"status-publish","4":"has-post-thumbnail","6":"product_brand-echo-fr","7":"product_cat-machines","8":"product_cat-tronconneuses","9":"product_cat-tronconneuses-a-moteur","10":"sws-gruppo-macchinari-fr","11":"sws-conto-ricavi-merci-rivendita-macchinari-fr","12":"sws-gruppo-iva-iva81-fr","14":"first","15":"instock","16":"sale","17":"shipping-taxable","18":"purchasable","19":"product-type-simple"},"_links":{"self":[{"href":"https:\/\/lucacastelli.com\/fr\/wp-json\/wp\/v2\/product\/421205","targetHints":{"allow":["GET"]}}],"collection":[{"href":"https:\/\/lucacastelli.com\/fr\/wp-json\/wp\/v2\/product"}],"about":[{"href":"https:\/\/lucacastelli.com\/fr\/wp-json\/wp\/v2\/types\/product"}],"wp:featuredmedia":[{"embeddable":true,"href":"https:\/\/lucacastelli.com\/fr\/wp-json\/wp\/v2\/media\/663780"}],"wp:attachment":[{"href":"https:\/\/lucacastelli.com\/fr\/wp-json\/wp\/v2\/media?parent=421205"}],"wp:term":[{"taxonomy":"product_brand","embeddable":true,"href":"https:\/\/lucacastelli.com\/fr\/wp-json\/wp\/v2\/product_brand?post=421205"},{"taxonomy":"product_cat","embeddable":true,"href":"https:\/\/lucacastelli.com\/fr\/wp-json\/wp\/v2\/product_cat?post=421205"},{"taxonomy":"product_tag","embeddable":true,"href":"https:\/\/lucacastelli.com\/fr\/wp-json\/wp\/v2\/product_tag?post=421205"}],"curies":[{"name":"wp","href":"https:\/\/api.w.org\/{rel}","templated":true}]}}