{"id":420691,"date":"2025-08-19T13:13:28","date_gmt":"2025-08-19T11:13:28","guid":{"rendered":"https:\/\/lucacastelli.com\/?post_type=product&#038;p=420691"},"modified":"2026-04-14T03:34:43","modified_gmt":"2026-04-14T01:34:43","slug":"pfanner-protos-foret-integrale-f39-copia-2","status":"publish","type":"product","link":"https:\/\/lucacastelli.com\/fr\/produit\/pfanner-protos-foret-integrale-f39-copia-2\/","title":{"rendered":"PFANNER Protos Integral Forest F39 rouge\/jaune fluo"},"content":{"rendered":"<p>Le Protos\u00ae Integral Forest est unique dans l&#8217;industrie foresti\u00e8re. Il a \u00e9t\u00e9 sp\u00e9cialement con\u00e7u pour les besoins du secteur forestier. La solution int\u00e9grale en fait le compagnon parfait pour chaque professionnel ainsi que pour l&#8217;utilisateur priv\u00e9. Tous les composants ont \u00e9t\u00e9 int\u00e9gr\u00e9s \u00e0 l&#8217;int\u00e9rieur de la calotte du casque, rendant impossible tout accrochage dans les branches, les sous-bois ou autres obstacles. La coque profonde de la nuque prot\u00e8ge l&#8217;arri\u00e8re de la t\u00eate contre les coups et en cas de chute. Le curseur de ventilation offre non seulement un confort suppl\u00e9mentaire, mais sert \u00e9galement de pare-chocs additionnel en cas d&#8217;impact avant que les forces ne puissent atteindre la coque principale.     <\/p>\n","protected":false},"excerpt":{"rendered":"<p>Le Protos\u00ae Integral Forest est unique dans l&#8217;industrie foresti\u00e8re. Il a \u00e9t\u00e9 sp\u00e9cialement con\u00e7u pour les besoins du secteur forestier.<\/p>\n","protected":false},"featured_media":92428,"template":"","meta":{"_seopress_robots_primary_cat":"none","_seopress_titles_title":"","_seopress_titles_desc":"","_seopress_robots_index":""},"product_brand":[3669,4722],"product_cat":[1405,144,1397,1412],"product_tag":[5805],"class_list":{"0":"post-420691","1":"product","2":"type-product","3":"status-publish","4":"has-post-thumbnail","6":"product_brand-pfanner-fr","7":"product_brand-protos-fr","8":"product_cat-casques","9":"product_cat-equipement","10":"product_cat-equipement-de-travail","11":"product_cat-visieres-et-lunettes","12":"product_tag-lucerne2025","13":"sws-gruppo-abb-libero-fr","14":"sws-conto-ricavi-merci-rivendita-abbigliamento-fr","15":"sws-gruppo-iva-iva81-fr","17":"first","18":"instock","19":"shipping-taxable","20":"purchasable","21":"product-type-simple"},"_links":{"self":[{"href":"https:\/\/lucacastelli.com\/fr\/wp-json\/wp\/v2\/product\/420691","targetHints":{"allow":["GET"]}}],"collection":[{"href":"https:\/\/lucacastelli.com\/fr\/wp-json\/wp\/v2\/product"}],"about":[{"href":"https:\/\/lucacastelli.com\/fr\/wp-json\/wp\/v2\/types\/product"}],"wp:featuredmedia":[{"embeddable":true,"href":"https:\/\/lucacastelli.com\/fr\/wp-json\/wp\/v2\/media\/92428"}],"wp:attachment":[{"href":"https:\/\/lucacastelli.com\/fr\/wp-json\/wp\/v2\/media?parent=420691"}],"wp:term":[{"taxonomy":"product_brand","embeddable":true,"href":"https:\/\/lucacastelli.com\/fr\/wp-json\/wp\/v2\/product_brand?post=420691"},{"taxonomy":"product_cat","embeddable":true,"href":"https:\/\/lucacastelli.com\/fr\/wp-json\/wp\/v2\/product_cat?post=420691"},{"taxonomy":"product_tag","embeddable":true,"href":"https:\/\/lucacastelli.com\/fr\/wp-json\/wp\/v2\/product_tag?post=420691"}],"curies":[{"name":"wp","href":"https:\/\/api.w.org\/{rel}","templated":true}]}}