{"id":420616,"date":"2025-05-14T11:27:53","date_gmt":"2025-05-14T09:27:53","guid":{"rendered":"https:\/\/lucacastelli.com\/prodotto\/fil-de-tonte-oregon-starline-24-mm-x-360-m\/"},"modified":"2025-05-14T11:27:53","modified_gmt":"2025-05-14T09:27:53","slug":"fil-de-tonte-oregon-starline-24-mm-x-360-m","status":"publish","type":"product","link":"https:\/\/lucacastelli.com\/fr\/produit\/fil-de-tonte-oregon-starline-24-mm-x-360-m\/","title":{"rendered":"Fil de tonte Oregon Starline 2,4 mm x 360 m"},"content":{"rendered":"<p>HAUTE R\u00c9SISTANCE ET FINITION PR\u00c9CISE<br \/>\n\u2022 Incorporation de particules d\u2019aluminium pour am\u00e9liorer les propri\u00e9t\u00e9s conductrices<br \/>\n\u2022 Haute r\u00e9sistance \u00e0 la rupture dans l\u2019\u0153illet du fil<br \/>\n\u2022 5 ar\u00eates de coupe pour une finition pr\u00e9cise<br \/>\n\u2022 Exclusivit\u00e9 Oregon<\/p>\n<p>Diam\u00e8tre&nbsp;: 2,4 mm<br \/>\nLongueur&nbsp;: 360 ml<br \/>\nCouleur&nbsp;: Gris<br \/>\nSection&nbsp;: Stellar<br \/>\nPoids&nbsp;: 1,95 kg<\/p>\n","protected":false},"excerpt":{"rendered":"<p>HAUTE R\u00c9SISTANCE ET FINITION PR\u00c9CISE \u2022 Incorporation de particules d\u2019aluminium pour am\u00e9liorer les propri\u00e9t\u00e9s conductrices \u2022 Haute r\u00e9sistance \u00e0 la<\/p>\n","protected":false},"featured_media":420604,"template":"","meta":{"_seopress_robots_primary_cat":"","_seopress_titles_title":"","_seopress_titles_desc":"","_seopress_robots_index":""},"product_brand":[3409],"product_cat":[29,270,271],"product_tag":[],"class_list":{"0":"post-420616","1":"product","2":"type-product","3":"status-publish","4":"has-post-thumbnail","6":"product_brand-oregon","7":"product_cat-macchinari","8":"product_cat-decespugliatori-e-tagliabordi","9":"product_cat-accessori-e-materiale-di-consumo-decespugliatori-e-tagliabordi","10":"sws-gruppo-macchinari","11":"sws-conto-ricavi-merci-rivendita-macchinari","12":"sws-gruppo-iva-iva81","14":"first","15":"instock","16":"shipping-taxable","17":"purchasable","18":"product-type-simple"},"_links":{"self":[{"href":"https:\/\/lucacastelli.com\/fr\/wp-json\/wp\/v2\/product\/420616","targetHints":{"allow":["GET"]}}],"collection":[{"href":"https:\/\/lucacastelli.com\/fr\/wp-json\/wp\/v2\/product"}],"about":[{"href":"https:\/\/lucacastelli.com\/fr\/wp-json\/wp\/v2\/types\/product"}],"wp:featuredmedia":[{"embeddable":true,"href":"https:\/\/lucacastelli.com\/fr\/wp-json\/wp\/v2\/media\/420604"}],"wp:attachment":[{"href":"https:\/\/lucacastelli.com\/fr\/wp-json\/wp\/v2\/media?parent=420616"}],"wp:term":[{"taxonomy":"product_brand","embeddable":true,"href":"https:\/\/lucacastelli.com\/fr\/wp-json\/wp\/v2\/product_brand?post=420616"},{"taxonomy":"product_cat","embeddable":true,"href":"https:\/\/lucacastelli.com\/fr\/wp-json\/wp\/v2\/product_cat?post=420616"},{"taxonomy":"product_tag","embeddable":true,"href":"https:\/\/lucacastelli.com\/fr\/wp-json\/wp\/v2\/product_tag?post=420616"}],"curies":[{"name":"wp","href":"https:\/\/api.w.org\/{rel}","templated":true}]}}