{"id":420614,"date":"2025-05-14T11:24:37","date_gmt":"2025-05-14T09:24:37","guid":{"rendered":"https:\/\/lucacastelli.com\/prodotto\/fil-de-tondeuse-oregon-duoline-30-mm-x-120-m\/"},"modified":"2025-05-14T11:24:37","modified_gmt":"2025-05-14T09:24:37","slug":"fil-de-tondeuse-oregon-duoline-30-mm-x-120-m","status":"publish","type":"product","link":"https:\/\/lucacastelli.com\/fr\/produit\/fil-de-tondeuse-oregon-duoline-30-mm-x-120-m\/","title":{"rendered":"Fil de tondeuse Oregon Duoline 3,0 mm x 120 m"},"content":{"rendered":"<p>HAUTE R\u00c9SISTANCE \u2022 Fabriqu\u00e9 \u00e0 partir de 2 mat\u00e9riaux diff\u00e9rents pour une flexibilit\u00e9 et une r\u00e9sistance optimales.<\/p>\n<p>Diam\u00e8tre&nbsp;: 3 mm<br \/>\nLongueur&nbsp;: 120 ml<br \/>\nCouleur&nbsp;: Transparent<br \/>\nSection&nbsp;: Rond<br \/>\nPoids&nbsp;: 1,26 kg<\/p>\n","protected":false},"excerpt":{"rendered":"<p>HAUTE R\u00c9SISTANCE \u2022 Fabriqu\u00e9 \u00e0 partir de 2 mat\u00e9riaux diff\u00e9rents pour une flexibilit\u00e9 et une r\u00e9sistance optimales. Diam\u00e8tre&nbsp;: 3 mm<\/p>\n","protected":false},"featured_media":420574,"template":"","meta":{"_seopress_robots_primary_cat":"","_seopress_titles_title":"","_seopress_titles_desc":"","_seopress_robots_index":""},"product_brand":[3409],"product_cat":[29,270,271],"product_tag":[],"class_list":{"0":"post-420614","1":"product","2":"type-product","3":"status-publish","4":"has-post-thumbnail","6":"product_brand-oregon","7":"product_cat-macchinari","8":"product_cat-decespugliatori-e-tagliabordi","9":"product_cat-accessori-e-materiale-di-consumo-decespugliatori-e-tagliabordi","10":"sws-gruppo-macchinari-fr","11":"sws-conto-ricavi-merci-rivendita-macchinari-fr","12":"sws-gruppo-iva-iva81-fr","14":"first","15":"instock","16":"shipping-taxable","17":"purchasable","18":"product-type-simple"},"_links":{"self":[{"href":"https:\/\/lucacastelli.com\/fr\/wp-json\/wp\/v2\/product\/420614","targetHints":{"allow":["GET"]}}],"collection":[{"href":"https:\/\/lucacastelli.com\/fr\/wp-json\/wp\/v2\/product"}],"about":[{"href":"https:\/\/lucacastelli.com\/fr\/wp-json\/wp\/v2\/types\/product"}],"wp:featuredmedia":[{"embeddable":true,"href":"https:\/\/lucacastelli.com\/fr\/wp-json\/wp\/v2\/media\/420574"}],"wp:attachment":[{"href":"https:\/\/lucacastelli.com\/fr\/wp-json\/wp\/v2\/media?parent=420614"}],"wp:term":[{"taxonomy":"product_brand","embeddable":true,"href":"https:\/\/lucacastelli.com\/fr\/wp-json\/wp\/v2\/product_brand?post=420614"},{"taxonomy":"product_cat","embeddable":true,"href":"https:\/\/lucacastelli.com\/fr\/wp-json\/wp\/v2\/product_cat?post=420614"},{"taxonomy":"product_tag","embeddable":true,"href":"https:\/\/lucacastelli.com\/fr\/wp-json\/wp\/v2\/product_tag?post=420614"}],"curies":[{"name":"wp","href":"https:\/\/api.w.org\/{rel}","templated":true}]}}