{"id":420326,"date":"2023-12-02T09:07:55","date_gmt":"2023-12-02T08:07:55","guid":{"rendered":"https:\/\/lucacastelli.com\/prodotto\/pfanner-primaloft-gold-strickmutze\/"},"modified":"2025-09-03T08:10:51","modified_gmt":"2025-09-03T06:10:51","slug":"pfanner-primaloft-gold-strickmutze","status":"publish","type":"product","link":"https:\/\/lucacastelli.com\/fr\/produit\/pfanner-primaloft-gold-strickmutze\/","title":{"rendered":"PFANNER PrimaLoft Gold Strickm\u00fctze"},"content":{"rendered":"<p>Le bonnet d&#8217;hiver classique avec doublure int\u00e9rieure en Primaloft Gold est parfait pour les journ\u00e9es froides. La doublure est d\u00e9perlante tout en offrant une respirabilit\u00e9 illimit\u00e9e. En outre, la doublure Primaloft r\u00e9chauffe la t\u00eate avec un poids minimal. Gr\u00e2ce \u00e0 sa fabrication, le bonnet est tr\u00e8s \u00e9lastique et offre un ajustement optimal. Le couvre-chef garantit ainsi un confort parfait.<br \/>\n-Doublure int\u00e9rieure en PrimaLoft\u00ae Gold<br \/>\n-Repellent<br \/>\n-Extr\u00eamement respirant<br \/>\n-Elastique<br \/>\n-L\u00e9ger<br \/>\n-Souffle-vent au niveau du front et des oreilles    <\/p>\n<p>Mati\u00e8re :<br \/>\nMati\u00e8re ext\u00e9rieure : 100% acrylique<br \/>\nDoublure : 100% Primaloft<\/p>\n","protected":false},"excerpt":{"rendered":"<p>Le bonnet d&#8217;hiver classique avec doublure int\u00e9rieure en Primaloft Gold est parfait pour les journ\u00e9es froides. La doublure est d\u00e9perlante<\/p>\n","protected":false},"featured_media":513050,"template":"","meta":{"_seopress_robots_primary_cat":"none","_seopress_titles_title":"","_seopress_titles_desc":"","_seopress_robots_index":""},"product_brand":[3669],"product_cat":[1390,81],"product_tag":[],"class_list":{"0":"post-420326","1":"product","2":"type-product","3":"status-publish","4":"has-post-thumbnail","6":"product_brand-pfanner-fr","7":"product_cat-accessoires-dhabillement","8":"product_cat-vetements","9":"sws-gruppo-no-gruppo-fr","10":"sws-categoria-sito-fr","11":"sws-sottocategoria-altro-fr","12":"sws-conto-ricavi-merci-rivendita-abbigliamento-fr","13":"sws-gruppo-iva-iva81-fr","15":"first","16":"instock","17":"shipping-taxable","18":"purchasable","19":"product-type-variable"},"_links":{"self":[{"href":"https:\/\/lucacastelli.com\/fr\/wp-json\/wp\/v2\/product\/420326","targetHints":{"allow":["GET"]}}],"collection":[{"href":"https:\/\/lucacastelli.com\/fr\/wp-json\/wp\/v2\/product"}],"about":[{"href":"https:\/\/lucacastelli.com\/fr\/wp-json\/wp\/v2\/types\/product"}],"wp:featuredmedia":[{"embeddable":true,"href":"https:\/\/lucacastelli.com\/fr\/wp-json\/wp\/v2\/media\/513050"}],"wp:attachment":[{"href":"https:\/\/lucacastelli.com\/fr\/wp-json\/wp\/v2\/media?parent=420326"}],"wp:term":[{"taxonomy":"product_brand","embeddable":true,"href":"https:\/\/lucacastelli.com\/fr\/wp-json\/wp\/v2\/product_brand?post=420326"},{"taxonomy":"product_cat","embeddable":true,"href":"https:\/\/lucacastelli.com\/fr\/wp-json\/wp\/v2\/product_cat?post=420326"},{"taxonomy":"product_tag","embeddable":true,"href":"https:\/\/lucacastelli.com\/fr\/wp-json\/wp\/v2\/product_tag?post=420326"}],"curies":[{"name":"wp","href":"https:\/\/api.w.org\/{rel}","templated":true}]}}