{"id":420324,"date":"2023-12-04T12:05:18","date_gmt":"2023-12-04T11:05:18","guid":{"rendered":"https:\/\/lucacastelli.com\/prodotto\/pfanner-polartec-jacke-femme\/"},"modified":"2025-09-04T00:06:09","modified_gmt":"2025-09-03T22:06:09","slug":"pfanner-polartec-jacke-femme","status":"publish","type":"product","link":"https:\/\/lucacastelli.com\/fr\/produit\/pfanner-polartec-jacke-femme\/","title":{"rendered":"PFANNER PolarTec Jacke Femme"},"content":{"rendered":"<p>Veste Polartec Cette veste confortable est fabriqu\u00e9e en Polartec Power Stretch et a un excellent ajustement et une grande libert\u00e9 de mouvement. En m\u00eame temps, la polaire de haute qualit\u00e9 offre une excellente r\u00e9tention de la chaleur et un entretien facile &#8211; id\u00e9al pour les temp\u00e9ratures froides. <\/p>\n<p>&#8211; Confortable et chaud<br \/>\n&#8211; Agr\u00e9able \u00e0 porter<br \/>\n&#8211; Polaire Polartec de haute qualit\u00e9<br \/>\n&#8211; Bonnes valeurs d\u2019isolation<br \/>\n&#8211; Grande libert\u00e9 de mouvement gr\u00e2ce \u00e0 la polaire \u00e9lastique<\/p>\n<p>Mat\u00e9riau : 50 % polyester, 40 % nylon, 10 % \u00e9lasthanne<\/p>\n","protected":false},"excerpt":{"rendered":"<p>Veste Polartec Cette veste confortable est fabriqu\u00e9e en Polartec Power Stretch et a un excellent ajustement et une grande libert\u00e9<\/p>\n","protected":false},"featured_media":98964,"template":"","meta":{"_seopress_robots_primary_cat":"none","_seopress_titles_title":"","_seopress_titles_desc":"","_seopress_robots_index":""},"product_brand":[3669],"product_cat":[81,981,1387],"product_tag":[],"class_list":{"0":"post-420324","1":"product","2":"type-product","3":"status-publish","4":"has-post-thumbnail","6":"product_brand-pfanner-fr","7":"product_cat-vetements","8":"product_cat-vetements-de-loisirs","9":"product_cat-vetements-pour-femmes","10":"sws-gruppo-no-gruppo-fr","11":"sws-categoria-sito-fr","12":"sws-sottocategoria-altro-fr","13":"sws-conto-ricavi-merci-rivendita-abbigliamento-fr","14":"sws-gruppo-iva-iva81-fr","16":"first","17":"instock","18":"shipping-taxable","19":"purchasable","20":"product-type-variable","21":"has-default-attributes"},"_links":{"self":[{"href":"https:\/\/lucacastelli.com\/fr\/wp-json\/wp\/v2\/product\/420324","targetHints":{"allow":["GET"]}}],"collection":[{"href":"https:\/\/lucacastelli.com\/fr\/wp-json\/wp\/v2\/product"}],"about":[{"href":"https:\/\/lucacastelli.com\/fr\/wp-json\/wp\/v2\/types\/product"}],"wp:featuredmedia":[{"embeddable":true,"href":"https:\/\/lucacastelli.com\/fr\/wp-json\/wp\/v2\/media\/98964"}],"wp:attachment":[{"href":"https:\/\/lucacastelli.com\/fr\/wp-json\/wp\/v2\/media?parent=420324"}],"wp:term":[{"taxonomy":"product_brand","embeddable":true,"href":"https:\/\/lucacastelli.com\/fr\/wp-json\/wp\/v2\/product_brand?post=420324"},{"taxonomy":"product_cat","embeddable":true,"href":"https:\/\/lucacastelli.com\/fr\/wp-json\/wp\/v2\/product_cat?post=420324"},{"taxonomy":"product_tag","embeddable":true,"href":"https:\/\/lucacastelli.com\/fr\/wp-json\/wp\/v2\/product_tag?post=420324"}],"curies":[{"name":"wp","href":"https:\/\/api.w.org\/{rel}","templated":true}]}}