{"id":420295,"date":"2023-12-02T09:05:13","date_gmt":"2023-12-02T08:05:13","guid":{"rendered":"https:\/\/lucacastelli.com\/prodotto\/pfanner-forest-light-forstjacke\/"},"modified":"2025-09-04T00:06:10","modified_gmt":"2025-09-03T22:06:10","slug":"pfanner-forest-light-forstjacke","status":"publish","type":"product","link":"https:\/\/lucacastelli.com\/fr\/produit\/pfanner-forest-light-forstjacke\/","title":{"rendered":"Pfanner Forest Light Forstjacke rouge-jaune fluo"},"content":{"rendered":"<p>La veste Forest Light est l\u00e9g\u00e8re mais toujours r\u00e9sistante, parfaite pour les journ\u00e9es plus chaudes. Gr\u00e2ce \u00e0 notre technologie StretchAIR\u00ae et \u00e0 la ventilation sous les bras, elle est particuli\u00e8rement adapt\u00e9e au temps chaud. Le tissu ext\u00e9rieur 4Way-Stretch garantit une libert\u00e9 de mouvement maximale et est extr\u00eamement r\u00e9sistant aux branches et aux \u00e9pines. Le syst\u00e8me de poche brevet\u00e9 Zipp2Zipp\u00ae des deux c\u00f4t\u00e9s offre un espace optimal pour le bloc-notes, le stylo et le t\u00e9l\u00e9phone portable. Deux poches int\u00e9rieures offrent un espace suppl\u00e9mentaire. Des poignets int\u00e9rieurs permettent d&#8217;ajuster parfaitement les extr\u00e9mit\u00e9s des manches \u00e0 chaque poignet. La visibilit\u00e9 est consid\u00e9rablement accrue gr\u00e2ce aux bandes r\u00e9fl\u00e9chissantes continues et aux logos 3CON\u00ae \u00e9prouv\u00e9s.<br \/>\n-Technologie StretchAIR\u00ae<br \/>\n-Libert\u00e9 de mouvement maximale<br \/>\n-Tissu ext\u00e9rieur d\u00e9perlant et r\u00e9sistant \u00e0 la salet\u00e9<br \/>\n-A\u00e9ration sous les aisselles<br \/>\n-Col montant<br \/>\n-Syst\u00e8me de poches Zipp2Zipp\u00ae<br \/>\n-Bandes r\u00e9fl\u00e9chissantes \u00e9lastiques<br \/>\n-3CON\u00ae r\u00e9flectif<br \/>\n-Renfort imperm\u00e9able sur les \u00e9paules      <\/p>\n<p>Mati\u00e8re :<br \/>\nTissu ext\u00e9rieur rouge, gris, noir : 90 % polyamide, 10 % \u00e9lasthanne<br \/>\nTissu ext\u00e9rieur jaune fluo, orange : 90 % polyester, 10 % \u00e9lasthanne<\/p>\n<p> Normes EN 20471 (uniquement version orange\/jaune)<\/p>\n","protected":false},"excerpt":{"rendered":"<p>La veste Forest Light est l\u00e9g\u00e8re mais toujours r\u00e9sistante, parfaite pour les journ\u00e9es plus chaudes. Gr\u00e2ce \u00e0 notre technologie StretchAIR\u00ae<\/p>\n","protected":false},"featured_media":513138,"template":"","meta":{"_seopress_robots_primary_cat":"none","_seopress_titles_title":"","_seopress_titles_desc":"","_seopress_robots_index":""},"product_brand":[3669],"product_cat":[81,1381],"product_tag":[],"class_list":{"0":"post-420295","1":"product","2":"type-product","3":"status-publish","4":"has-post-thumbnail","6":"product_brand-pfanner-fr","7":"product_cat-vetements","8":"product_cat-vetements-de-travail","9":"sws-gruppo-no-gruppo-fr","10":"sws-categoria-sito-fr","11":"sws-sottocategoria-altro-fr","12":"sws-conto-ricavi-merci-rivendita-abbigliamento-fr","13":"sws-gruppo-iva-iva81-fr","15":"first","16":"instock","17":"shipping-taxable","18":"purchasable","19":"product-type-variable","20":"has-default-attributes"},"_links":{"self":[{"href":"https:\/\/lucacastelli.com\/fr\/wp-json\/wp\/v2\/product\/420295","targetHints":{"allow":["GET"]}}],"collection":[{"href":"https:\/\/lucacastelli.com\/fr\/wp-json\/wp\/v2\/product"}],"about":[{"href":"https:\/\/lucacastelli.com\/fr\/wp-json\/wp\/v2\/types\/product"}],"wp:featuredmedia":[{"embeddable":true,"href":"https:\/\/lucacastelli.com\/fr\/wp-json\/wp\/v2\/media\/513138"}],"wp:attachment":[{"href":"https:\/\/lucacastelli.com\/fr\/wp-json\/wp\/v2\/media?parent=420295"}],"wp:term":[{"taxonomy":"product_brand","embeddable":true,"href":"https:\/\/lucacastelli.com\/fr\/wp-json\/wp\/v2\/product_brand?post=420295"},{"taxonomy":"product_cat","embeddable":true,"href":"https:\/\/lucacastelli.com\/fr\/wp-json\/wp\/v2\/product_cat?post=420295"},{"taxonomy":"product_tag","embeddable":true,"href":"https:\/\/lucacastelli.com\/fr\/wp-json\/wp\/v2\/product_tag?post=420295"}],"curies":[{"name":"wp","href":"https:\/\/api.w.org\/{rel}","templated":true}]}}