{"id":420217,"date":"2024-06-12T06:55:44","date_gmt":"2024-06-12T04:55:44","guid":{"rendered":"https:\/\/lucacastelli.com\/prodotto\/pfanner-klima-air-weste\/"},"modified":"2025-09-04T00:06:08","modified_gmt":"2025-09-03T22:06:08","slug":"pfanner-klima-air-weste","status":"publish","type":"product","link":"https:\/\/lucacastelli.com\/fr\/produit\/pfanner-klima-air-weste\/","title":{"rendered":"Pfanner Gilet Klima Air\u00ae orange vif &#8211; jaune n\u00e9on"},"content":{"rendered":"<p>Le gilet KlimaAir\u00ae, avec son tissu d&#8217;espacement KlimaAir et son tissu ext\u00e9rieur extensible, hydrofuge et antisalissure, garantit un climat de travail optimal. Gr\u00e2ce \u00e0 sa coupe extra-longue, le gilet maintient le corps agr\u00e9ablement au chaud, m\u00eame lorsque l&#8217;on travaille dans des conditions venteuses. <\/p>\n<p>-Tissu ext\u00e9rieur \u00e9lastique, d\u00e9perlant et anti-salissures.<\/p>\n<p>-Doublure int\u00e9rieure KlimaAIR\u00ae continue<\/p>\n<p>-Syst\u00e8me de poche Zipp2Zipp<\/p>\n<p>-Bandes r\u00e9fl\u00e9chissantes sur la poitrine et le dos<\/p>\n<p>-Col \u00e0 fermeture haute<\/p>\n<p>-Garage \u00e0 charni\u00e8res<\/p>\n<p>-Coupe extra-longue dans le dos<\/p>\n<p>&nbsp;<\/p>\n<p>Mat\u00e9riau :<\/p>\n<p>Tissu ext\u00e9rieur 1 : 90% polyester, 10% spandex<\/p>\n<p>Tissu ext\u00e9rieur 2 : 90% polyester, 10% spandex<\/p>\n<p>Doublure : 100 % polyester<\/p>\n","protected":false},"excerpt":{"rendered":"<p>Le gilet KlimaAir\u00ae, avec son tissu d&#8217;espacement KlimaAir et son tissu ext\u00e9rieur extensible, hydrofuge et antisalissure, garantit un climat de<\/p>\n","protected":false},"featured_media":49218,"template":"","meta":{"_seopress_robots_primary_cat":"none","_seopress_titles_title":"","_seopress_titles_desc":"","_seopress_robots_index":""},"product_brand":[3458],"product_cat":[21,284],"product_tag":[],"class_list":{"0":"post-420217","1":"product","2":"type-product","3":"status-publish","4":"has-post-thumbnail","6":"product_brand-pfanner","7":"product_cat-abbigliamento","8":"product_cat-abbigliamento-da-lavoro","9":"sws-gruppo-no-gruppo","10":"sws-categoria-sito","11":"sws-sottocategoria-altro","12":"sws-conto-ricavi-merci-rivendita-abbigliamento","13":"sws-gruppo-iva-iva81","15":"first","16":"onbackorder","17":"shipping-taxable","18":"purchasable","19":"product-type-variable"},"_links":{"self":[{"href":"https:\/\/lucacastelli.com\/fr\/wp-json\/wp\/v2\/product\/420217","targetHints":{"allow":["GET"]}}],"collection":[{"href":"https:\/\/lucacastelli.com\/fr\/wp-json\/wp\/v2\/product"}],"about":[{"href":"https:\/\/lucacastelli.com\/fr\/wp-json\/wp\/v2\/types\/product"}],"wp:featuredmedia":[{"embeddable":true,"href":"https:\/\/lucacastelli.com\/fr\/wp-json\/wp\/v2\/media\/49218"}],"wp:attachment":[{"href":"https:\/\/lucacastelli.com\/fr\/wp-json\/wp\/v2\/media?parent=420217"}],"wp:term":[{"taxonomy":"product_brand","embeddable":true,"href":"https:\/\/lucacastelli.com\/fr\/wp-json\/wp\/v2\/product_brand?post=420217"},{"taxonomy":"product_cat","embeddable":true,"href":"https:\/\/lucacastelli.com\/fr\/wp-json\/wp\/v2\/product_cat?post=420217"},{"taxonomy":"product_tag","embeddable":true,"href":"https:\/\/lucacastelli.com\/fr\/wp-json\/wp\/v2\/product_tag?post=420217"}],"curies":[{"name":"wp","href":"https:\/\/api.w.org\/{rel}","templated":true}]}}