{"id":420181,"date":"2024-04-30T14:26:28","date_gmt":"2024-04-30T12:26:28","guid":{"rendered":"https:\/\/lucacastelli.com\/prodotto\/phare-de-la-foret-de-pfanner-a-louest\/"},"modified":"2026-04-17T23:47:06","modified_gmt":"2026-04-17T21:47:06","slug":"phare-de-la-foret-de-pfanner-a-louest","status":"publish","type":"product","link":"https:\/\/lucacastelli.com\/fr\/produit\/phare-de-la-foret-de-pfanner-a-louest\/","title":{"rendered":"GILET PFANNER FOREST LIGHT"},"content":{"rendered":"<p>Le gilet Pfanner Forest Light est un gilet l\u00e9ger mais robuste qui convainc par sa technologie StretchAir\u00ae. Il est particuli\u00e8rement adapt\u00e9 aux saisons les plus chaudes.<br \/>\nLe tissu ext\u00e9rieur sp\u00e9cial stretch quadri-extensible offre une libert\u00e9 de mouvement maximale et le gilet est extr\u00eamement r\u00e9sistant aux branches et aux \u00e9pines. Quatre poches offrent suffisamment d\u2019espace pour un bloc-notes, un t\u00e9l\u00e9phone portable, un stylo, etc.<br \/>\nLa s\u00e9curit\u00e9 est renforc\u00e9e par une haute visibilit\u00e9 gr\u00e2ce aux bandes r\u00e9fl\u00e9chissantes sur toute la longueur et aux logos 3CON\u00ae \u00e9prouv\u00e9s.  <\/p>\n<p>Technologie StretchAir<br \/>\nmati\u00e8re extensible, d\u00e9perlante et antisalissure<br \/>\ncol montant<br \/>\n2 poches de poitrine avec zip2Zip, 2 poches lat\u00e9rales<br \/>\nlogos r\u00e9fl\u00e9chissants 3CON\u00ae et bandes r\u00e9fl\u00e9chissantes sur la poitrine et le dos pour une visibilit\u00e9 et une s\u00e9curit\u00e9 accrues<br \/>\nrenfort imperm\u00e9able sur les \u00e9paules<\/p>\n<p>&nbsp;<\/p>\n<p>&nbsp;<\/p>\n<p>Mati\u00e8re :<br \/>\nTissu ext\u00e9rieur rouge : 90 % polyamide, 10 % \u00e9lasthanne<br \/>\nTissu ext\u00e9rieur jaune n\u00e9on : 90 % polyester, 10 % \u00e9lasthanne<\/p>\n","protected":false},"excerpt":{"rendered":"<p>Le gilet Pfanner Forest Light est un gilet l\u00e9ger mais robuste qui convainc par sa technologie StretchAir\u00ae. Il est particuli\u00e8rement<\/p>\n","protected":false},"featured_media":513374,"template":"","meta":{"_seopress_robots_primary_cat":"none","_seopress_titles_title":"","_seopress_titles_desc":"","_seopress_robots_index":""},"product_brand":[3669],"product_cat":[81,1381],"product_tag":[],"class_list":{"0":"post-420181","1":"product","2":"type-product","3":"status-publish","4":"has-post-thumbnail","6":"product_brand-pfanner-fr","7":"product_cat-vetements","8":"product_cat-vetements-de-travail","9":"sws-gruppo-no-gruppo-fr","10":"sws-categoria-sito-fr","11":"sws-sottocategoria-altro-fr","12":"sws-conto-ricavi-merci-rivendita-abbigliamento-fr","13":"sws-gruppo-iva-iva81-fr","15":"first","16":"instock","17":"shipping-taxable","18":"purchasable","19":"product-type-variable"},"_links":{"self":[{"href":"https:\/\/lucacastelli.com\/fr\/wp-json\/wp\/v2\/product\/420181","targetHints":{"allow":["GET"]}}],"collection":[{"href":"https:\/\/lucacastelli.com\/fr\/wp-json\/wp\/v2\/product"}],"about":[{"href":"https:\/\/lucacastelli.com\/fr\/wp-json\/wp\/v2\/types\/product"}],"wp:featuredmedia":[{"embeddable":true,"href":"https:\/\/lucacastelli.com\/fr\/wp-json\/wp\/v2\/media\/513374"}],"wp:attachment":[{"href":"https:\/\/lucacastelli.com\/fr\/wp-json\/wp\/v2\/media?parent=420181"}],"wp:term":[{"taxonomy":"product_brand","embeddable":true,"href":"https:\/\/lucacastelli.com\/fr\/wp-json\/wp\/v2\/product_brand?post=420181"},{"taxonomy":"product_cat","embeddable":true,"href":"https:\/\/lucacastelli.com\/fr\/wp-json\/wp\/v2\/product_cat?post=420181"},{"taxonomy":"product_tag","embeddable":true,"href":"https:\/\/lucacastelli.com\/fr\/wp-json\/wp\/v2\/product_tag?post=420181"}],"curies":[{"name":"wp","href":"https:\/\/api.w.org\/{rel}","templated":true}]}}