{"id":420153,"date":"2023-06-16T09:58:27","date_gmt":"2023-06-16T07:58:27","guid":{"rendered":"https:\/\/lucacastelli.com\/prodotto\/akku-haut-rendement-80-ah-m18hb8\/"},"modified":"2025-06-29T08:15:49","modified_gmt":"2025-06-29T06:15:49","slug":"akku-haut-rendement-80-ah-m18hb8","status":"publish","type":"product","link":"https:\/\/lucacastelli.com\/fr\/produit\/akku-haut-rendement-80-ah-m18hb8\/","title":{"rendered":"Akku haut rendement 8,0 Ah M18HB8"},"content":{"rendered":"<p>La nouvelle technologie de batterie \u00e0 haut rendement fournit jusqu\u2019\u00e0 50 % plus de puissance dans l\u2019ensemble du syst\u00e8me M18 que les autres technologies REDLITHIUM-ION de Milwaukee .<br \/>\nLe syst\u00e8me brevet\u00e9 REDLINK\u2122 INTELLLIGENCE SYSTEM prot\u00e8ge la batterie dans les applications les plus difficiles et assure une alimentation optimale.<br \/>\nIl fonctionne jusqu\u2019\u00e0 50 % plus froid que les autres technologies REDLITHIUM\u2122 de Milwaukee\u2122 dans les applications les plus difficiles.<br \/>\nLa nouvelle batterie HIGH OUTPUT\u2122 facilite encore plus le changement d\u2019outils filaires<br \/>\nLe cadre m\u00e9tallique robuste avec entretoise absorbant les chocs prot\u00e8ge contre les vibrations \u00e9lev\u00e9es<br \/>\net les chutes Jauge et syst\u00e8me de charge int\u00e9gr\u00e9s 100&nbsp;% compatibles avec la gamme de produits Milwaukee M18<br \/>\nLa surveillance \u00e0 cellule unique assure une charge et une d\u00e9charge optimales pour une longue dur\u00e9e de vie de la batterie<br \/>\nPar rapport \u00e0 d\u2019autres technologies lithium-ion et\/ou \u00e0 la technologie de batterie Milwaukee pr\u00e9c\u00e9dente. Le r\u00e9sultat d\u00e9pend de la tension, de l\u2019outil et de l\u2019application. <\/p>\n<p>Caract\u00e9ristiques techniques&nbsp;:<\/p>\n<p>Batterie lithium-ion<br \/>\nCapacit\u00e9 de la batterie (Ah) 8.0<br \/>\nPoids (kg) &#8211;<br \/>\nTension (V) 18<br \/>\nSyst\u00e8me M18<\/p>\n<p>Contenu de la livraison :<\/p>\n<p>1 batterie lithium-ion rouge 18 V\/8,0 Ah (M18 HB8)<\/p>\n","protected":false},"excerpt":{"rendered":"<p>La nouvelle technologie de batterie \u00e0 haut rendement fournit jusqu\u2019\u00e0 50 % plus de puissance dans l\u2019ensemble du syst\u00e8me M18<\/p>\n","protected":false},"featured_media":56513,"template":"","meta":{"_seopress_robots_primary_cat":"","_seopress_titles_title":"","_seopress_titles_desc":"","_seopress_robots_index":""},"product_brand":[3407],"product_cat":[29,514,515,549],"product_tag":[],"class_list":{"0":"post-420153","1":"product","2":"type-product","3":"status-publish","4":"has-post-thumbnail","6":"product_brand-milwaukee","7":"product_cat-macchinari","8":"product_cat-altri-dispositivi","9":"product_cat-accessori-e-materiale-di-consumo-altri-dispositivi","10":"product_cat-trapani-e-avvitatori","12":"first","13":"instock","14":"shipping-taxable","15":"purchasable","16":"product-type-simple"},"_links":{"self":[{"href":"https:\/\/lucacastelli.com\/fr\/wp-json\/wp\/v2\/product\/420153","targetHints":{"allow":["GET"]}}],"collection":[{"href":"https:\/\/lucacastelli.com\/fr\/wp-json\/wp\/v2\/product"}],"about":[{"href":"https:\/\/lucacastelli.com\/fr\/wp-json\/wp\/v2\/types\/product"}],"wp:featuredmedia":[{"embeddable":true,"href":"https:\/\/lucacastelli.com\/fr\/wp-json\/wp\/v2\/media\/56513"}],"wp:attachment":[{"href":"https:\/\/lucacastelli.com\/fr\/wp-json\/wp\/v2\/media?parent=420153"}],"wp:term":[{"taxonomy":"product_brand","embeddable":true,"href":"https:\/\/lucacastelli.com\/fr\/wp-json\/wp\/v2\/product_brand?post=420153"},{"taxonomy":"product_cat","embeddable":true,"href":"https:\/\/lucacastelli.com\/fr\/wp-json\/wp\/v2\/product_cat?post=420153"},{"taxonomy":"product_tag","embeddable":true,"href":"https:\/\/lucacastelli.com\/fr\/wp-json\/wp\/v2\/product_tag?post=420153"}],"curies":[{"name":"wp","href":"https:\/\/api.w.org\/{rel}","templated":true}]}}