{"id":420152,"date":"2023-06-15T18:58:59","date_gmt":"2023-06-15T16:58:59","guid":{"rendered":"https:\/\/lucacastelli.com\/prodotto\/25-cm-lang-magnetisch-wasserwaage-torpedo-360\/"},"modified":"2026-04-17T23:58:14","modified_gmt":"2026-04-17T21:58:14","slug":"25-cm-lang-magnetisch-wasserwaage-torpedo-360","status":"publish","type":"product","link":"https:\/\/lucacastelli.com\/fr\/produit\/25-cm-lang-magnetisch-wasserwaage-torpedo-360\/","title":{"rendered":"Niveau Torpedo magn\u00e9tique 360\u00b0 de 25 cm"},"content":{"rendered":"<p>Niveau Torpedo 360\u00b0 &#8211; magn\u00e9tique de 25 cm<br \/>\nMilwaukee#4932459096 \/ EAN 4002395282494<br \/>\nLa technologie de fiole SHARPSITE\u2122 facilite la lecture.<br \/>\nFiole d\u2019angle r\u00e9glable \u00e0 360\u00b0 pour mesurer et transf\u00e9rer les angles. Niveau verrouillable pour une pr\u00e9cision \u00e9lev\u00e9e, m\u00eame lorsqu\u2019il est rang\u00e9 dans la poche entre deux utilisations.<br \/>\nLe champ magn\u00e9tique des aimants aux terres rares est d\u00e9vi\u00e9 par une plaque de fer pour une force de maintien optimale.<br \/>\nFioles renforc\u00e9es enferm\u00e9es dans un bloc acrylique robuste pour une longue dur\u00e9e de vie.<br \/>\nProfil\u00e9 robuste en aluminium moul\u00e9 sous pression.<br \/>\nSurfaces de mesure frais\u00e9es avec pr\u00e9cision, avec rainure en V pour faciliter l\u2019application sur des mat\u00e9riaux ronds.<br \/>\nTrou pour dragonne pour un transport s\u00fbr.<br \/>\nPr\u00e9cision de mesure de 0,029\u00b0 (0,5 mm\/m). <\/p>\n","protected":false},"excerpt":{"rendered":"<p>Niveau Torpedo 360\u00b0 &#8211; magn\u00e9tique de 25 cm Milwaukee#4932459096 \/ EAN 4002395282494 La technologie de fiole SHARPSITE\u2122 facilite la lecture.<\/p>\n","protected":false},"featured_media":56435,"template":"","meta":{"_seopress_robots_primary_cat":"none","_seopress_titles_title":"","_seopress_titles_desc":"","_seopress_robots_index":""},"product_brand":[3658],"product_cat":[1471,1453,167],"product_tag":[],"class_list":{"0":"post-420152","1":"product","2":"type-product","3":"status-publish","4":"has-post-thumbnail","6":"product_brand-milwaukee-fr","7":"product_cat-appareils-de-mesure","8":"product_cat-autres-appareils","9":"product_cat-machines","10":"sws-gruppo-macchinari-fr","11":"sws-conto-ricavi-merci-rivendita-macchinari-fr","12":"sws-gruppo-iva-iva81-fr","14":"first","15":"instock","16":"sale","17":"shipping-taxable","18":"purchasable","19":"product-type-simple"},"_links":{"self":[{"href":"https:\/\/lucacastelli.com\/fr\/wp-json\/wp\/v2\/product\/420152","targetHints":{"allow":["GET"]}}],"collection":[{"href":"https:\/\/lucacastelli.com\/fr\/wp-json\/wp\/v2\/product"}],"about":[{"href":"https:\/\/lucacastelli.com\/fr\/wp-json\/wp\/v2\/types\/product"}],"wp:featuredmedia":[{"embeddable":true,"href":"https:\/\/lucacastelli.com\/fr\/wp-json\/wp\/v2\/media\/56435"}],"wp:attachment":[{"href":"https:\/\/lucacastelli.com\/fr\/wp-json\/wp\/v2\/media?parent=420152"}],"wp:term":[{"taxonomy":"product_brand","embeddable":true,"href":"https:\/\/lucacastelli.com\/fr\/wp-json\/wp\/v2\/product_brand?post=420152"},{"taxonomy":"product_cat","embeddable":true,"href":"https:\/\/lucacastelli.com\/fr\/wp-json\/wp\/v2\/product_cat?post=420152"},{"taxonomy":"product_tag","embeddable":true,"href":"https:\/\/lucacastelli.com\/fr\/wp-json\/wp\/v2\/product_tag?post=420152"}],"curies":[{"name":"wp","href":"https:\/\/api.w.org\/{rel}","templated":true}]}}