{"id":420147,"date":"2023-06-15T19:10:29","date_gmt":"2023-06-15T17:10:29","guid":{"rendered":"https:\/\/lucacastelli.com\/prodotto\/nicht-magnetisch-25-mm-breites-band-pro-compact-bandmas-5-m\/"},"modified":"2025-10-01T12:03:57","modified_gmt":"2025-10-01T10:03:57","slug":"nicht-magnetisch-25-mm-breites-band-pro-compact-bandmas-5-m","status":"publish","type":"product","link":"https:\/\/lucacastelli.com\/fr\/produit\/nicht-magnetisch-25-mm-breites-band-pro-compact-bandmas-5-m\/","title":{"rendered":"nicht-magnetisch, 25 mm breites Band Pro-Compact Bandma\u00df 5 m"},"content":{"rendered":"<p>Ruban \u00e0 mesurer amagn\u00e9tique Pro-Compact, ruban de 25 mm de large, diff\u00e9rentes tailles.<br \/>\nMilwaukee # 4932459593.0<br \/>\nTr\u00e8s ergonomique et compact.<br \/>\nLongue dur\u00e9e de vie de l\u2019outil.<br \/>\nSerrure de bo\u00eetier \u00e0 5 points.<br \/>\nLe rev\u00eatement protecteur en nylon prot\u00e8ge le ruban de l\u2019usure.<br \/>\nExtension et flexibilit\u00e9 optimis\u00e9es de la bande.<br \/>\nR\u00e9siste aux chutes de 3 m.<br \/>\nNon magn\u00e9tique.<br \/>\n\u00c9tiquette transparente pour une lecture facile.<br \/>\nCrochet d\u2019extr\u00e9mit\u00e9 compact.<br \/>\nDos aplati pour une mesure verticale facile.<br \/>\nClip de ceinture pour une fixation facile.<br \/>\nClasse de pr\u00e9cision II.<br \/>\nLongueur (m) : 5<\/p>\n","protected":false},"excerpt":{"rendered":"<p>Ruban \u00e0 mesurer amagn\u00e9tique Pro-Compact, ruban de 25 mm de large, diff\u00e9rentes tailles. Milwaukee # 4932459593.0 Tr\u00e8s ergonomique et compact.<\/p>\n","protected":false},"featured_media":56440,"template":"","meta":{"_seopress_robots_primary_cat":"","_seopress_titles_title":"","_seopress_titles_desc":"","_seopress_robots_index":""},"product_brand":[3658],"product_cat":[1471,1453,167],"product_tag":[],"class_list":{"0":"post-420147","1":"product","2":"type-product","3":"status-publish","4":"has-post-thumbnail","6":"product_brand-milwaukee-fr","7":"product_cat-appareils-de-mesure","8":"product_cat-autres-appareils","9":"product_cat-machines","10":"sws-gruppo-macchinari-fr","11":"sws-conto-ricavi-merci-rivendita-macchinari-fr","12":"sws-gruppo-iva-iva81-fr","14":"first","15":"instock","16":"shipping-taxable","17":"purchasable","18":"product-type-simple"},"_links":{"self":[{"href":"https:\/\/lucacastelli.com\/fr\/wp-json\/wp\/v2\/product\/420147","targetHints":{"allow":["GET"]}}],"collection":[{"href":"https:\/\/lucacastelli.com\/fr\/wp-json\/wp\/v2\/product"}],"about":[{"href":"https:\/\/lucacastelli.com\/fr\/wp-json\/wp\/v2\/types\/product"}],"wp:featuredmedia":[{"embeddable":true,"href":"https:\/\/lucacastelli.com\/fr\/wp-json\/wp\/v2\/media\/56440"}],"wp:attachment":[{"href":"https:\/\/lucacastelli.com\/fr\/wp-json\/wp\/v2\/media?parent=420147"}],"wp:term":[{"taxonomy":"product_brand","embeddable":true,"href":"https:\/\/lucacastelli.com\/fr\/wp-json\/wp\/v2\/product_brand?post=420147"},{"taxonomy":"product_cat","embeddable":true,"href":"https:\/\/lucacastelli.com\/fr\/wp-json\/wp\/v2\/product_cat?post=420147"},{"taxonomy":"product_tag","embeddable":true,"href":"https:\/\/lucacastelli.com\/fr\/wp-json\/wp\/v2\/product_tag?post=420147"}],"curies":[{"name":"wp","href":"https:\/\/api.w.org\/{rel}","templated":true}]}}