{"id":420106,"date":"2022-07-07T12:28:12","date_gmt":"2022-07-07T10:28:12","guid":{"rendered":"https:\/\/lucacastelli.com\/prodotto\/couteau-a-dechiqueter-320-3\/"},"modified":"2025-07-25T17:40:03","modified_gmt":"2025-07-25T15:40:03","slug":"couteau-a-dechiqueter-320-3","status":"publish","type":"product","link":"https:\/\/lucacastelli.com\/fr\/produit\/couteau-a-dechiqueter-320-3\/","title":{"rendered":"Couteau \u00e0 d\u00e9chiqueter 320-3"},"content":{"rendered":"<p>OUTILS DE COUPE DU M\u00c9TAL<\/p>\n<p>Couteau \u00e0 d\u00e9chiqueter en acier pour \u00e9claircir et enlever les broussailles et les ronces tenaces.<\/p>\n<p>COUTEAU \u00c0 D\u00c9CHIQUETER 320-3<\/p>\n<p>UTILISABLE PAR :<\/p>\n<p>FR 131 T &#8211; FR 350 &#8211; FR 410 C-E \/ FR 460 TC-E \/ FR 460 TC-EM &#8211; FR 450 &#8211; FR 480<\/p>\n<p>Longueur&nbsp;: 320 mm<br \/>\nTrou central&nbsp;: 25,4 mm<br \/>\n\u00c9paisseur&nbsp;: 3 mm<\/p>\n","protected":false},"excerpt":{"rendered":"<p>OUTILS DE COUPE DU M\u00c9TAL Couteau \u00e0 d\u00e9chiqueter en acier pour \u00e9claircir et enlever les broussailles et les ronces tenaces.<\/p>\n","protected":false},"featured_media":53300,"template":"","meta":{"_seopress_robots_primary_cat":"none","_seopress_titles_title":"","_seopress_titles_desc":"","_seopress_robots_index":""},"product_brand":[3651],"product_cat":[169,1581,1582],"product_tag":[],"class_list":{"0":"post-420106","1":"product","2":"type-product","3":"status-publish","4":"has-post-thumbnail","6":"product_brand-luca-castelli-legnami-de","7":"product_cat-maschinen","8":"product_cat-freischneider-und-trimmer","9":"product_cat-zubehor-und-verbrauchsmaterial-de-3","10":"sws-gruppo-macchinari-fr","11":"sws-conto-ricavi-merci-rivendita-macchinari-fr","12":"sws-gruppo-iva-iva81-fr","14":"first","15":"instock","16":"shipping-taxable","17":"purchasable","18":"product-type-simple"},"_links":{"self":[{"href":"https:\/\/lucacastelli.com\/fr\/wp-json\/wp\/v2\/product\/420106","targetHints":{"allow":["GET"]}}],"collection":[{"href":"https:\/\/lucacastelli.com\/fr\/wp-json\/wp\/v2\/product"}],"about":[{"href":"https:\/\/lucacastelli.com\/fr\/wp-json\/wp\/v2\/types\/product"}],"wp:featuredmedia":[{"embeddable":true,"href":"https:\/\/lucacastelli.com\/fr\/wp-json\/wp\/v2\/media\/53300"}],"wp:attachment":[{"href":"https:\/\/lucacastelli.com\/fr\/wp-json\/wp\/v2\/media?parent=420106"}],"wp:term":[{"taxonomy":"product_brand","embeddable":true,"href":"https:\/\/lucacastelli.com\/fr\/wp-json\/wp\/v2\/product_brand?post=420106"},{"taxonomy":"product_cat","embeddable":true,"href":"https:\/\/lucacastelli.com\/fr\/wp-json\/wp\/v2\/product_cat?post=420106"},{"taxonomy":"product_tag","embeddable":true,"href":"https:\/\/lucacastelli.com\/fr\/wp-json\/wp\/v2\/product_tag?post=420106"}],"curies":[{"name":"wp","href":"https:\/\/api.w.org\/{rel}","templated":true}]}}