{"id":420043,"date":"2023-06-15T17:50:26","date_gmt":"2023-06-15T15:50:26","guid":{"rendered":"https:\/\/lucacastelli.com\/prodotto\/fuel-akku-schlagschrauber-1-2-vierkant-sprengring-m18fmtiw2f12-502x\/"},"modified":"2025-06-29T08:15:01","modified_gmt":"2025-06-29T06:15:01","slug":"fuel-akku-schlagschrauber-1-2-vierkant-sprengring-m18fmtiw2f12-502x","status":"publish","type":"product","link":"https:\/\/lucacastelli.com\/fr\/produit\/fuel-akku-schlagschrauber-1-2-vierkant-sprengring-m18fmtiw2f12-502x\/","title":{"rendered":"FUEL\u2122 Akku-Schlagschrauber 1\/2&#8243; Vierkant Sprengring M18FMTIW2F12-502X"},"content":{"rendered":"<p>FUEL\u2122 Cl\u00e9 \u00e0 chocs sans fil avec entra\u00eenement carr\u00e9 de 1\/2&#8243; avec anneau \u00e9lastique M18FMTIW2F12-502X &#8211; Milwaukee #4933478450 \/ EAN 4058546346416<br \/>\nM18 FUEL\u2122 Cl\u00e9 \u00e0 chocs avec couple de desserrage de 881 Nm et couple de serrage de 745 Nm.<br \/>\nConception extr\u00eamement compacte avec une longueur de seulement 152 mm, id\u00e9ale pour les applications dans des zones difficiles d\u2019acc\u00e8s<br \/>\nDRIVE CONTROL\u2122 permet \u00e0 l\u2019utilisateur de basculer entre les vitesses et de r\u00e9gler le couple.<br \/>\nTravail pr\u00e9cis, aide \u00e0 pr\u00e9venir les dommages \u00e0 la vis et au mat\u00e9riau, pour des performances maximales et les applications les plus difficiles et pour un travail intelligent ; l\u2019outil s\u2019\u00e9teint automatiquement d\u00e8s que le raccordement par vis<br \/>\nest effectu\u00e9 La commande d\u2019arr\u00eat automatique applique un couple de serrage ne d\u00e9passant pas 47 Nm lors du vissage \u00e0 la main, afin d\u2019\u00e9viter un serrage excessif.<br \/>\nTrois LED assurent un \u00e9clairage optimal de la zone de travail<br \/>\nAnneau \u00e9lastique carr\u00e9 de 1\/2 pouce<br \/>\nClip de ceinture<br \/>\nLe moteur brushless POWERSTATE\u2122 de derni\u00e8re g\u00e9n\u00e9ration, l\u2019\u00e9lectronique REDLINK Plus\u2122 et les batteries REDLITHIUM\u2122 offrent des performances puissantes, une longue dur\u00e9e de vie et une longue dur\u00e9e de fonctionnement dans les applications les plus exigeantes<br \/>\nSyst\u00e8me 100&nbsp;% compatible avec la gamme de produits MILWAUKEE-M18\u00ae<\/p>\n","protected":false},"excerpt":{"rendered":"<p>FUEL\u2122 Cl\u00e9 \u00e0 chocs sans fil avec entra\u00eenement carr\u00e9 de 1\/2&#8243; avec anneau \u00e9lastique M18FMTIW2F12-502X &#8211; Milwaukee #4933478450 \/ EAN<\/p>\n","protected":false},"featured_media":56386,"template":"","meta":{"_seopress_robots_primary_cat":"","_seopress_titles_title":"","_seopress_titles_desc":"","_seopress_robots_index":""},"product_brand":[3658],"product_cat":[1453,167,1552],"product_tag":[],"class_list":{"0":"post-420043","1":"product","2":"type-product","3":"status-publish","4":"has-post-thumbnail","6":"product_brand-milwaukee-fr","7":"product_cat-autres-appareils","8":"product_cat-machines","9":"product_cat-perceuses-et-tournevis","11":"first","12":"onbackorder","13":"shipping-taxable","14":"purchasable","15":"product-type-simple"},"_links":{"self":[{"href":"https:\/\/lucacastelli.com\/fr\/wp-json\/wp\/v2\/product\/420043","targetHints":{"allow":["GET"]}}],"collection":[{"href":"https:\/\/lucacastelli.com\/fr\/wp-json\/wp\/v2\/product"}],"about":[{"href":"https:\/\/lucacastelli.com\/fr\/wp-json\/wp\/v2\/types\/product"}],"wp:featuredmedia":[{"embeddable":true,"href":"https:\/\/lucacastelli.com\/fr\/wp-json\/wp\/v2\/media\/56386"}],"wp:attachment":[{"href":"https:\/\/lucacastelli.com\/fr\/wp-json\/wp\/v2\/media?parent=420043"}],"wp:term":[{"taxonomy":"product_brand","embeddable":true,"href":"https:\/\/lucacastelli.com\/fr\/wp-json\/wp\/v2\/product_brand?post=420043"},{"taxonomy":"product_cat","embeddable":true,"href":"https:\/\/lucacastelli.com\/fr\/wp-json\/wp\/v2\/product_cat?post=420043"},{"taxonomy":"product_tag","embeddable":true,"href":"https:\/\/lucacastelli.com\/fr\/wp-json\/wp\/v2\/product_tag?post=420043"}],"curies":[{"name":"wp","href":"https:\/\/api.w.org\/{rel}","templated":true}]}}