{"id":420035,"date":"2023-06-15T16:54:25","date_gmt":"2023-06-15T14:54:25","guid":{"rendered":"https:\/\/lucacastelli.com\/prodotto\/carburant-akku-schlagbohrschrauber-m18fpd3-502x\/"},"modified":"2025-06-29T08:14:49","modified_gmt":"2025-06-29T06:14:49","slug":"carburant-akku-schlagbohrschrauber-m18fpd3-502x","status":"publish","type":"product","link":"https:\/\/lucacastelli.com\/fr\/produit\/carburant-akku-schlagbohrschrauber-m18fpd3-502x\/","title":{"rendered":"CARBURANT\u2122 Akku-Schlagbohrschrauber M18FPD3-502X"},"content":{"rendered":"<p>Perceuse \u00e0 percussion sans fil FUEL\u2122 M18FPD3-502X \/ Milwaukee# 4933479860 &#8211; EAN : 4058546376543<br \/>\nPerformances sup\u00e9rieures en charge &#8211; couple \u00e9lev\u00e9 de 158 Nm.<br \/>\nConception extr\u00eamement compacte avec une longueur de 175 mm pour un acc\u00e8s optimal dans les espaces restreints.<br \/>\nFonction AUTOSTOP\u2122, s\u00e9curit\u00e9 accrue<br \/>\nMandrin en m\u00e9tal de 13 mm pour un changement et un rangement rapides des embouts<br \/>\nVous permet de percer rapidement sous charge<br \/>\n\u00c9clairage LED plus<br \/>\nlumineux du poste de travail L\u2019indicateur de charge de la batterie indique la puissance<br \/>\nrestante Clip de ceinture enti\u00e8rement m\u00e9tallique pour une suspension rapide et facile<br \/>\nde l\u2019outil La surveillance des cellules individuelles de la batterie optimise le temps de fonctionnement de l\u2019outil et garantit une longue dur\u00e9e de vie de la batterie.<br \/>\nL\u2019ADN de notre plateforme FUEL\u2122 red\u00e9finit l\u2019\u00e9quilibre des technologies de batteries. Le moteur brushless MILWAUKEE\u00ae POWERSTATE\u2122, la batterie REDLITHIUM\u2122 et l\u2019intelligence \u00e9lectronique REDLINK PLUS\u2122 garantissent une puissance, une autonomie et une durabilit\u00e9 exceptionnelles.<br \/>\nSyst\u00e8me 100&nbsp;% compatible avec la gamme de produits MILWAUKEE-M18\u00ae <\/p>\n","protected":false},"excerpt":{"rendered":"<p>Perceuse \u00e0 percussion sans fil FUEL\u2122 M18FPD3-502X \/ Milwaukee# 4933479860 &#8211; EAN : 4058546376543 Performances sup\u00e9rieures en charge &#8211; couple<\/p>\n","protected":false},"featured_media":56367,"template":"","meta":{"_seopress_robots_primary_cat":"","_seopress_titles_title":"","_seopress_titles_desc":"","_seopress_robots_index":""},"product_brand":[3407],"product_cat":[29,514],"product_tag":[],"class_list":{"0":"post-420035","1":"product","2":"type-product","3":"status-publish","4":"has-post-thumbnail","6":"product_brand-milwaukee","7":"product_cat-macchinari","8":"product_cat-altri-dispositivi","10":"first","11":"onbackorder","12":"shipping-taxable","13":"purchasable","14":"product-type-simple"},"_links":{"self":[{"href":"https:\/\/lucacastelli.com\/fr\/wp-json\/wp\/v2\/product\/420035","targetHints":{"allow":["GET"]}}],"collection":[{"href":"https:\/\/lucacastelli.com\/fr\/wp-json\/wp\/v2\/product"}],"about":[{"href":"https:\/\/lucacastelli.com\/fr\/wp-json\/wp\/v2\/types\/product"}],"wp:featuredmedia":[{"embeddable":true,"href":"https:\/\/lucacastelli.com\/fr\/wp-json\/wp\/v2\/media\/56367"}],"wp:attachment":[{"href":"https:\/\/lucacastelli.com\/fr\/wp-json\/wp\/v2\/media?parent=420035"}],"wp:term":[{"taxonomy":"product_brand","embeddable":true,"href":"https:\/\/lucacastelli.com\/fr\/wp-json\/wp\/v2\/product_brand?post=420035"},{"taxonomy":"product_cat","embeddable":true,"href":"https:\/\/lucacastelli.com\/fr\/wp-json\/wp\/v2\/product_cat?post=420035"},{"taxonomy":"product_tag","embeddable":true,"href":"https:\/\/lucacastelli.com\/fr\/wp-json\/wp\/v2\/product_tag?post=420035"}],"curies":[{"name":"wp","href":"https:\/\/api.w.org\/{rel}","templated":true}]}}