{"id":420032,"date":"2023-06-15T16:54:58","date_gmt":"2023-06-15T14:54:58","guid":{"rendered":"https:\/\/lucacastelli.com\/prodotto\/carburant-akku-winkelbohrmaschine-m18frad2-0\/"},"modified":"2026-04-17T23:58:02","modified_gmt":"2026-04-17T21:58:02","slug":"carburant-akku-winkelbohrmaschine-m18frad2-0","status":"publish","type":"product","link":"https:\/\/lucacastelli.com\/fr\/produit\/carburant-akku-winkelbohrmaschine-m18frad2-0\/","title":{"rendered":"Perceuse d\u2019angle sans fil FUEL\u2122 M18FRAD2-0"},"content":{"rendered":"<p>Perceuse d\u2019angle sans fil FUEL\u2122 M18FRAD2-0 \/ Milwaukee # 4933471207<br \/>\nLa conception compacte permet de travailler dans des espaces restreints<br \/>\nIndicateur de charge de la batterie et \u00e9clairage LED de la zone de travail<br \/>\nMoteur POWERSTATE\u2122 sans charbons pour une puissance et des performances constantes pour des trous de 150 mm<br \/>\nJusqu\u2019\u00e0 100 trous dans le bois de construction avec une m\u00e8che \u00e0 serpentin de 65 mm avec une seule charge de batterie (5,5 Ah)<br \/>\nAvec embrayage de s\u00e9curit\u00e9<br \/>\nCarter d\u2019engrenage en m\u00e9tal et mandrin \u00e0 cl\u00e9 de 13 mm pour une longue dur\u00e9e de vie<br \/>\nSyst\u00e8me 100 % compatible avec la gamme de produits Milwaukee\u00ae M18\u2122<br \/>\n\u00c0 2 vitesses avec des vitesses diff\u00e9rentes pour diverses applications<br \/>\nCaract\u00e9ristiques techniques :<\/p>\n<p>Batterie Li-Ion<br \/>\nNombre de batteries fournies : 0<br \/>\nNum\u00e9ro d\u2019article 4933471207<br \/>\nCapacit\u00e9 de serrage du mandrin (mm) 13<br \/>\nR\u00e9glages de vitesse : 2<br \/>\nPoids avec batterie (kg) 6,4<br \/>\nChargeur (temps de charge) : &#8211;<br \/>\nVitesse \u00e0 vide en 1\u00e8re vitesse (min-1) 0 &#8211; 500<br \/>\nVitesse \u00e0 vide en 2\u00e8me vitesse (min-1) 0 &#8211; 1550<br \/>\nDiam\u00e8tre max. de per\u00e7age dans le bois &#8211; Scie cloche (mm) 159<br \/>\nDiam\u00e8tre max. de per\u00e7age dans le bois &#8211; M\u00e8che \u00e0 serpentin (mm) 40<br \/>\nDiam\u00e8tre max. de per\u00e7age dans le bois &#8211; M\u00e8che auto-p\u00e9n\u00e9trante (mm) 117<br \/>\nDiam\u00e8tre max. de per\u00e7age dans le bois (mm) 152<br \/>\nDiam\u00e8tre max. de per\u00e7age dans l\u2019acier (mm) 13<br \/>\nCouple maximal (Nm) 122<br \/>\nTension (V) 18<br \/>\n\u00c9tendue de la fourniture :<br \/>\nsans batterie, sans chargeur<\/p>\n","protected":false},"excerpt":{"rendered":"<p>Perceuse d\u2019angle sans fil FUEL\u2122 M18FRAD2-0 \/ Milwaukee # 4933471207 La conception compacte permet de travailler dans des espaces restreints<\/p>\n","protected":false},"featured_media":56372,"template":"","meta":{"_seopress_robots_primary_cat":"none","_seopress_titles_title":"","_seopress_titles_desc":"","_seopress_robots_index":""},"product_brand":[3658],"product_cat":[167,1453,1552],"product_tag":[],"class_list":{"0":"post-420032","1":"product","2":"type-product","3":"status-publish","4":"has-post-thumbnail","6":"product_brand-milwaukee-fr","7":"product_cat-machines","8":"product_cat-autres-appareils","9":"product_cat-perceuses-et-tournevis","10":"sws-gruppo-macchinari-fr","11":"sws-conto-ricavi-merci-rivendita-macchinari-fr","12":"sws-gruppo-iva-iva81-fr","14":"first","15":"instock","16":"sale","17":"shipping-taxable","18":"purchasable","19":"product-type-simple"},"_links":{"self":[{"href":"https:\/\/lucacastelli.com\/fr\/wp-json\/wp\/v2\/product\/420032","targetHints":{"allow":["GET"]}}],"collection":[{"href":"https:\/\/lucacastelli.com\/fr\/wp-json\/wp\/v2\/product"}],"about":[{"href":"https:\/\/lucacastelli.com\/fr\/wp-json\/wp\/v2\/types\/product"}],"wp:featuredmedia":[{"embeddable":true,"href":"https:\/\/lucacastelli.com\/fr\/wp-json\/wp\/v2\/media\/56372"}],"wp:attachment":[{"href":"https:\/\/lucacastelli.com\/fr\/wp-json\/wp\/v2\/media?parent=420032"}],"wp:term":[{"taxonomy":"product_brand","embeddable":true,"href":"https:\/\/lucacastelli.com\/fr\/wp-json\/wp\/v2\/product_brand?post=420032"},{"taxonomy":"product_cat","embeddable":true,"href":"https:\/\/lucacastelli.com\/fr\/wp-json\/wp\/v2\/product_cat?post=420032"},{"taxonomy":"product_tag","embeddable":true,"href":"https:\/\/lucacastelli.com\/fr\/wp-json\/wp\/v2\/product_tag?post=420032"}],"curies":[{"name":"wp","href":"https:\/\/api.w.org\/{rel}","templated":true}]}}