{"id":420030,"date":"2023-06-15T16:43:24","date_gmt":"2023-06-15T14:43:24","guid":{"rendered":"https:\/\/lucacastelli.com\/prodotto\/carburant-akku-bohrschrauber-m18fdd3-502x\/"},"modified":"2025-06-29T08:14:46","modified_gmt":"2025-06-29T06:14:46","slug":"carburant-akku-bohrschrauber-m18fdd3-502x","status":"publish","type":"product","link":"https:\/\/lucacastelli.com\/fr\/produit\/carburant-akku-bohrschrauber-m18fdd3-502x\/","title":{"rendered":"CARBURANT\u2122 Akku-Bohrschrauber M18FDD3-502X"},"content":{"rendered":"<p>Perceuse-visseuse sans fil FUEL\u2122 M18FDD3-502X \/ Milwaukee# 4933479863 &#8211; EAN : 4058546376574<br \/>\nCouple puissant de 158 Nm<br \/>\nLa longueur compacte de 173 mm vous permet de travailler dans des endroits difficiles d\u2019acc\u00e8s<br \/>\nFonction AUTOSTOP\u2122 pour vous prot\u00e9ger contre les couples excessifs et pour une s\u00e9curit\u00e9<br \/>\naccrue Applications de per\u00e7age et de vissage plus rapides sous charge<br \/>\n\u00c9clairage LED du lieu de travail<br \/>\nIndicateur de charge de la<br \/>\n batterie<br \/>\nSurveillance \u00e0 cellule unique pour optimiser la dur\u00e9e de vie et prolonger la dur\u00e9e de vie de la batterie<br \/>\nL\u2019ADN de notre plateforme FUEL\u2122 red\u00e9finit l\u2019\u00e9quilibre des technologies sans fil. Le moteur brushless MILWAUKEE\u00ae POWERSTATE\u2122, la batterie REDLITHIUM\u2122 et l\u2019intelligence \u00e9lectronique REDLINK PLUS\u2122 garantissent une puissance, une autonomie et une durabilit\u00e9 exceptionnelles.<br \/>\n100&nbsp;% compatible avec la gamme de produits MILWAUKEE-M18\u00ae\u2122. <\/p>\n","protected":false},"excerpt":{"rendered":"<p>Perceuse-visseuse sans fil FUEL\u2122 M18FDD3-502X \/ Milwaukee# 4933479863 &#8211; EAN : 4058546376574 Couple puissant de 158 Nm La longueur compacte<\/p>\n","protected":false},"featured_media":56362,"template":"","meta":{"_seopress_robots_primary_cat":"","_seopress_titles_title":"","_seopress_titles_desc":"","_seopress_robots_index":""},"product_brand":[3407],"product_cat":[29,514,549],"product_tag":[],"class_list":{"0":"post-420030","1":"product","2":"type-product","3":"status-publish","4":"has-post-thumbnail","6":"product_brand-milwaukee","7":"product_cat-macchinari","8":"product_cat-altri-dispositivi","9":"product_cat-trapani-e-avvitatori","11":"first","12":"instock","13":"shipping-taxable","14":"purchasable","15":"product-type-simple"},"_links":{"self":[{"href":"https:\/\/lucacastelli.com\/fr\/wp-json\/wp\/v2\/product\/420030","targetHints":{"allow":["GET"]}}],"collection":[{"href":"https:\/\/lucacastelli.com\/fr\/wp-json\/wp\/v2\/product"}],"about":[{"href":"https:\/\/lucacastelli.com\/fr\/wp-json\/wp\/v2\/types\/product"}],"wp:featuredmedia":[{"embeddable":true,"href":"https:\/\/lucacastelli.com\/fr\/wp-json\/wp\/v2\/media\/56362"}],"wp:attachment":[{"href":"https:\/\/lucacastelli.com\/fr\/wp-json\/wp\/v2\/media?parent=420030"}],"wp:term":[{"taxonomy":"product_brand","embeddable":true,"href":"https:\/\/lucacastelli.com\/fr\/wp-json\/wp\/v2\/product_brand?post=420030"},{"taxonomy":"product_cat","embeddable":true,"href":"https:\/\/lucacastelli.com\/fr\/wp-json\/wp\/v2\/product_cat?post=420030"},{"taxonomy":"product_tag","embeddable":true,"href":"https:\/\/lucacastelli.com\/fr\/wp-json\/wp\/v2\/product_tag?post=420030"}],"curies":[{"name":"wp","href":"https:\/\/api.w.org\/{rel}","templated":true}]}}