{"id":420022,"date":"2024-04-26T14:55:02","date_gmt":"2024-04-26T12:55:02","guid":{"rendered":"https:\/\/lucacastelli.com\/prodotto\/carburant-akku-rasenmaher-m18f2lm53-122\/"},"modified":"2025-11-01T14:26:46","modified_gmt":"2025-11-01T13:26:46","slug":"carburant-akku-rasenmaher-m18f2lm53-122","status":"publish","type":"product","link":"https:\/\/lucacastelli.com\/fr\/produit\/carburant-akku-rasenmaher-m18f2lm53-122\/","title":{"rendered":"CARBURANT\u2122 Akku-Rasenm\u00e4her M18F2LM53-122"},"content":{"rendered":"<p>Milwaukee M18 F2LM53-122 Tondeuse \u00e0 gazon sans fil automotrice 53cm 18V 12 Ah Li-Ion 4933479585<br \/>\nDescription du produit<br \/>\nLe plateau de coupe de 53 cm et la conception de la lame en acier, combin\u00e9s \u00e0 la technologie M18 FUEL\u2122, offrent la meilleure qualit\u00e9 de coupe de sa cat\u00e9gorie.<br \/>\nD\u00e9marrage instantan\u00e9 dans les herbes les plus hautes, performances maximales exceptionnelles et excellent couple de d\u00e9marrage pour les applications les plus exigeantes<br \/>\nSyst\u00e8me de gestion de l\u2019herbe 3 en 1 : paillage, ramassage et \u00e9jection arri\u00e8re<br \/>\nR\u00e9glage automatique de la vitesse de la lame en fonction de la puissance requise pour une plus grande efficacit\u00e9<br \/>\nL\u2019autopropulsion r\u00e9glable avec 5 niveaux de vitesse offre une vitesse de coupe allant jusqu\u2019\u00e0 6,4 km\/h<br \/>\nContr\u00f4le actif de la vitesse pour un contr\u00f4le maximal de l\u2019utilisateur<br \/>\nAliment\u00e9 par 2 batteries 18 V pour une puissance et des performances exceptionnelles<br \/>\nTondez des surfaces jusqu\u2019\u00e0 2000 m\u00b2 sur une seule charge gr\u00e2ce \u00e0 deux batteries 12,0 Ah<br \/>\nM18\u2122 HIGH OUTPUT\u2122 L\u2019\u00e9clairage LED \u00e0 l\u2019avant et sur le c\u00f4t\u00e9 assure une visibilit\u00e9 \u00e0 180\u00b0.<br \/>\nHauteur de coupe r\u00e9glable en 7 positions de 2,5 \u00e0 10 cm pour une large gamme d\u2019essences d\u2019herbe<br \/>\nPoign\u00e9es pliables et position verticale pour un transport facile et compact<br \/>\nComprend un bouchon de paillage, un sac de 70 litres et un bouchon de vidange arri\u00e8re<br \/>\nCaract\u00e9ristiques techniques<br \/>\nTension 2x18V<br \/>\nNombre de piles 2<br \/>\nAmp\u00e9rage 12,0 Ah<br \/>\nLargeur de coupe 53 cm<br \/>\nTransmission automotrice<br \/>\nPaillage Oui<br \/>\nRoue avant ? 20,3 cm<br \/>\nRoue arri\u00e8re ? 26,4 cm<br \/>\nPoids avec batterie 38,5 kg<br \/>\nContenu de la livraison<br \/>\n2 batteries lithium-ion<br \/>\nM18 HB12 18V 12Ah Double chargeur M12-18 DFC<br \/>\nDans la bo\u00eete  <\/p>\n","protected":false},"excerpt":{"rendered":"<p>Milwaukee M18 F2LM53-122 Tondeuse \u00e0 gazon sans fil automotrice 53cm 18V 12 Ah Li-Ion 4933479585 Description du produit Le plateau<\/p>\n","protected":false},"featured_media":57900,"template":"","meta":{"_seopress_robots_primary_cat":"","_seopress_titles_title":"","_seopress_titles_desc":"","_seopress_robots_index":""},"product_brand":[3407],"product_cat":[29,262,488],"product_tag":[],"class_list":{"0":"post-420022","1":"product","2":"type-product","3":"status-publish","4":"has-post-thumbnail","6":"product_brand-milwaukee","7":"product_cat-macchinari","8":"product_cat-tosaerba-e-robot","9":"product_cat-tosaerba-a-batteria","10":"sws-gruppo-macchinari-fr","11":"sws-conto-ricavi-merci-rivendita-macchinari-fr","12":"sws-gruppo-iva-iva81-fr","14":"first","15":"instock","16":"shipping-taxable","17":"purchasable","18":"product-type-simple"},"_links":{"self":[{"href":"https:\/\/lucacastelli.com\/fr\/wp-json\/wp\/v2\/product\/420022","targetHints":{"allow":["GET"]}}],"collection":[{"href":"https:\/\/lucacastelli.com\/fr\/wp-json\/wp\/v2\/product"}],"about":[{"href":"https:\/\/lucacastelli.com\/fr\/wp-json\/wp\/v2\/types\/product"}],"wp:featuredmedia":[{"embeddable":true,"href":"https:\/\/lucacastelli.com\/fr\/wp-json\/wp\/v2\/media\/57900"}],"wp:attachment":[{"href":"https:\/\/lucacastelli.com\/fr\/wp-json\/wp\/v2\/media?parent=420022"}],"wp:term":[{"taxonomy":"product_brand","embeddable":true,"href":"https:\/\/lucacastelli.com\/fr\/wp-json\/wp\/v2\/product_brand?post=420022"},{"taxonomy":"product_cat","embeddable":true,"href":"https:\/\/lucacastelli.com\/fr\/wp-json\/wp\/v2\/product_cat?post=420022"},{"taxonomy":"product_tag","embeddable":true,"href":"https:\/\/lucacastelli.com\/fr\/wp-json\/wp\/v2\/product_tag?post=420022"}],"curies":[{"name":"wp","href":"https:\/\/api.w.org\/{rel}","templated":true}]}}