{"id":420020,"date":"2024-02-28T20:57:11","date_gmt":"2024-02-28T19:57:11","guid":{"rendered":"https:\/\/lucacastelli.com\/prodotto\/akku-rucksack-spruhgerat-chemietank-m18bpfp-cst\/"},"modified":"2025-08-01T00:00:14","modified_gmt":"2025-07-31T22:00:14","slug":"akku-rucksack-spruhgerat-chemietank-m18bpfp-cst","status":"publish","type":"product","link":"https:\/\/lucacastelli.com\/fr\/produit\/akku-rucksack-spruhgerat-chemietank-m18bpfp-cst\/","title":{"rendered":"Akku-Rucksack-Spr\u00fchger\u00e4t &#8211; Chemietank M18BPFP-CST"},"content":{"rendered":"<p>100&nbsp;% compatible avec le syst\u00e8me SWITCH TANK<br \/>\nR\u00e9servoir de produits chimiques pour engrais, pesticides, produits phytosanitaires, fongicides, d\u00e9givrants et autres<br \/>\nR\u00e9servoir semi-transparent avec \u00e9chelle de mesure pour un contr\u00f4le facile du niveau<br \/>\nPoign\u00e9e de transport du couvercle avec large ouverture pour un transport facile et un remplissage pratique des liquides dans le r\u00e9servoir<br \/>\nPoign\u00e9e caoutchout\u00e9e avec fonction de verrouillage pour un fonctionnement sans fatigue m\u00eame en cas de travail prolong\u00e9.<br \/>\nPossibilit\u00e9 de ranger la lance pour un transport facile et s\u00fbr<br \/>\nLe tamis int\u00e9gr\u00e9 prot\u00e8ge la cuve contre la p\u00e9n\u00e9tration de salet\u00e9<br \/>\nJet r\u00e9glable d\u2019une port\u00e9e de 7,6 m &#8211; du c\u00f4ne au jet en fonction des exigences de l\u2019application<br \/>\nS\u00e9lection de la pression de service sur 5 niveaux via le bouton de r\u00e9glage<br \/>\nR\u00e9sistant aux UV et aux produits chimiques<br \/>\nEn combinaison avec une batterie de 4,0 Ah, il est possible d\u2019atteindre une autonomie allant jusqu\u2019\u00e0 12 r\u00e9servoirs<\/p>\n<p>Caract\u00e9ristiques techniques&nbsp;:<br \/>\nD\u00e9bit [litres par minute]&nbsp;: 0,4 &#8211; 2,0<br \/>\nPression (bar)&nbsp;: 8,27<br \/>\nCapacit\u00e9 (litres)&nbsp;: 15<br \/>\nLivr\u00e9 en&nbsp;: bo\u00eete en carton<br \/>\nPoids (kg)&nbsp;: 3,6<br \/>\nPression [PSI]&nbsp;: 20 &#8211; 120<br \/>\nLongueur du tuyau [m]&nbsp;: 1,75<br \/>\nDistance de pulv\u00e9risation [m]&nbsp;: 7,6<\/p>\n<p>Contenu de la livraison&nbsp;:<br \/>\nR\u00e9servoir de produits chimiques<br \/>\nTige en acier<br \/>\ninoxydable Buse de ventilateur de buse<br \/>\nr\u00e9glable<br \/>\nAdaptateur de<br \/>\nbuse coud\u00e9 ATTENTION&nbsp;: Unit\u00e9 de r\u00e9servoir uniquement, sans cadre de base, sans piles, sans chargeur<\/p>\n","protected":false},"excerpt":{"rendered":"<p>100&nbsp;% compatible avec le syst\u00e8me SWITCH TANK R\u00e9servoir de produits chimiques pour engrais, pesticides, produits phytosanitaires, fongicides, d\u00e9givrants et autres<\/p>\n","protected":false},"featured_media":57741,"template":"","meta":{"_seopress_robots_primary_cat":"","_seopress_titles_title":"","_seopress_titles_desc":"","_seopress_robots_index":""},"product_brand":[3658],"product_cat":[1567,167,1576],"product_tag":[],"class_list":{"0":"post-420020","1":"product","2":"type-product","3":"status-publish","4":"has-post-thumbnail","6":"product_brand-milwaukee-fr","7":"product_cat-brumisateurs-et-pulverisateurs","8":"product_cat-machines","9":"product_cat-pulverisateurs-fr","10":"sws-gruppo-macchinari-fr","11":"sws-conto-ricavi-merci-rivendita-macchinari-fr","12":"sws-gruppo-iva-iva81-fr","14":"first","15":"onbackorder","16":"shipping-taxable","17":"purchasable","18":"product-type-simple"},"_links":{"self":[{"href":"https:\/\/lucacastelli.com\/fr\/wp-json\/wp\/v2\/product\/420020","targetHints":{"allow":["GET"]}}],"collection":[{"href":"https:\/\/lucacastelli.com\/fr\/wp-json\/wp\/v2\/product"}],"about":[{"href":"https:\/\/lucacastelli.com\/fr\/wp-json\/wp\/v2\/types\/product"}],"wp:featuredmedia":[{"embeddable":true,"href":"https:\/\/lucacastelli.com\/fr\/wp-json\/wp\/v2\/media\/57741"}],"wp:attachment":[{"href":"https:\/\/lucacastelli.com\/fr\/wp-json\/wp\/v2\/media?parent=420020"}],"wp:term":[{"taxonomy":"product_brand","embeddable":true,"href":"https:\/\/lucacastelli.com\/fr\/wp-json\/wp\/v2\/product_brand?post=420020"},{"taxonomy":"product_cat","embeddable":true,"href":"https:\/\/lucacastelli.com\/fr\/wp-json\/wp\/v2\/product_cat?post=420020"},{"taxonomy":"product_tag","embeddable":true,"href":"https:\/\/lucacastelli.com\/fr\/wp-json\/wp\/v2\/product_tag?post=420020"}],"curies":[{"name":"wp","href":"https:\/\/api.w.org\/{rel}","templated":true}]}}