{"id":420017,"date":"2024-02-28T21:10:34","date_gmt":"2024-02-28T20:10:34","guid":{"rendered":"https:\/\/lucacastelli.com\/prodotto\/one-key-akku-blindnietgerat-m18onefprt-0x\/"},"modified":"2025-06-29T08:09:23","modified_gmt":"2025-06-29T06:09:23","slug":"one-key-akku-blindnietgerat-m18onefprt-0x","status":"publish","type":"product","link":"https:\/\/lucacastelli.com\/fr\/produit\/one-key-akku-blindnietgerat-m18onefprt-0x\/","title":{"rendered":"ONE KEY \u2122 Akku-Blindnietger\u00e4t M18ONEFPRT-0X"},"content":{"rendered":"<p>La riveteuse aveugle sans\u2122 fil M18 FUEL\u2122 ONE-KEY est une solution optimis\u00e9e aliment\u00e9e par batterie qui vous permet de riveter rapidement et facilement tout en maintenant les performances et la durabilit\u00e9.<br \/>\nJusqu\u2019\u00e0 900 rivets aveugles en acier inoxydable (4,8 mm) ou jusqu\u2019\u00e0 590 rivets aveugles en acier inoxydable (6,4 mm) avec une charge de batterie M18\u2122 (2,0 Ah)<br \/>\nPour les rivets aveugles en aluminium, en acier, en acier inoxydable et en cuivre entre 4,8 mm et 7,0 mm<br \/>\nLa force de traction de 20 000 N avec une course d\u2019outil de 30 mm permet de r\u00e9aliser sans probl\u00e8me des diam\u00e8tres plus grands<br \/>\nLa conception \u00e0 3 nez en acier alli\u00e9 de qualit\u00e9 sup\u00e9rieure vous permet de travailler de mani\u00e8re productive entre les changements de nez<br \/>\nAcc\u00e8s sans outil pour vider facilement le conteneur. Possibilit\u00e9 de stocker plusieurs nez sur l\u2019appareil<br \/>\nLe contenant transparent permet de voir quand il est plein. Cela permet d\u2019\u00e9viter le colmatage et de r\u00e9duire les temps d\u2019arr\u00eat pour les \u00e9liminer. Dans le m\u00eame temps, des r\u00e9parations co\u00fbteuses sont \u00e9vit\u00e9es.<br \/>\nONE-KEY\u2122 Tool-Tracking and Tool-Security offre une plateforme gratuite de suivi et de gestion des stocks bas\u00e9e sur le cloud pour vos outils. ONE-KEY\u2122 offre \u00e9galement le verrouillage \u00e0 distance de l\u2019outil.<br \/>\nM18 FUEL\u2122 a \u00e9t\u00e9 d\u00e9velopp\u00e9 pour les utilisateurs les plus exigeants. La technologie offre des performances maximales et combine trois composants centraux : le moteur brushless POWERSTATE\u2122, la batterie REDLITHIUM\u2122 et l\u2019\u00e9lectronique\u2122 REDLINK PLUS. En optimisant ces trois technologies MILWAUKEE\u00ae, nous obtenons des performances maximales avec la dur\u00e9e de vie la plus longue possible.<br \/>\n100&nbsp;% compatible avec la gamme de produits MILWAUKEE-M18\u00ae\u2122.      <\/p>\n<p>Caract\u00e9ristiques techniques&nbsp;:<\/p>\n<p>Dimensions (mm) : 317 x 63 x 273<br \/>\nBatterie : Lithium-ion<br \/>\nPoids avec batterie (kg) : 2,5<br \/>\nLongueur de course (mm) : 30<br \/>\nJeu de rivets maximum avec une batterie M18 B2 [mm] : 900 x 4,8 \/ 500 x 6,4<br \/>\nForce de r\u00e9glage maximale (N) : 20 000 Force de serrage (N) : 20 000<br \/>\nDiam\u00e8tre du rivet &#8211; \u00e0 (mm) : 4,8 &#8211; 7,0<br \/>\nTension (V) :  18<\/p>\n<p>\u00c9quipement:<\/p>\n<p>Bo\u00eete HD<br \/>\n\u00e0 outil unique<br \/>\nsans piles, sans chargeur<\/p>\n","protected":false},"excerpt":{"rendered":"<p>La riveteuse aveugle sans\u2122 fil M18 FUEL\u2122 ONE-KEY est une solution optimis\u00e9e aliment\u00e9e par batterie qui vous permet de riveter<\/p>\n","protected":false},"featured_media":57751,"template":"","meta":{"_seopress_robots_primary_cat":"","_seopress_titles_title":"","_seopress_titles_desc":"","_seopress_robots_index":""},"product_brand":[3658],"product_cat":[1453,167,1552],"product_tag":[],"class_list":{"0":"post-420017","1":"product","2":"type-product","3":"status-publish","4":"has-post-thumbnail","6":"product_brand-milwaukee-fr","7":"product_cat-autres-appareils","8":"product_cat-machines","9":"product_cat-perceuses-et-tournevis","11":"first","12":"onbackorder","13":"shipping-taxable","14":"purchasable","15":"product-type-simple"},"_links":{"self":[{"href":"https:\/\/lucacastelli.com\/fr\/wp-json\/wp\/v2\/product\/420017","targetHints":{"allow":["GET"]}}],"collection":[{"href":"https:\/\/lucacastelli.com\/fr\/wp-json\/wp\/v2\/product"}],"about":[{"href":"https:\/\/lucacastelli.com\/fr\/wp-json\/wp\/v2\/types\/product"}],"wp:featuredmedia":[{"embeddable":true,"href":"https:\/\/lucacastelli.com\/fr\/wp-json\/wp\/v2\/media\/57751"}],"wp:attachment":[{"href":"https:\/\/lucacastelli.com\/fr\/wp-json\/wp\/v2\/media?parent=420017"}],"wp:term":[{"taxonomy":"product_brand","embeddable":true,"href":"https:\/\/lucacastelli.com\/fr\/wp-json\/wp\/v2\/product_brand?post=420017"},{"taxonomy":"product_cat","embeddable":true,"href":"https:\/\/lucacastelli.com\/fr\/wp-json\/wp\/v2\/product_cat?post=420017"},{"taxonomy":"product_tag","embeddable":true,"href":"https:\/\/lucacastelli.com\/fr\/wp-json\/wp\/v2\/product_tag?post=420017"}],"curies":[{"name":"wp","href":"https:\/\/api.w.org\/{rel}","templated":true}]}}