{"id":420016,"date":"2023-11-22T17:54:52","date_gmt":"2023-11-22T16:54:52","guid":{"rendered":"https:\/\/lucacastelli.com\/prodotto\/akku-leuchte-m18sal-0\/"},"modified":"2025-06-29T08:07:55","modified_gmt":"2025-06-29T06:07:55","slug":"akku-leuchte-m18sal-0","status":"publish","type":"product","link":"https:\/\/lucacastelli.com\/fr\/produit\/akku-leuchte-m18sal-0\/","title":{"rendered":"Akku-Leuchte M18SAL-0"},"content":{"rendered":"<p>3 niveaux d\u2019\u00e9clairage &#8211; 12 LED<br \/>\nPieds en nylon renforc\u00e9 et r\u00e9sistant aux chocs<br \/>\nTechnologie d\u2019\u00e9clairage TRUEVIEW<br \/>\n12 LED produisent jusqu\u2019\u00e0 2000 lumens au r\u00e9glage le plus \u00e9lev\u00e9, la m\u00eame luminosit\u00e9 qu\u2019une lampe halog\u00e8ne de 250 watts<br \/>\nLa t\u00eate du projecteur r\u00e9sistante aux chocs peut \u00eatre tourn\u00e9e de 230\u00b0 et inclin\u00e9e de 240\u00b0<br \/>\nLa t\u00eate du projecteur peut \u00eatre d\u00e9ploy\u00e9e de 1,10 m \u00e0 2,20 m sur un tr\u00e9pied<br \/>\nJusqu\u2019\u00e0 10 heures d\u2019autonomie au niveau le plus bas, jusqu\u2019\u00e0 6 heures d\u2019autonomie au niveau moyen et jusqu\u2019\u00e0 4 heures d\u2019autonomie au niveau le plus \u00e9lev\u00e9<br \/>\nM\u00e2t extensible de 1,10 m \u00e0 2,20 m<br \/>\nUn cadre de protection sp\u00e9cial s\u00e9curise la t\u00eate du projecteur et la lentille pendant le transport<br \/>\n\u00c9tanche \u00e0 la poussi\u00e8re et aux \u00e9claboussures (classe de protection IP 54)<br \/>\nCentre de gravit\u00e9 bas pour une plus grande stabilit\u00e9<br \/>\nConception pliable avec r\u00e9partition uniforme du poids pour un transport<br \/>\nfacile Syst\u00e8me 100&nbsp;% compatible avec la gamme de produits MILWAUKEE-M18\u00ae\u2122.<\/p>\n<p>Tension [V]&nbsp;: 18<br \/>\nBatterie&nbsp;: lithium-ion<br \/>\nLivr\u00e9 en&nbsp;: bo\u00eete en carton<br \/>\nD\u00e9signation&nbsp;: Variante du mod\u00e8le&nbsp;: M18 SAL-0<br \/>\nPoids avec batterie [kg]&nbsp;: 7,6 (M18 B5)<br \/>\nSyst\u00e8me&nbsp;: M18<br \/>\nTechnologie&nbsp;: TRUEVIEW\u2122<br \/>\nChargeur inclus&nbsp;:Aucun chargeur inclus dans la livraison<br \/>\nBatterie incluse&nbsp;:Pas de batterie incluse dans la livraison<\/p>\n","protected":false},"excerpt":{"rendered":"<p>3 niveaux d\u2019\u00e9clairage &#8211; 12 LED Pieds en nylon renforc\u00e9 et r\u00e9sistant aux chocs Technologie d\u2019\u00e9clairage TRUEVIEW 12 LED produisent<\/p>\n","protected":false},"featured_media":57610,"template":"","meta":{"_seopress_robots_primary_cat":"","_seopress_titles_title":"","_seopress_titles_desc":"","_seopress_robots_index":""},"product_brand":[3407],"product_cat":[29,514,562],"product_tag":[],"class_list":{"0":"post-420016","1":"product","2":"type-product","3":"status-publish","4":"has-post-thumbnail","6":"product_brand-milwaukee","7":"product_cat-macchinari","8":"product_cat-altri-dispositivi","9":"product_cat-fari","11":"first","12":"onbackorder","13":"shipping-taxable","14":"purchasable","15":"product-type-simple"},"_links":{"self":[{"href":"https:\/\/lucacastelli.com\/fr\/wp-json\/wp\/v2\/product\/420016","targetHints":{"allow":["GET"]}}],"collection":[{"href":"https:\/\/lucacastelli.com\/fr\/wp-json\/wp\/v2\/product"}],"about":[{"href":"https:\/\/lucacastelli.com\/fr\/wp-json\/wp\/v2\/types\/product"}],"wp:featuredmedia":[{"embeddable":true,"href":"https:\/\/lucacastelli.com\/fr\/wp-json\/wp\/v2\/media\/57610"}],"wp:attachment":[{"href":"https:\/\/lucacastelli.com\/fr\/wp-json\/wp\/v2\/media?parent=420016"}],"wp:term":[{"taxonomy":"product_brand","embeddable":true,"href":"https:\/\/lucacastelli.com\/fr\/wp-json\/wp\/v2\/product_brand?post=420016"},{"taxonomy":"product_cat","embeddable":true,"href":"https:\/\/lucacastelli.com\/fr\/wp-json\/wp\/v2\/product_cat?post=420016"},{"taxonomy":"product_tag","embeddable":true,"href":"https:\/\/lucacastelli.com\/fr\/wp-json\/wp\/v2\/product_tag?post=420016"}],"curies":[{"name":"wp","href":"https:\/\/api.w.org\/{rel}","templated":true}]}}