{"id":420011,"date":"2023-11-21T20:44:56","date_gmt":"2023-11-21T19:44:56","guid":{"rendered":"https:\/\/lucacastelli.com\/prodotto\/carburant-akku-flachkopf-winkelschleifer-m-bremse-m18fsagf125xb-0x\/"},"modified":"2025-06-29T08:07:40","modified_gmt":"2025-06-29T06:07:40","slug":"carburant-akku-flachkopf-winkelschleifer-m-bremse-m18fsagf125xb-0x","status":"publish","type":"product","link":"https:\/\/lucacastelli.com\/fr\/produit\/carburant-akku-flachkopf-winkelschleifer-m-bremse-m18fsagf125xb-0x\/","title":{"rendered":"CARBURANT\u2122 Akku-Flachkopf-Winkelschleifer m. Bremse M18FSAGF125XB-0X"},"content":{"rendered":"<p>Conception \u00e0 t\u00eate plate : vous permet de travailler \u00e0 des angles allant jusqu\u2019\u00e0 42\u00b0.<br \/>\nRAPIDSTOP\u2122 pour un freinage rapide des disques<br \/>\nSyst\u00e8me de changement rapide FIXTEC\u2122 pour un changement de disque sans<br \/>\noutil Conception \u00e0 t\u00eate plate : permet \u00e0 l\u2019utilisateur de travailler \u00e0 des angles allant jusqu\u2019\u00e0 42\u00b0.<br \/>\nFournit la m\u00eame puissance qu\u2019une meuleuse d\u2019angle filaire 1200<br \/>\nRAPIDSTOP\u2122 pour un freinage rapide \u00e0 disque en moins de 2 secondes pour une protection \u00e9lev\u00e9e de l\u2019utilisateur<br \/>\nPoign\u00e9e lat\u00e9rale anti-vibration pour r\u00e9duire les vibrations<br \/>\nSyst\u00e8me de changement rapide FIXTEC\u2122 pour un changement de disque sans outil<br \/>\nConception mince<br \/>\nProtection anti-poussi\u00e8re rempla\u00e7able pour emp\u00eacher la p\u00e9n\u00e9tration de salet\u00e9 et prolonger la dur\u00e9e de vie du moteur<br \/>\nProtection de 125 mm r\u00e9glable sans outils<br \/>\nProtection contre le red\u00e9marrage pour une protection \u00e9lev\u00e9e de l\u2019utilisateur<br \/>\nLa plate-forme FUEL\u2122 a \u00e9t\u00e9 d\u00e9velopp\u00e9e pour les utilisateurs les plus exigeants. La technologie offre des performances maximales et combine trois composants de base<br \/>\n100&nbsp;% compatibles avec la gamme de produits MILWAUKEE-M18\u00ae\u2122 <\/p>\n<p>Vitesse de ralenti [tr\/min]&nbsp;: 8500<br \/>\nTension [V]&nbsp;: 18<br \/>\nBatterie&nbsp;: Lithium-ion<br \/>\nLivr\u00e9 en&nbsp;:Bo\u00eete HD<br \/>\nDiam\u00e8tre de l\u2019axe&nbsp;: M14<br \/>\n\u00c9quipement standard&nbsp;: d\u00e9gagement rapide, poign\u00e9e lat\u00e9rale AVS, bride, \u00e9crou \u00e0 bride, cl\u00e9, couvercle anti-poussi\u00e8re<br \/>\nD\u00e9signation&nbsp;: Variante du mod\u00e8le&nbsp;: M18 FSAGF125XB-0X<br \/>\nPoids avec batterie [kg]&nbsp;: 2.6 (M18 B5)<br \/>\nProfondeur de coupe [mm]&nbsp;: 2.6 (M18 B5) Profondeur de coupe [mm]&nbsp;:-<br \/>\nSyst\u00e8me : M18<br \/>\nTechnologie&nbsp;: Chargeur de carburant<br \/>\ninclus&nbsp;:Aucun chargeur inclus dans la livraison<br \/>\nBatterie incluse&nbsp;:Pas de batterie incluse dans la livraison<\/p>\n","protected":false},"excerpt":{"rendered":"<p>Conception \u00e0 t\u00eate plate : vous permet de travailler \u00e0 des angles allant jusqu\u2019\u00e0 42\u00b0. RAPIDSTOP\u2122 pour un freinage rapide<\/p>\n","protected":false},"featured_media":57590,"template":"","meta":{"_seopress_robots_primary_cat":"","_seopress_titles_title":"","_seopress_titles_desc":"","_seopress_robots_index":""},"product_brand":[3407],"product_cat":[29,514,555],"product_tag":[],"class_list":{"0":"post-420011","1":"product","2":"type-product","3":"status-publish","4":"has-post-thumbnail","6":"product_brand-milwaukee","7":"product_cat-macchinari","8":"product_cat-altri-dispositivi","9":"product_cat-smerigliatrici","11":"first","12":"onbackorder","13":"shipping-taxable","14":"purchasable","15":"product-type-simple"},"_links":{"self":[{"href":"https:\/\/lucacastelli.com\/fr\/wp-json\/wp\/v2\/product\/420011","targetHints":{"allow":["GET"]}}],"collection":[{"href":"https:\/\/lucacastelli.com\/fr\/wp-json\/wp\/v2\/product"}],"about":[{"href":"https:\/\/lucacastelli.com\/fr\/wp-json\/wp\/v2\/types\/product"}],"wp:featuredmedia":[{"embeddable":true,"href":"https:\/\/lucacastelli.com\/fr\/wp-json\/wp\/v2\/media\/57590"}],"wp:attachment":[{"href":"https:\/\/lucacastelli.com\/fr\/wp-json\/wp\/v2\/media?parent=420011"}],"wp:term":[{"taxonomy":"product_brand","embeddable":true,"href":"https:\/\/lucacastelli.com\/fr\/wp-json\/wp\/v2\/product_brand?post=420011"},{"taxonomy":"product_cat","embeddable":true,"href":"https:\/\/lucacastelli.com\/fr\/wp-json\/wp\/v2\/product_cat?post=420011"},{"taxonomy":"product_tag","embeddable":true,"href":"https:\/\/lucacastelli.com\/fr\/wp-json\/wp\/v2\/product_tag?post=420011"}],"curies":[{"name":"wp","href":"https:\/\/api.w.org\/{rel}","templated":true}]}}