{"id":420010,"date":"2023-11-21T21:10:49","date_gmt":"2023-11-21T20:10:49","guid":{"rendered":"https:\/\/lucacastelli.com\/prodotto\/carburant-heckenscheren-aufsatz-m18foph-hta\/"},"modified":"2025-06-29T08:07:51","modified_gmt":"2025-06-29T06:07:51","slug":"carburant-heckenscheren-aufsatz-m18foph-hta","status":"publish","type":"product","link":"https:\/\/lucacastelli.com\/fr\/produit\/carburant-heckenscheren-aufsatz-m18foph-hta\/","title":{"rendered":"CARBURANT\u2122 Heckenscheren-Aufsatz M18FOPH-HTA"},"content":{"rendered":"<p>Compatible avec le syst\u00e8me de montage QUIK-LOK\u2122 de la t\u00eate \u00e9lectrique ext\u00e9rieure Milwaukee\u00ae M18 FUEL\u2122.<br \/>\nHaute performance pour la coupe de branches jusqu\u2019\u00e0 25 mm<br \/>\nLongueur de coupe de 508 mm pour une port\u00e9e et une productivit\u00e9<br \/>\naccrues La t\u00eate articul\u00e9e offre 12 positions de 0\u00b0 \u00e0 270\u00b0 pour obtenir l\u2019angle d\u2019inclinaison le plus confortable pour l\u2019utilisateur et pour couper facilement la hauteur de la haie.<br \/>\nLe fil de coupe est prot\u00e9g\u00e9 par des pointes qui emp\u00eachent le contact avec des objets durs tels que des cl\u00f4tures.<br \/>\nLe prot\u00e8ge-lame entoure compl\u00e8tement la lame pour un stockage et un transport en toute s\u00e9curit\u00e9.<br \/>\nPeut \u00eatre utilis\u00e9 avec l\u2019accessoire d\u2019extension de 91 cm pour une port\u00e9e maximale<br \/>\nCaract\u00e9ristiques techniques&nbsp;:<\/p>\n<p>Num\u00e9ro d\u2019article 4932464959<br \/>\nPoids (kg) 2.6<br \/>\nCourse (\/min) 0 &#8211; 3500<br \/>\nCapacit\u00e9 1<br \/>\nLongueur (cm) 152.4<br \/>\nChargeur (temps de charge) &#8211;<br \/>\nVitesse de ralenti en 1\u00e8re vitesse (min-1) 0 &#8211; 2800<br \/>\nVitesse de ralenti en 2\u00e8me vitesse (min-1) 0 &#8211; 3500<br \/>\nCapacit\u00e9 de coupe max. Capacit\u00e9 de coupe Capacit\u00e9 de coupe [mm] 25<br \/>\nDistance entre les lames [mm] 25<br \/>\nLongueur de coupe [mm] 508 <\/p>\n","protected":false},"excerpt":{"rendered":"<p>Compatible avec le syst\u00e8me de montage QUIK-LOK\u2122 de la t\u00eate \u00e9lectrique ext\u00e9rieure Milwaukee\u00ae M18 FUEL\u2122. Haute performance pour la coupe<\/p>\n","protected":false},"featured_media":57607,"template":"","meta":{"_seopress_robots_primary_cat":"","_seopress_titles_title":"","_seopress_titles_desc":"","_seopress_robots_index":""},"product_brand":[3407],"product_cat":[29,296,297],"product_tag":[],"class_list":{"0":"post-420010","1":"product","2":"type-product","3":"status-publish","4":"has-post-thumbnail","6":"product_brand-milwaukee","7":"product_cat-macchinari","8":"product_cat-sistemi-kombi-e-multi","9":"product_cat-accessori-e-materiale-di-consumo-sistemi-kombi-e-multi","11":"first","12":"instock","13":"shipping-taxable","14":"purchasable","15":"product-type-simple"},"_links":{"self":[{"href":"https:\/\/lucacastelli.com\/fr\/wp-json\/wp\/v2\/product\/420010","targetHints":{"allow":["GET"]}}],"collection":[{"href":"https:\/\/lucacastelli.com\/fr\/wp-json\/wp\/v2\/product"}],"about":[{"href":"https:\/\/lucacastelli.com\/fr\/wp-json\/wp\/v2\/types\/product"}],"wp:featuredmedia":[{"embeddable":true,"href":"https:\/\/lucacastelli.com\/fr\/wp-json\/wp\/v2\/media\/57607"}],"wp:attachment":[{"href":"https:\/\/lucacastelli.com\/fr\/wp-json\/wp\/v2\/media?parent=420010"}],"wp:term":[{"taxonomy":"product_brand","embeddable":true,"href":"https:\/\/lucacastelli.com\/fr\/wp-json\/wp\/v2\/product_brand?post=420010"},{"taxonomy":"product_cat","embeddable":true,"href":"https:\/\/lucacastelli.com\/fr\/wp-json\/wp\/v2\/product_cat?post=420010"},{"taxonomy":"product_tag","embeddable":true,"href":"https:\/\/lucacastelli.com\/fr\/wp-json\/wp\/v2\/product_tag?post=420010"}],"curies":[{"name":"wp","href":"https:\/\/api.w.org\/{rel}","templated":true}]}}