{"id":420008,"date":"2023-11-21T20:56:58","date_gmt":"2023-11-21T19:56:58","guid":{"rendered":"https:\/\/lucacastelli.com\/prodotto\/akku-kompressor-m18bi-0\/"},"modified":"2025-06-29T08:07:44","modified_gmt":"2025-06-29T06:07:44","slug":"akku-kompressor-m18bi-0","status":"publish","type":"product","link":"https:\/\/lucacastelli.com\/fr\/produit\/akku-kompressor-m18bi-0\/","title":{"rendered":"Akku-Kompressor M18BI-0"},"content":{"rendered":"<p>Compresseur compact et l\u00e9ger aliment\u00e9 par batterie pour le gonflage rapide des pneus des voitures, des camions l\u00e9gers et des petites<br \/>\nmachines Capacit\u00e9 maximale de 10,3 bar<br \/>\nLa fonction d\u2019arr\u00eat automatique se gonfle \u00e0 la pression pr\u00e9s\u00e9lectionn\u00e9e par l\u2019utilisateur, assurant ainsi un haut niveau de pr\u00e9cision.<br \/>\nCompresseur compact et l\u00e9ger aliment\u00e9 par batterie pour le gonflage rapide des pneus de voitures, de camions et de petites voitures. Remplit les pneus 235\/65R16 Sprinter en<br \/>\nLe support anti-vibration avec pieds en caoutchouc solide emp\u00eache tout mouvement lors du gonflage des pneus<br \/>\nGonflez jusqu\u2019\u00e0 30 pneus avec une batterie M18 5.0<br \/>\nCapacit\u00e9 maximale de 10,3 bar<br \/>\nContr\u00f4le automatique de la pression pour s\u2019assurer que la cible de la barre<br \/>\nest atteinte Fonction d\u2019arr\u00eat automatique : L\u2019appareil s\u2019\u00e9teint automatiquement une fois que la pression pr\u00e9d\u00e9finie est atteinte.<br \/>\nLivr\u00e9 : aiguille \u00e0 bille, adaptateur de valve Presta, buse de gonflage et adaptateur de valve Schrader<br \/>\n4 m\u00e9moires de barres pr\u00e9r\u00e9gl\u00e9es et 3 unit\u00e9s<br \/>\nde mesure \u00c9cran LCD \u00e9clair\u00e9 avec affichage num\u00e9rique de la pression et indicateur d\u2019\u00e9tat de la batterie<br \/>\nSyst\u00e8me de batterie flexible : compatible avec toutes les batteries MILWAUKEE\u00ae M18\u2122.<\/p>\n<p>Tension [V]&nbsp;: 18<br \/>\nBatterie&nbsp;: Lithium-ion<br \/>\nLivr\u00e9 en&nbsp;: bo\u00eete en carton<br \/>\n\u00c9quipement standard | La livraison comprend : 1x aiguille \u00e0 bille, 1x adaptateur pour valve Presta, 1x buse de gonflage et 1x adaptateur pour valve Schrader<br \/>\nD\u00e9signation&nbsp;: Variante du mod\u00e8le&nbsp;: M18 BI-0<br \/>\nPoids avec batterie [kg]&nbsp;: 4,8 (M18 HB12)<br \/>\nSyst\u00e8me&nbsp;: M18<br \/>\nTechnologie&nbsp;: Bross\u00e9<br \/>\nChargeur de batterie inclus&nbsp;:Pas de chargeur inclus dans la livraison<br \/>\nBatterie incluse&nbsp;:Pas de batterie incluse dans la livraison<\/p>\n","protected":false},"excerpt":{"rendered":"<p>Compresseur compact et l\u00e9ger aliment\u00e9 par batterie pour le gonflage rapide des pneus des voitures, des camions l\u00e9gers et des<\/p>\n","protected":false},"featured_media":57597,"template":"","meta":{"_seopress_robots_primary_cat":"","_seopress_titles_title":"","_seopress_titles_desc":"","_seopress_robots_index":""},"product_brand":[3407],"product_cat":[29,514,561],"product_tag":[],"class_list":{"0":"post-420008","1":"product","2":"type-product","3":"status-publish","4":"has-post-thumbnail","6":"product_brand-milwaukee","7":"product_cat-macchinari","8":"product_cat-altri-dispositivi","9":"product_cat-compressori","11":"first","12":"onbackorder","13":"shipping-taxable","14":"purchasable","15":"product-type-simple"},"_links":{"self":[{"href":"https:\/\/lucacastelli.com\/fr\/wp-json\/wp\/v2\/product\/420008","targetHints":{"allow":["GET"]}}],"collection":[{"href":"https:\/\/lucacastelli.com\/fr\/wp-json\/wp\/v2\/product"}],"about":[{"href":"https:\/\/lucacastelli.com\/fr\/wp-json\/wp\/v2\/types\/product"}],"wp:featuredmedia":[{"embeddable":true,"href":"https:\/\/lucacastelli.com\/fr\/wp-json\/wp\/v2\/media\/57597"}],"wp:attachment":[{"href":"https:\/\/lucacastelli.com\/fr\/wp-json\/wp\/v2\/media?parent=420008"}],"wp:term":[{"taxonomy":"product_brand","embeddable":true,"href":"https:\/\/lucacastelli.com\/fr\/wp-json\/wp\/v2\/product_brand?post=420008"},{"taxonomy":"product_cat","embeddable":true,"href":"https:\/\/lucacastelli.com\/fr\/wp-json\/wp\/v2\/product_cat?post=420008"},{"taxonomy":"product_tag","embeddable":true,"href":"https:\/\/lucacastelli.com\/fr\/wp-json\/wp\/v2\/product_tag?post=420008"}],"curies":[{"name":"wp","href":"https:\/\/api.w.org\/{rel}","templated":true}]}}