{"id":420005,"date":"2023-11-21T20:30:41","date_gmt":"2023-11-21T19:30:41","guid":{"rendered":"https:\/\/lucacastelli.com\/prodotto\/fuel-akku-schlagschrauber-1-2-vierkant-pin-m18fhiwp12-0x\/"},"modified":"2025-06-29T08:07:43","modified_gmt":"2025-06-29T06:07:43","slug":"fuel-akku-schlagschrauber-1-2-vierkant-pin-m18fhiwp12-0x","status":"publish","type":"product","link":"https:\/\/lucacastelli.com\/fr\/produit\/fuel-akku-schlagschrauber-1-2-vierkant-pin-m18fhiwp12-0x\/","title":{"rendered":"FUEL\u2122 Akku-Schlagschrauber 1\/2&#8243; Vierkant PIN M18FHIWP12-0X"},"content":{"rendered":"<p>Couple puissant de 1 017 Nm dans un design compact : seulement 206 mm de longueur<br \/>\nDRIVE CONTROL\u2122 vous permet de passer rapidement d\u2019un niveau de commutation \u00e0 l\u2019autre avec diff\u00e9rents r\u00e9glages de vitesse et de couple<br \/>\nNiveau 4 &#8211; pour un m\u00e9lange optimal de puissance et de pr\u00e9cision dans le desserrage des vis<br \/>\nDouille \u00e0 broches 1\/2&#8221;<br \/>\n \u00c9clairage LED de la zone de travail<br \/>\nPOWERSTATE\u2122 Le moteur sans balais pour une plus grande efficacit\u00e9, une dur\u00e9e de fonctionnement plus longue et une dur\u00e9e de vie plus longue<br \/>\nL\u2019\u00e9lectronique REDLINK PLUS\u2122 offre une protection num\u00e9rique avanc\u00e9e contre les surcharges de la machine et de la batterie, maintenant la puissance constante en charge.<br \/>\nLa batterie REDLITHIUM-ION\u2122 offre une conception parfaitement calibr\u00e9e, une \u00e9lectronique avanc\u00e9e et une alimentation sans perte, pour une dur\u00e9e de vie plus longue de l\u2019outil et une dur\u00e9e de vie plus longue par rapport aux mod\u00e8les pr\u00e9c\u00e9dents.<br \/>\nPoign\u00e9e avec rev\u00eatement souple<br \/>\nSyst\u00e8me 100&nbsp;% compatible avec Milwaukee\u00ae M18<\/p>\n<p>Caract\u00e9ristiques techniques&nbsp;:<\/p>\n<p>Batterie lithium-ion<br \/>\nNum\u00e9ro d\u2019article 4933459692<br \/>\nLivr\u00e9 dans une bo\u00eete HD<br \/>\nPoids avec batterie (kg) 3.2<br \/>\nVitesse minimale (min-1) 0-950\/0-1500\/0-1800\/0-1800<br \/>\nCouple max. Couple [Nm] 190\/400\/1017\/1017<br \/>\nCouple de d\u00e9verrouillage maximal [Nm] 1491 Couple de d\u00e9verrouillage [Nm] 1491<br \/>\nDiam\u00e8tre maximal de la vis Diam\u00e8tre de la vis M24<br \/>\nVitesse d\u2019impact (min-1) 0-1150\/0-2100\/0-2400\/0-2400<br \/>\nTension (V) 18 <\/p>\n<p>Contenu de la livraison<br \/>\nsans batterie, sans chargeur, bo\u00eetier HD<\/p>\n","protected":false},"excerpt":{"rendered":"<p>Couple puissant de 1 017 Nm dans un design compact : seulement 206 mm de longueur DRIVE CONTROL\u2122 vous permet<\/p>\n","protected":false},"featured_media":57585,"template":"","meta":{"_seopress_robots_primary_cat":"","_seopress_titles_title":"","_seopress_titles_desc":"","_seopress_robots_index":""},"product_brand":[3658],"product_cat":[1453,167,1552],"product_tag":[],"class_list":{"0":"post-420005","1":"product","2":"type-product","3":"status-publish","4":"has-post-thumbnail","6":"product_brand-milwaukee-fr","7":"product_cat-autres-appareils","8":"product_cat-machines","9":"product_cat-perceuses-et-tournevis","11":"first","12":"onbackorder","13":"shipping-taxable","14":"purchasable","15":"product-type-simple"},"_links":{"self":[{"href":"https:\/\/lucacastelli.com\/fr\/wp-json\/wp\/v2\/product\/420005","targetHints":{"allow":["GET"]}}],"collection":[{"href":"https:\/\/lucacastelli.com\/fr\/wp-json\/wp\/v2\/product"}],"about":[{"href":"https:\/\/lucacastelli.com\/fr\/wp-json\/wp\/v2\/types\/product"}],"wp:featuredmedia":[{"embeddable":true,"href":"https:\/\/lucacastelli.com\/fr\/wp-json\/wp\/v2\/media\/57585"}],"wp:attachment":[{"href":"https:\/\/lucacastelli.com\/fr\/wp-json\/wp\/v2\/media?parent=420005"}],"wp:term":[{"taxonomy":"product_brand","embeddable":true,"href":"https:\/\/lucacastelli.com\/fr\/wp-json\/wp\/v2\/product_brand?post=420005"},{"taxonomy":"product_cat","embeddable":true,"href":"https:\/\/lucacastelli.com\/fr\/wp-json\/wp\/v2\/product_cat?post=420005"},{"taxonomy":"product_tag","embeddable":true,"href":"https:\/\/lucacastelli.com\/fr\/wp-json\/wp\/v2\/product_tag?post=420005"}],"curies":[{"name":"wp","href":"https:\/\/api.w.org\/{rel}","templated":true}]}}