{"id":420001,"date":"2023-11-02T14:34:13","date_gmt":"2023-11-02T13:34:13","guid":{"rendered":"https:\/\/lucacastelli.com\/prodotto\/akku-kartuschenpresse-m12pcg310c-0\/"},"modified":"2025-06-29T08:14:07","modified_gmt":"2025-06-29T06:14:07","slug":"akku-kartuschenpresse-m12pcg310c-0","status":"publish","type":"product","link":"https:\/\/lucacastelli.com\/fr\/produit\/akku-kartuschenpresse-m12pcg310c-0\/","title":{"rendered":"Akku-Kartuschenpresse M12PCG310C-0"},"content":{"rendered":"<p>Pression d\u2019extraction jusqu\u2019\u00e0 182 kg<br \/>\n\u00c9lectronique REDLINK\u2122 &#8211; la protection contre les surcharges de la machine et de la batterie assure une longue dur\u00e9e de vie<br \/>\nOptimis\u00e9 pour tous les adh\u00e9sifs et produits d\u2019\u00e9tanch\u00e9it\u00e9 courants<br \/>\nLe retour automatique de la barre de pression emp\u00eache la formation de gouttelettes<br \/>\nContr\u00f4le \u00e9lectronique de la vitesse d\u2019extraction de jus via une molette de r\u00e9glage<br \/>\nBroche int\u00e9gr\u00e9e pour percer les ouvertures des cartouches coll\u00e9es<br \/>\nSurveillance d\u2019une seule cellule pour optimiser la dur\u00e9e de vie et prolonger l\u2019autonomie de la batterie<br \/>\nIndicateur de niveau de charge de la<br \/>\nbatterie La batterie REDLITHIUM\u2122 offre une conception parfaitement calibr\u00e9e, une \u00e9lectronique avanc\u00e9e et une alimentation sans perte pour une dur\u00e9e de vie plus longue.<br \/>\n100&nbsp;% compatible avec la gamme de produits MILWAUKEE-M12\u00ae\u2122.<\/p>\n<p>Tension [V]&nbsp;: 12<br \/>\nBatterie&nbsp;: lithium-ion<br \/>\nLivr\u00e9 en&nbsp;: bo\u00eete en carton<br \/>\n\u00c9quipement standard [inclus dans la livraison]&nbsp;: Porte-cartouche de 310 ml, tige de pouss\u00e9e<br \/>\nD\u00e9signation&nbsp;: Variante du mod\u00e8le&nbsp;: M12 PCG\/310C-0<br \/>\nPoids avec batterie [kg]&nbsp;: 1.9 (M12 B2)<br \/>\nSyst\u00e8me&nbsp;: M12<br \/>\nTechnologie&nbsp;: Bross\u00e9<br \/>\nChargeur inclus&nbsp;:Pas de chargeur inclus<br \/>\nBatterie incluse&nbsp;:Non batterie incluse<\/p>\n","protected":false},"excerpt":{"rendered":"<p>Pression d\u2019extraction jusqu\u2019\u00e0 182 kg \u00c9lectronique REDLINK\u2122 &#8211; la protection contre les surcharges de la machine et de la batterie<\/p>\n","protected":false},"featured_media":57419,"template":"","meta":{"_seopress_robots_primary_cat":"","_seopress_titles_title":"","_seopress_titles_desc":"","_seopress_robots_index":""},"product_brand":[3658],"product_cat":[167,1453],"product_tag":[],"class_list":{"0":"post-420001","1":"product","2":"type-product","3":"status-publish","4":"has-post-thumbnail","6":"product_brand-milwaukee-fr","7":"product_cat-machines","8":"product_cat-autres-appareils","10":"first","11":"onbackorder","12":"shipping-taxable","13":"purchasable","14":"product-type-simple"},"_links":{"self":[{"href":"https:\/\/lucacastelli.com\/fr\/wp-json\/wp\/v2\/product\/420001","targetHints":{"allow":["GET"]}}],"collection":[{"href":"https:\/\/lucacastelli.com\/fr\/wp-json\/wp\/v2\/product"}],"about":[{"href":"https:\/\/lucacastelli.com\/fr\/wp-json\/wp\/v2\/types\/product"}],"wp:featuredmedia":[{"embeddable":true,"href":"https:\/\/lucacastelli.com\/fr\/wp-json\/wp\/v2\/media\/57419"}],"wp:attachment":[{"href":"https:\/\/lucacastelli.com\/fr\/wp-json\/wp\/v2\/media?parent=420001"}],"wp:term":[{"taxonomy":"product_brand","embeddable":true,"href":"https:\/\/lucacastelli.com\/fr\/wp-json\/wp\/v2\/product_brand?post=420001"},{"taxonomy":"product_cat","embeddable":true,"href":"https:\/\/lucacastelli.com\/fr\/wp-json\/wp\/v2\/product_cat?post=420001"},{"taxonomy":"product_tag","embeddable":true,"href":"https:\/\/lucacastelli.com\/fr\/wp-json\/wp\/v2\/product_tag?post=420001"}],"curies":[{"name":"wp","href":"https:\/\/api.w.org\/{rel}","templated":true}]}}