{"id":419999,"date":"2023-11-06T18:53:32","date_gmt":"2023-11-06T17:53:32","guid":{"rendered":"https:\/\/lucacastelli.com\/prodotto\/carburant-akku-kombihammer-m18fhm-121c\/"},"modified":"2025-06-29T08:07:31","modified_gmt":"2025-06-29T06:07:31","slug":"carburant-akku-kombihammer-m18fhm-121c","status":"publish","type":"product","link":"https:\/\/lucacastelli.com\/fr\/produit\/carburant-akku-kombihammer-m18fhm-121c\/","title":{"rendered":"CARBURANT\u2122 Akku-Kombihammer M18FHM-121C"},"content":{"rendered":"<p>AUTOSTOP : \u2122 contr\u00f4le maximal, s\u00e9curit\u00e9 de travail avanc\u00e9e<br \/>\nVerrouillage continu de la course pour les travaux de burinage<br \/>\nTechnologie ONE-KEY<br \/>\nLe M18\u2122FHM combine la puissance d\u2019une machine SDS-max affleurante avec la flexibilit\u00e9 de notre syst\u00e8me de batterie M18\u2122.<br \/>\nLe syst\u00e8me HIGH OUTPUT\u2122 porte les technologies M18 FUEL\u2122 \u00e0 un nouveau niveau de performance. ONE-KEY<br \/>\n\u2122 Tool Tracking and Tool Security fournit une plateforme gratuite de suivi et de gestion des stocks bas\u00e9e sur le cloud pour vos outils. ONE-KEY<br \/>\nPour la protection de l\u2019utilisateur, AUTOSTOP\u2122 \u00e9teint la machine en cas de mouvement saccad\u00e9 jusqu\u2019\u00e0 45\u00b0.<br \/>\nVerrouillage continu de la course pour les travaux de burinage<br \/>\nPoign\u00e9e lat\u00e9rale longue et amortissante des vibrations pour des applications ergonomiques \u00e0 deux mains<br \/>\nLe voyant lumineux indique l\u2019intervalle d\u2019entretien<br \/>\n\u00e0 venir Poign\u00e9e lat\u00e9rale anti-vibration pour r\u00e9duire l\u2019exposition aux vibrations<br \/>\nSyst\u00e8me 100&nbsp;% compatible avec la gamme de produits MILWAUKEE-M18\u00ae  <\/p>\n<p>Vitesse \u00e0 vide [tr\/min]&nbsp;: 0 &#8211; 380<br \/>\nTension [V]&nbsp;: 18<br \/>\nBatterie&nbsp;: Lithium-ion<br \/>\nLivr\u00e9 en&nbsp;:Mallette<br \/>\nde transport D\u00e9signation&nbsp;: Variante du mod\u00e8le&nbsp;: M18 FHM-121C<br \/>\nPoids avec batterie [kg]&nbsp;: 10.2 (M18 HB12)<br \/>\nDiam\u00e8tre maximum de per\u00e7age dans le b\u00e9ton [mm]&nbsp;: 10.2 Diam\u00e8tre de per\u00e7age dans le b\u00e9ton [mm]&nbsp;: 45<br \/>\n\u00c9nergie d\u2019impact [EPTA] [J]&nbsp;: 11.0<br \/>\nSyst\u00e8me&nbsp;: M18<br \/>\nTechnologie&nbsp;: Chargeur de carburant<br \/>\ninclus&nbsp;: Batterie M12-18 FC<br \/>\nincluse : 1 x M18 HB12<\/p>\n","protected":false},"excerpt":{"rendered":"<p>AUTOSTOP : \u2122 contr\u00f4le maximal, s\u00e9curit\u00e9 de travail avanc\u00e9e Verrouillage continu de la course pour les travaux de burinage Technologie<\/p>\n","protected":false},"featured_media":57493,"template":"","meta":{"_seopress_robots_primary_cat":"","_seopress_titles_title":"","_seopress_titles_desc":"","_seopress_robots_index":""},"product_brand":[3407],"product_cat":[29,514,549],"product_tag":[],"class_list":{"0":"post-419999","1":"product","2":"type-product","3":"status-publish","4":"has-post-thumbnail","6":"product_brand-milwaukee","7":"product_cat-macchinari","8":"product_cat-altri-dispositivi","9":"product_cat-trapani-e-avvitatori","11":"first","12":"onbackorder","13":"shipping-taxable","14":"purchasable","15":"product-type-simple"},"_links":{"self":[{"href":"https:\/\/lucacastelli.com\/fr\/wp-json\/wp\/v2\/product\/419999","targetHints":{"allow":["GET"]}}],"collection":[{"href":"https:\/\/lucacastelli.com\/fr\/wp-json\/wp\/v2\/product"}],"about":[{"href":"https:\/\/lucacastelli.com\/fr\/wp-json\/wp\/v2\/types\/product"}],"wp:featuredmedia":[{"embeddable":true,"href":"https:\/\/lucacastelli.com\/fr\/wp-json\/wp\/v2\/media\/57493"}],"wp:attachment":[{"href":"https:\/\/lucacastelli.com\/fr\/wp-json\/wp\/v2\/media?parent=419999"}],"wp:term":[{"taxonomy":"product_brand","embeddable":true,"href":"https:\/\/lucacastelli.com\/fr\/wp-json\/wp\/v2\/product_brand?post=419999"},{"taxonomy":"product_cat","embeddable":true,"href":"https:\/\/lucacastelli.com\/fr\/wp-json\/wp\/v2\/product_cat?post=419999"},{"taxonomy":"product_tag","embeddable":true,"href":"https:\/\/lucacastelli.com\/fr\/wp-json\/wp\/v2\/product_tag?post=419999"}],"curies":[{"name":"wp","href":"https:\/\/api.w.org\/{rel}","templated":true}]}}