{"id":419993,"date":"2023-11-06T18:53:59","date_gmt":"2023-11-06T17:53:59","guid":{"rendered":"https:\/\/lucacastelli.com\/prodotto\/carburant-akku-bohrschrauber-m18fdd3-0x\/"},"modified":"2025-06-29T08:07:28","modified_gmt":"2025-06-29T06:07:28","slug":"carburant-akku-bohrschrauber-m18fdd3-0x","status":"publish","type":"product","link":"https:\/\/lucacastelli.com\/fr\/produit\/carburant-akku-bohrschrauber-m18fdd3-0x\/","title":{"rendered":"CARBURANT\u2122 Akku-Bohrschrauber M18FDD3-0X"},"content":{"rendered":"<p>Dimensions compactes avec une longueur de 173 mm<br \/>\nMandrin nouvellement con\u00e7u pour am\u00e9liorer la prise en main du foret et de la perceuse<br \/>\n\u00c9clairage LED du poste de travail<br \/>\nCouple puissant de 158 Nm<br \/>\nLes dimensions compactes de 173 mm de long vous permettent de travailler m\u00eame dans des endroits difficiles d\u2019acc\u00e8s<br \/>\nFonction AUTOSTOP\u2122 pour prot\u00e9ger contre le serrage excessif et pour plus de s\u00e9curit\u00e9<br \/>\nApplications de per\u00e7age et de vissage plus rapides sous charge<br \/>\n\u00c9clairage LED du poste de travail<br \/>\nIndicateur de niveau de charge<br \/>\nde la batterie Clip de ceinture<br \/>\nen m\u00e9tal Surveillance \u00e0 cellule unique pour optimiser l\u2019autonomie de la batterie et prolonger l\u2019autonomie de la batterie<br \/>\nL\u2019ADN de notre plateforme FUEL\u2122 red\u00e9finit l\u2019\u00e9quilibre des technologies sans fil. Moteur brushless POWERSTATE\u2122 de MILWAUKEE, syst\u00e8me RED<br \/>\nSystem 100&nbsp;% compatible avec la gamme de produits MILWAUKEE-M18\u00ae\u2122. \u00ae <\/p>\n<p>Tension [V]&nbsp;: 18<br \/>\nBatterie&nbsp;: Lithium-ion<br \/>\nLivr\u00e9 en&nbsp;:Bo\u00eete HD<br \/>\n\u00c9quipement standard&nbsp;: clip de ceinture, poign\u00e9e lat\u00e9rale<br \/>\nD\u00e9signation&nbsp;: Variante du mod\u00e8le&nbsp;: M18 FDD3-0X<br \/>\nPoids avec batterie [kg]&nbsp;: 2.1 (M18 B5)<br \/>\nSyst\u00e8me&nbsp;: M18<br \/>\nTechnologie&nbsp;: Chargeur de carburant<br \/>\ninclus&nbsp;:Aucun chargeur inclus dans la livraison<\/p>\n","protected":false},"excerpt":{"rendered":"<p>Dimensions compactes avec une longueur de 173 mm Mandrin nouvellement con\u00e7u pour am\u00e9liorer la prise en main du foret et<\/p>\n","protected":false},"featured_media":57498,"template":"","meta":{"_seopress_robots_primary_cat":"","_seopress_titles_title":"","_seopress_titles_desc":"","_seopress_robots_index":""},"product_brand":[3407],"product_cat":[29,514,549],"product_tag":[],"class_list":{"0":"post-419993","1":"product","2":"type-product","3":"status-publish","4":"has-post-thumbnail","6":"product_brand-milwaukee","7":"product_cat-macchinari","8":"product_cat-altri-dispositivi","9":"product_cat-trapani-e-avvitatori","11":"first","12":"onbackorder","13":"shipping-taxable","14":"purchasable","15":"product-type-simple"},"_links":{"self":[{"href":"https:\/\/lucacastelli.com\/fr\/wp-json\/wp\/v2\/product\/419993","targetHints":{"allow":["GET"]}}],"collection":[{"href":"https:\/\/lucacastelli.com\/fr\/wp-json\/wp\/v2\/product"}],"about":[{"href":"https:\/\/lucacastelli.com\/fr\/wp-json\/wp\/v2\/types\/product"}],"wp:featuredmedia":[{"embeddable":true,"href":"https:\/\/lucacastelli.com\/fr\/wp-json\/wp\/v2\/media\/57498"}],"wp:attachment":[{"href":"https:\/\/lucacastelli.com\/fr\/wp-json\/wp\/v2\/media?parent=419993"}],"wp:term":[{"taxonomy":"product_brand","embeddable":true,"href":"https:\/\/lucacastelli.com\/fr\/wp-json\/wp\/v2\/product_brand?post=419993"},{"taxonomy":"product_cat","embeddable":true,"href":"https:\/\/lucacastelli.com\/fr\/wp-json\/wp\/v2\/product_cat?post=419993"},{"taxonomy":"product_tag","embeddable":true,"href":"https:\/\/lucacastelli.com\/fr\/wp-json\/wp\/v2\/product_tag?post=419993"}],"curies":[{"name":"wp","href":"https:\/\/api.w.org\/{rel}","templated":true}]}}