{"id":419988,"date":"2023-11-06T16:25:41","date_gmt":"2023-11-06T15:25:41","guid":{"rendered":"https:\/\/lucacastelli.com\/prodotto\/carburant-akku-schlagschrauber-1-4-hex-gen3-m18fid3-0x\/"},"modified":"2026-04-17T23:58:49","modified_gmt":"2026-04-17T21:58:49","slug":"carburant-akku-schlagschrauber-1-4-hex-gen3-m18fid3-0x","status":"publish","type":"product","link":"https:\/\/lucacastelli.com\/fr\/produit\/carburant-akku-schlagschrauber-1-4-hex-gen3-m18fid3-0x\/","title":{"rendered":"Visseuse \u00e0 chocs sans fil FUEL\u2122 1\/4\u02dd Hex Gen3 M18FID3-0X"},"content":{"rendered":"<p>Design compact<br \/>\nContr\u00f4le de l&#8217;entra\u00eenement \u00e0 4 modes<br \/>\nEmmanchement hexagonal de 1\/4\u02dd<br \/>\nCouple puissant de 226 Nm<br \/>\nVitesse plus \u00e9lev\u00e9e par rapport au mod\u00e8le pr\u00e9c\u00e9dent, avec 3900 min\u207b\u00b9 et 4400 coups\/min.<br \/>\nExtr\u00eamement compact avec une longueur de seulement 113 mm &#8211; id\u00e9al pour travailler dans des endroits difficiles d&#8217;acc\u00e8s<br \/>\nDRIVE CONTROL\u2122 permet de passer rapidement d&#8217;une vitesse \u00e0 l&#8217;autre avec diff\u00e9rents r\u00e9glages de vitesse et de couple<br \/>\nVitesse 1 &#8211; pour les travaux de pr\u00e9cision<br \/>\nVitesse 2 &#8211; aide \u00e0 pr\u00e9venir les dommages \u00e0 la vis et au mat\u00e9riau<br \/>\nVitesse 3 &#8211; pour une puissance maximale et les applications les plus difficiles<br \/>\nVitesse 4 &#8211; la combinaison optimale de puissance et de pr\u00e9cision ; l&#8217;appareil r\u00e8gle automatiquement la vitesse.<br \/>\nLe contr\u00f4le cellule par cellule optimise le temps de fonctionnement de l&#8217;appareil et garantit une longue dur\u00e9e de vie de la batterie<br \/>\nPorte-embout direct en m\u00e9tal Hex<br \/>\nL&#8217;ADN de notre plateforme FUEL\u2122 red\u00e9finit l&#8217;\u00e9quilibre des technologies sans fil. Le moteur brushless POWERSTATE\u2122 de MILWAUKEE\u00ae, le syst\u00e8me RED<br \/>\nSyst\u00e8me 100 % compatible avec la gamme de produits MILWAUKEE\u00ae-M18\u2122. <\/p>\n<p>Vitesse \u00e0 vide [tr\/min] : 1750\/3000\/3900\/0-3900<br \/>\nTension [V] : 18<br \/>\nBatterie : ions lithium<br \/>\nLivr\u00e9 en : Bo\u00eete HD<br \/>\nDiam\u00e8tre max. vis : M16<br \/>\n\u00c9quipement standard | Fourni avec : Clip ceinture et porte-embout<br \/>\nD\u00e9signation : Variante de mod\u00e8le : M18 FID3-0X<br \/>\nPoids avec batterie [kg] : 1,7 (M18 B5)<br \/>\nSyst\u00e8me : M18<br \/>\nTechnologie : Fuel<br \/>\nChargeur inclus : Aucun chargeur inclus dans la livraison<br \/>\nBatterie incluse : Aucune batterie incluse dans la livraison <\/p>\n","protected":false},"excerpt":{"rendered":"<p>Design compact Contr\u00f4le de l&#8217;entra\u00eenement \u00e0 4 modes Emmanchement hexagonal de 1\/4\u02dd Couple puissant de 226 Nm Vitesse plus \u00e9lev\u00e9e<\/p>\n","protected":false},"featured_media":57453,"template":"","meta":{"_seopress_robots_primary_cat":"none","_seopress_titles_title":"","_seopress_titles_desc":"","_seopress_robots_index":""},"product_brand":[3658],"product_cat":[1453,167,1552],"product_tag":[],"class_list":{"0":"post-419988","1":"product","2":"type-product","3":"status-publish","4":"has-post-thumbnail","6":"product_brand-milwaukee-fr","7":"product_cat-autres-appareils","8":"product_cat-machines","9":"product_cat-perceuses-et-tournevis","11":"first","12":"onbackorder","13":"sale","14":"shipping-taxable","15":"purchasable","16":"product-type-simple"},"_links":{"self":[{"href":"https:\/\/lucacastelli.com\/fr\/wp-json\/wp\/v2\/product\/419988","targetHints":{"allow":["GET"]}}],"collection":[{"href":"https:\/\/lucacastelli.com\/fr\/wp-json\/wp\/v2\/product"}],"about":[{"href":"https:\/\/lucacastelli.com\/fr\/wp-json\/wp\/v2\/types\/product"}],"wp:featuredmedia":[{"embeddable":true,"href":"https:\/\/lucacastelli.com\/fr\/wp-json\/wp\/v2\/media\/57453"}],"wp:attachment":[{"href":"https:\/\/lucacastelli.com\/fr\/wp-json\/wp\/v2\/media?parent=419988"}],"wp:term":[{"taxonomy":"product_brand","embeddable":true,"href":"https:\/\/lucacastelli.com\/fr\/wp-json\/wp\/v2\/product_brand?post=419988"},{"taxonomy":"product_cat","embeddable":true,"href":"https:\/\/lucacastelli.com\/fr\/wp-json\/wp\/v2\/product_cat?post=419988"},{"taxonomy":"product_tag","embeddable":true,"href":"https:\/\/lucacastelli.com\/fr\/wp-json\/wp\/v2\/product_tag?post=419988"}],"curies":[{"name":"wp","href":"https:\/\/api.w.org\/{rel}","templated":true}]}}