{"id":419985,"date":"2023-11-05T18:26:32","date_gmt":"2023-11-05T17:26:32","guid":{"rendered":"https:\/\/lucacastelli.com\/prodotto\/carburant-akku-kompakt-schlagschrauber-1-4-hex-m12fid2-0\/"},"modified":"2025-06-29T08:14:16","modified_gmt":"2025-06-29T06:14:16","slug":"carburant-akku-kompakt-schlagschrauber-1-4-hex-m12fid2-0","status":"publish","type":"product","link":"https:\/\/lucacastelli.com\/fr\/produit\/carburant-akku-kompakt-schlagschrauber-1-4-hex-m12fid2-0\/","title":{"rendered":"CARBURANT\u2122 Akku-Kompakt-Schlagschrauber 1\/4&#8243; Hex M12FID2-0"},"content":{"rendered":"<p>La conception compacte d\u2019une longueur de seulement 127 mm est id\u00e9ale pour travailler dans des espaces confin\u00e9s<br \/>\nExcellent rapport puissance\/taille avec 170 Nm de couple<br \/>\nDes vitesses \u00e9lev\u00e9es allant jusqu\u2019\u00e0 3 600 tr\/min et 4 000 ipm<br \/>\nLes LED fournissent un \u00e9clairage haute r\u00e9solution pour une meilleure visibilit\u00e9 de la zone de travail<br \/>\n4 modes DRIVE CONTROL permet \u00e0 l\u2019utilisateur trois r\u00e9glages de vitesse et de couple diff\u00e9rents,  plus un mode autotaraudeur pour<br \/>\nmandrin hexagonal 1\/4 po pour un changement d\u2019embout<br \/>\nrapide et facile L\u2019ADN de notre plateforme FUEL\u2122 d\u00e9finit l\u2019\u00e9quilibre des technologies sans fil. Moteur brushless POWERSTATE\u2122 de MILWAUKEE, REDLITHIUM-Tec<br \/>\n\u2122Compatible avec toutes les batteries MILWAUKEE\u00ae M12\u2122\u00ae. <\/p>\n<p>Vitesse de ralenti [tr\/min] : 1700\/2900\/3600\/0-3600<br \/>\nTension [V] : 12<br \/>\nBatterie : lithium-ion<br \/>\nLivr\u00e9 dans : bo\u00eete en carton<br \/>\nDiam\u00e8tre max. de la vis : 14<br \/>\nD\u00e9signation : Variante du mod\u00e8le : M12 FID2-0<br \/>\nPoids avec batterie [kg] : 1.1 (M12 B6)<br \/>\nSyst\u00e8me : M12<br \/>\nTechnologie : Carburant<br \/>\nChargeur inclus :Pas de chargeur inclus dans la livraison<br \/>\nBatterie incluse :Pas de batterie incluse dans la livraison <\/p>\n","protected":false},"excerpt":{"rendered":"<p>La conception compacte d\u2019une longueur de seulement 127 mm est id\u00e9ale pour travailler dans des espaces confin\u00e9s Excellent rapport puissance\/taille<\/p>\n","protected":false},"featured_media":57439,"template":"","meta":{"_seopress_robots_primary_cat":"","_seopress_titles_title":"","_seopress_titles_desc":"","_seopress_robots_index":""},"product_brand":[3407],"product_cat":[29,514,549],"product_tag":[],"class_list":{"0":"post-419985","1":"product","2":"type-product","3":"status-publish","4":"has-post-thumbnail","6":"product_brand-milwaukee","7":"product_cat-macchinari","8":"product_cat-altri-dispositivi","9":"product_cat-trapani-e-avvitatori","11":"first","12":"onbackorder","13":"sale","14":"shipping-taxable","15":"purchasable","16":"product-type-simple"},"_links":{"self":[{"href":"https:\/\/lucacastelli.com\/fr\/wp-json\/wp\/v2\/product\/419985","targetHints":{"allow":["GET"]}}],"collection":[{"href":"https:\/\/lucacastelli.com\/fr\/wp-json\/wp\/v2\/product"}],"about":[{"href":"https:\/\/lucacastelli.com\/fr\/wp-json\/wp\/v2\/types\/product"}],"wp:featuredmedia":[{"embeddable":true,"href":"https:\/\/lucacastelli.com\/fr\/wp-json\/wp\/v2\/media\/57439"}],"wp:attachment":[{"href":"https:\/\/lucacastelli.com\/fr\/wp-json\/wp\/v2\/media?parent=419985"}],"wp:term":[{"taxonomy":"product_brand","embeddable":true,"href":"https:\/\/lucacastelli.com\/fr\/wp-json\/wp\/v2\/product_brand?post=419985"},{"taxonomy":"product_cat","embeddable":true,"href":"https:\/\/lucacastelli.com\/fr\/wp-json\/wp\/v2\/product_cat?post=419985"},{"taxonomy":"product_tag","embeddable":true,"href":"https:\/\/lucacastelli.com\/fr\/wp-json\/wp\/v2\/product_tag?post=419985"}],"curies":[{"name":"wp","href":"https:\/\/api.w.org\/{rel}","templated":true}]}}