{"id":419981,"date":"2023-08-27T16:51:59","date_gmt":"2023-08-27T14:51:59","guid":{"rendered":"https:\/\/lucacastelli.com\/prodotto\/carburant-akku-winkelschleifer-m18fsag125x-0\/"},"modified":"2025-06-29T08:12:24","modified_gmt":"2025-06-29T06:12:24","slug":"carburant-akku-winkelschleifer-m18fsag125x-0","status":"publish","type":"product","link":"https:\/\/lucacastelli.com\/fr\/produit\/carburant-akku-winkelschleifer-m18fsag125x-0\/","title":{"rendered":"CARBURANT\u2122 Akku-Winkelschleifer M18FSAG125X-0"},"content":{"rendered":"<p>Performances filaires similaires \u00e0 celles d\u2019une meuleuse d\u2019angle de 1200W.<br \/>\nR\u00e9duction de la taille de la bo\u00eete de vitesses et de l\u2019angle de montage de la batterie, pour un meilleur \u00e9quilibre et une meilleure ergonomie par rapport au mod\u00e8le pr\u00e9c\u00e9dent.<br \/>\nPoign\u00e9e lat\u00e9rale anti-vibration pour r\u00e9duire les vibrations<br \/>\nSyst\u00e8me de changement rapide FIXTEC\u2122 pour un changement de disque sans outil<br \/>\nPoign\u00e9e<br \/>\nmince La protection anti-poussi\u00e8re rempla\u00e7able emp\u00eache la salet\u00e9 de p\u00e9n\u00e9trer, prolongeant ainsi la dur\u00e9e de vie<br \/>\nde la machine 125 mm Le r\u00e9glage de la protection sans outil permet de grandes capacit\u00e9s de coupe<br \/>\nProtection contre le red\u00e9marrage pour une protection \u00e9lev\u00e9e de l\u2019utilisateur<br \/>\nLe moteur brushless POWERSTATE\u2122 de derni\u00e8re g\u00e9n\u00e9ration, l\u2019\u00e9lectronique REDLINK Plus\u2122 et les batteries 12,0 Ah REDLITHIUM-HIGH-OUTPUT\u2122\u2122 garantissent des performances puissantes,  Longue dur\u00e9e de vie et longue dur\u00e9e de fonctionnement dans les applications les plus exigeantes.<br \/>\n100&nbsp;% compatible avec la gamme de produits MILWAUKEE-M18\u00ae\u2122.<\/p>\n<p>Caract\u00e9ristiques techniques&nbsp;:<br \/>\nVitesse de ralenti (min-\u00b9)&nbsp;: 8500<br \/>\nFrein&nbsp;: Non<br \/>\nAnti-collision&nbsp;: Oui<br \/>\nInterrupteur&nbsp;: Interrupteur \u00e0 glissi\u00e8re<br \/>\nSyst\u00e8me de changement rapide FIXTEC\u2122&nbsp;: Oui<br \/>\nPoids avec batterie (EPTA) (kg)&nbsp;: 2,7<br \/>\nProfondeur de coupe max. Profondeur de coupe (mm)&nbsp;: 33<br \/>\nD\u00e9marrage progressif&nbsp;: Oui<br \/>\nInterrupteur&nbsp;: Interrupteur \u00e0 glissi\u00e8re<br \/>\nDiam\u00e8tre du disque (mm)&nbsp;: 125<br \/>\nTension (V)&nbsp;: 18<br \/>\nFiletage de la broche&nbsp;: M14 <\/p>\n<p>Contenu de la livraison&nbsp;:<br \/>\n1x meuleuse d\u2019angle Milwaukee FUEL\u2122 M18 FSAG125X-0X (sans batterie, sans chargeur).<br \/>\n1x pare-poussi\u00e8re rempla\u00e7able<br \/>\n1x capuchon de protection<br \/>\n1x poign\u00e9e lat\u00e9rale anti-vibration<br \/>\n1x bride<br \/>\n1x \u00e9crou \u00e0 bride<br \/>\n1x cl\u00e9<br \/>\n1x d\u00e9gagement rapide<br \/>\nsans piles, sans chargeur, sans \u00e9tui<\/p>\n","protected":false},"excerpt":{"rendered":"<p>Performances filaires similaires \u00e0 celles d\u2019une meuleuse d\u2019angle de 1200W. R\u00e9duction de la taille de la bo\u00eete de vitesses et<\/p>\n","protected":false},"featured_media":57207,"template":"","meta":{"_seopress_robots_primary_cat":"","_seopress_titles_title":"","_seopress_titles_desc":"","_seopress_robots_index":""},"product_brand":[3407],"product_cat":[29,514,555],"product_tag":[],"class_list":{"0":"post-419981","1":"product","2":"type-product","3":"status-publish","4":"has-post-thumbnail","6":"product_brand-milwaukee","7":"product_cat-macchinari","8":"product_cat-altri-dispositivi","9":"product_cat-smerigliatrici","11":"first","12":"instock","13":"shipping-taxable","14":"purchasable","15":"product-type-simple"},"_links":{"self":[{"href":"https:\/\/lucacastelli.com\/fr\/wp-json\/wp\/v2\/product\/419981","targetHints":{"allow":["GET"]}}],"collection":[{"href":"https:\/\/lucacastelli.com\/fr\/wp-json\/wp\/v2\/product"}],"about":[{"href":"https:\/\/lucacastelli.com\/fr\/wp-json\/wp\/v2\/types\/product"}],"wp:featuredmedia":[{"embeddable":true,"href":"https:\/\/lucacastelli.com\/fr\/wp-json\/wp\/v2\/media\/57207"}],"wp:attachment":[{"href":"https:\/\/lucacastelli.com\/fr\/wp-json\/wp\/v2\/media?parent=419981"}],"wp:term":[{"taxonomy":"product_brand","embeddable":true,"href":"https:\/\/lucacastelli.com\/fr\/wp-json\/wp\/v2\/product_brand?post=419981"},{"taxonomy":"product_cat","embeddable":true,"href":"https:\/\/lucacastelli.com\/fr\/wp-json\/wp\/v2\/product_cat?post=419981"},{"taxonomy":"product_tag","embeddable":true,"href":"https:\/\/lucacastelli.com\/fr\/wp-json\/wp\/v2\/product_tag?post=419981"}],"curies":[{"name":"wp","href":"https:\/\/api.w.org\/{rel}","templated":true}]}}