{"id":419978,"date":"2023-10-30T19:06:19","date_gmt":"2023-10-30T18:06:19","guid":{"rendered":"https:\/\/lucacastelli.com\/prodotto\/carburant-akku-betonruttler-m18fcvn12-0\/"},"modified":"2025-06-29T08:13:45","modified_gmt":"2025-06-29T06:13:45","slug":"carburant-akku-betonruttler-m18fcvn12-0","status":"publish","type":"product","link":"https:\/\/lucacastelli.com\/fr\/produit\/carburant-akku-betonruttler-m18fcvn12-0\/","title":{"rendered":"CARBURANT\u2122 Akku-Betonr\u00fcttler M18FCVN12-0"},"content":{"rendered":"<p>Vibrateur \u00e0 batterie M18 FUEL\u2122 pour la consolidation du b\u00e9ton avec un design compact.<br \/>\nLongueur de la gaine 1,2 m recommand\u00e9e pour les fondations ou les petits travaux \u00e0 plat (M18 FCVN12)<br \/>\nLongueur du m\u00e2t 2,4 m recommand\u00e9e pour les murs ou les colonnes (M18 FCVN24)<br \/>\nT\u00eate de 25 mm\u00b2 et 12 500 VPM pour des performances de consolidation am\u00e9lior\u00e9es<br \/>\nG\u00e2chette \u00e0 vitesse variable pour une adaptation id\u00e9ale \u00e0 n\u2019importe quel mat\u00e9riau et taille de coffrage<br \/>\nCrochet de suspension lorsque l\u2019outil n\u2019est pas utilis\u00e9, pour la fixation sur un coffrage ou un \u00e9chafaudage<br \/>\nFaible poids pour une utilisation confortable et un transport facile sur le chantier<br \/>\nPuissance pour consolider jusqu\u2019\u00e0 une charge de camion \u00e0 b\u00e9ton (8 m\u00b3) avec une batterie M18\u2122 de 5,5 Ah<br \/>\nLe syst\u00e8me d\u2019outils HIGH OUTPUT\u2122 porte les technologies M18 FUEL\u2122 \u00e0 un nouveau niveau, offrant une puissance et une autonomie accrues. Ces outils sont<br \/>\n100&nbsp;% compatibles avec la gamme de produits MILWAUKEE-M18\u00ae\u2122. <\/p>\n<p>Code du produit : 4933479596<br \/>\nBatterie : lithium-ion<br \/>\nLivr\u00e9 en : bo\u00eete en carton<br \/>\nDescription : Variante du mod\u00e8le : M18 FCVN12-0<br \/>\nPoids avec batterie [kg] : 5.0 (M18 HB5.5)<br \/>\nSyst\u00e8me : M18<br \/>\nTechnologie : Brushless<br \/>\nChargeur inclus :Aucun chargeur inclus<br \/>\nBatterie incluse :Non batterie incluse<\/p>\n","protected":false},"excerpt":{"rendered":"<p>Vibrateur \u00e0 batterie M18 FUEL\u2122 pour la consolidation du b\u00e9ton avec un design compact. Longueur de la gaine 1,2 m<\/p>\n","protected":false},"featured_media":57394,"template":"","meta":{"_seopress_robots_primary_cat":"","_seopress_titles_title":"","_seopress_titles_desc":"","_seopress_robots_index":""},"product_brand":[3658],"product_cat":[167,1453,1564],"product_tag":[],"class_list":{"0":"post-419978","1":"product","2":"type-product","3":"status-publish","4":"has-post-thumbnail","6":"product_brand-milwaukee-fr","7":"product_cat-machines","8":"product_cat-autres-appareils","9":"product_cat-vibrateurs-a-beton","11":"first","12":"onbackorder","13":"shipping-taxable","14":"purchasable","15":"product-type-simple"},"_links":{"self":[{"href":"https:\/\/lucacastelli.com\/fr\/wp-json\/wp\/v2\/product\/419978","targetHints":{"allow":["GET"]}}],"collection":[{"href":"https:\/\/lucacastelli.com\/fr\/wp-json\/wp\/v2\/product"}],"about":[{"href":"https:\/\/lucacastelli.com\/fr\/wp-json\/wp\/v2\/types\/product"}],"wp:featuredmedia":[{"embeddable":true,"href":"https:\/\/lucacastelli.com\/fr\/wp-json\/wp\/v2\/media\/57394"}],"wp:attachment":[{"href":"https:\/\/lucacastelli.com\/fr\/wp-json\/wp\/v2\/media?parent=419978"}],"wp:term":[{"taxonomy":"product_brand","embeddable":true,"href":"https:\/\/lucacastelli.com\/fr\/wp-json\/wp\/v2\/product_brand?post=419978"},{"taxonomy":"product_cat","embeddable":true,"href":"https:\/\/lucacastelli.com\/fr\/wp-json\/wp\/v2\/product_cat?post=419978"},{"taxonomy":"product_tag","embeddable":true,"href":"https:\/\/lucacastelli.com\/fr\/wp-json\/wp\/v2\/product_tag?post=419978"}],"curies":[{"name":"wp","href":"https:\/\/api.w.org\/{rel}","templated":true}]}}