{"id":419975,"date":"2023-08-25T10:51:20","date_gmt":"2023-08-25T08:51:20","guid":{"rendered":"https:\/\/lucacastelli.com\/prodotto\/carburant-akku-bandschleifer-m18fbts75-502x\/"},"modified":"2025-06-29T08:12:19","modified_gmt":"2025-06-29T06:12:19","slug":"carburant-akku-bandschleifer-m18fbts75-502x","status":"publish","type":"product","link":"https:\/\/lucacastelli.com\/fr\/produit\/carburant-akku-bandschleifer-m18fbts75-502x\/","title":{"rendered":"CARBURANT\u2122 Akku-Bandschleifer M18FBTS75-502X"},"content":{"rendered":"<p>La conception compacte avec des bords plats \u00e0 l\u2019avant et sur les c\u00f4t\u00e9s permet un pon\u00e7age affleurant<br \/>\nCapture 90 % de la poussi\u00e8re \u00e0 travers l\u2019ouverture universelle pour la poussi\u00e8re ou avec le sac \u00e0 poussi\u00e8re multicouche<br \/>\nR\u00e9glage variable de la vitesse avec une plage de vitesse de bande de 230 \u00e0 410 m\/s<br \/>\nLe bouton r\u00e9glable sans outil vous permet de r\u00e9gler la poign\u00e9e avant pour trouver la position de pon\u00e7age optimale pour l\u2019utilisateur<br \/>\nTaille de bande standard de 75 x 457 mm<br \/>\nChangement de bande sans outil avec r\u00e9glage facile du rouleau de bande pour un alignement pr\u00e9cis de la bande<br \/>\n\u00c9clairage LED \u00e0 l\u2019avant et sur le c\u00f4t\u00e9 pour un \u00e9clairage \u00e0 180\u00b0.<br \/>\nLa plateforme FUEL\u2122 est con\u00e7ue pour les utilisateurs les plus exigeants. La technologie offre une puissance maximale et combine trois \u00e9l\u00e9ments centraux : le moteur brushless POWERSTATE\u2122, la batterie REDLITHIUM\u2122 et l\u2019\u00e9lectronique REDLINK PLUS. \u2122 En combinant de mani\u00e8re optimale ces trois technologies MILWAUKEE\u00ae, nous obtenons des performances maximales avec la dur\u00e9e de vie la plus longue possible.<br \/>\n100&nbsp;% compatible avec la gamme de produits MILWAUKEE-M18\u00ae\u2122.<br \/>\nLa livraison comprend :  <\/p>\n<p>2 piles M18 HB5.5, chargeur M12-18 FC, bo\u00eete HD, sac \u00e0 poussi\u00e8re, 1 papier abrasif.<\/p>\n","protected":false},"excerpt":{"rendered":"<p>La conception compacte avec des bords plats \u00e0 l\u2019avant et sur les c\u00f4t\u00e9s permet un pon\u00e7age affleurant Capture 90 %<\/p>\n","protected":false},"featured_media":57192,"template":"","meta":{"_seopress_robots_primary_cat":"","_seopress_titles_title":"","_seopress_titles_desc":"","_seopress_robots_index":""},"product_brand":[3407],"product_cat":[29,514,554],"product_tag":[],"class_list":{"0":"post-419975","1":"product","2":"type-product","3":"status-publish","4":"has-post-thumbnail","6":"product_brand-milwaukee","7":"product_cat-macchinari","8":"product_cat-altri-dispositivi","9":"product_cat-spazzole","11":"first","12":"onbackorder","13":"shipping-taxable","14":"purchasable","15":"product-type-simple"},"_links":{"self":[{"href":"https:\/\/lucacastelli.com\/fr\/wp-json\/wp\/v2\/product\/419975","targetHints":{"allow":["GET"]}}],"collection":[{"href":"https:\/\/lucacastelli.com\/fr\/wp-json\/wp\/v2\/product"}],"about":[{"href":"https:\/\/lucacastelli.com\/fr\/wp-json\/wp\/v2\/types\/product"}],"wp:featuredmedia":[{"embeddable":true,"href":"https:\/\/lucacastelli.com\/fr\/wp-json\/wp\/v2\/media\/57192"}],"wp:attachment":[{"href":"https:\/\/lucacastelli.com\/fr\/wp-json\/wp\/v2\/media?parent=419975"}],"wp:term":[{"taxonomy":"product_brand","embeddable":true,"href":"https:\/\/lucacastelli.com\/fr\/wp-json\/wp\/v2\/product_brand?post=419975"},{"taxonomy":"product_cat","embeddable":true,"href":"https:\/\/lucacastelli.com\/fr\/wp-json\/wp\/v2\/product_cat?post=419975"},{"taxonomy":"product_tag","embeddable":true,"href":"https:\/\/lucacastelli.com\/fr\/wp-json\/wp\/v2\/product_tag?post=419975"}],"curies":[{"name":"wp","href":"https:\/\/api.w.org\/{rel}","templated":true}]}}