{"id":419971,"date":"2023-11-06T17:16:38","date_gmt":"2023-11-06T16:16:38","guid":{"rendered":"https:\/\/lucacastelli.com\/prodotto\/kreuzlinienlaser-3-x-360-kit-m123plkit-401p\/"},"modified":"2025-06-29T08:14:24","modified_gmt":"2025-06-29T06:14:24","slug":"kreuzlinienlaser-3-x-360-kit-m123plkit-401p","status":"publish","type":"product","link":"https:\/\/lucacastelli.com\/fr\/produit\/kreuzlinienlaser-3-x-360-kit-m123plkit-401p\/","title":{"rendered":"Kreuzlinienlaser 3 x 360\u00b0 Kit M123PLKIT-401P"},"content":{"rendered":"<p>3 x lignes vertes de haute intensit\u00e9 \u00e0 360\u00b0 pour une couverture totale de l\u2019environnement<br \/>\nAlignement rapide avec r\u00e9glage fin autour du point z\u00e9ro<br \/>\nAimants renforc\u00e9s de terres rares &#8211; l\u2019aimant maintient sa position m\u00eame sous charge<br \/>\nLe laser \u00e0 lignes crois\u00e9es sans fil M12\u2122 3 x 360\u00b0 offre une fonctionnalit\u00e9 tout-en-un avec une ligne horizontale et deux lignes verticales pour un alignement rapide et facile.<br \/>\nAvec des diodes vertes de haute intensit\u00e9 pour une visibilit\u00e9 maximale, jusqu\u2019\u00e0 4 fois meilleure que les lasers rouges<br \/>\nLes faisceaux laser verts de haute intensit\u00e9 offrent une port\u00e9e de 38 m (100 m avec un r\u00e9cepteur).<br \/>\nOffre plus de 15 heures d\u2019autonomie toute la journ\u00e9e avec une batterie M12\u2122 B4<br \/>\nSyst\u00e8me pendulaire \u00e0 3 modes : mode manuel pour une utilisation \u00e0 n\u2019importe quel angle, mode d\u2019auto-nivellement qui vous permet d\u2019atteindre une condition de non-niveau avec un niveau automatique de 4\u00b0.<br \/>\nSupport magn\u00e9tique int\u00e9gr\u00e9 avec aimants renforc\u00e9s en terres rares mont\u00e9s \u00e0 l\u2019arri\u00e8re, filetage de tr\u00e9pied 1\/4 po et 5\/8 po et trou de suspension &#8211; permet<br \/>\nLe support permet \u00e9galement au laser d\u2019\u00eatre mont\u00e9 \u00e0 330\u00b0 autour du point d\u2019aplomb, avec un r\u00e9glage fin int\u00e9gr\u00e9 pour un alignement point \u00e0 point plus rapide.<br \/>\nAdapt\u00e9 aux chantiers avec un indice de protection IP 54, il peut r\u00e9sister aux chutes d\u2019une hauteur allant jusqu\u2019\u00e0 1 m.<br \/>\nSyst\u00e8me 100&nbsp;% compatible avec la gamme de produits MILWAUKEE-M12\u00ae\u2122.<br \/>\nLivr\u00e9 avec 1 cible laser et 1 support de montage<\/p>\n<p>Tension [V]&nbsp;: 12<br \/>\nBatterie&nbsp;: Lithium-ion<br \/>\nLivr\u00e9 en&nbsp;:PACKOUT<br \/>\nCase \u00c9quipement standard | Contenu de la livraison : HIVIST, LLD50, LM360, TRP120, clip<br \/>\nD\u00e9signation&nbsp;: Variante du mod\u00e8le&nbsp;: M12 3PLKIT-401P<br \/>\nPoids avec batterie [kg]&nbsp;: 1,5 (M12 B4)<br \/>\nSyst\u00e8me&nbsp;: M12<br \/>\nTechnologie&nbsp;: bross\u00e9<br \/>\nChargeur inclus&nbsp;: C12 C<br \/>\nBatterie incluse&nbsp;: 1 x M12 B4<\/p>\n","protected":false},"excerpt":{"rendered":"<p>3 x lignes vertes de haute intensit\u00e9 \u00e0 360\u00b0 pour une couverture totale de l\u2019environnement Alignement rapide avec r\u00e9glage fin<\/p>\n","protected":false},"featured_media":57478,"template":"","meta":{"_seopress_robots_primary_cat":"","_seopress_titles_title":"","_seopress_titles_desc":"","_seopress_robots_index":""},"product_brand":[3407],"product_cat":[29,491,514],"product_tag":[],"class_list":{"0":"post-419971","1":"product","2":"type-product","3":"status-publish","4":"has-post-thumbnail","6":"product_brand-milwaukee","7":"product_cat-macchinari","8":"product_cat-accessori-sistemi-a-batteria","9":"product_cat-altri-dispositivi","11":"first","12":"onbackorder","13":"shipping-taxable","14":"purchasable","15":"product-type-simple"},"_links":{"self":[{"href":"https:\/\/lucacastelli.com\/fr\/wp-json\/wp\/v2\/product\/419971","targetHints":{"allow":["GET"]}}],"collection":[{"href":"https:\/\/lucacastelli.com\/fr\/wp-json\/wp\/v2\/product"}],"about":[{"href":"https:\/\/lucacastelli.com\/fr\/wp-json\/wp\/v2\/types\/product"}],"wp:featuredmedia":[{"embeddable":true,"href":"https:\/\/lucacastelli.com\/fr\/wp-json\/wp\/v2\/media\/57478"}],"wp:attachment":[{"href":"https:\/\/lucacastelli.com\/fr\/wp-json\/wp\/v2\/media?parent=419971"}],"wp:term":[{"taxonomy":"product_brand","embeddable":true,"href":"https:\/\/lucacastelli.com\/fr\/wp-json\/wp\/v2\/product_brand?post=419971"},{"taxonomy":"product_cat","embeddable":true,"href":"https:\/\/lucacastelli.com\/fr\/wp-json\/wp\/v2\/product_cat?post=419971"},{"taxonomy":"product_tag","embeddable":true,"href":"https:\/\/lucacastelli.com\/fr\/wp-json\/wp\/v2\/product_tag?post=419971"}],"curies":[{"name":"wp","href":"https:\/\/api.w.org\/{rel}","templated":true}]}}