{"id":419968,"date":"2023-11-06T16:38:44","date_gmt":"2023-11-06T15:38:44","guid":{"rendered":"https:\/\/lucacastelli.com\/prodotto\/carburant-akku-winkelschleifer-m-bremse-m18fsag125xb-502x\/"},"modified":"2025-06-29T08:14:18","modified_gmt":"2025-06-29T06:14:18","slug":"carburant-akku-winkelschleifer-m-bremse-m18fsag125xb-502x","status":"publish","type":"product","link":"https:\/\/lucacastelli.com\/fr\/produit\/carburant-akku-winkelschleifer-m-bremse-m18fsag125xb-502x\/","title":{"rendered":"CARBURANT\u2122 Akku-Winkelschleifer m. Bremse M18FSAG125XB-502X"},"content":{"rendered":"<p>RAPIDSTOP\u2122 pour un freinage rapide \u00e0 disque et une protection \u00e9lev\u00e9e de l\u2019utilisateur<br \/>\nSyst\u00e8me de changement rapide FIXTEC\u2122 pour un changement de disque sans outil<br \/>\nLe r\u00e9glage de la protection sans outil permet de grandes capacit\u00e9s de coupe<br \/>\nPuissance filaire similaire \u00e0 celle d\u2019une meuleuse d\u2019angle de 1200W<br \/>\nR\u00e9duction de la taille de la bo\u00eete de vitesses et de l\u2019angle du carter de la batterie, pour un meilleur \u00e9quilibre et une meilleure ergonomie par rapport au mod\u00e8le pr\u00e9c\u00e9dent<br \/>\nRAPIDSTOP\u2122 pour un freinage rapide \u00e0 disque en moins de 2 secondes pour une protection \u00e9lev\u00e9e de l\u2019utilisateur<br \/>\nPoign\u00e9e lat\u00e9rale anti-vibration pour r\u00e9duire les vibrations<br \/>\nSyst\u00e8me de changement rapide FIXTEC\u2122 pour un changement de disque sans outil<br \/>\nPoign\u00e9e<br \/>\nmince La protection anti-poussi\u00e8re rempla\u00e7able emp\u00eache la salet\u00e9 de p\u00e9n\u00e9trer et prolonge la dur\u00e9e de vie de la machine<br \/>\nLe r\u00e9glage sans outil du capot de protection de 125 mm permet de grandes capacit\u00e9s de coupe<br \/>\nProtection contre le red\u00e9marrage pour une protection \u00e9lev\u00e9e de l\u2019utilisateur<br \/>\nLa plate-forme FUEL\u2122 a \u00e9t\u00e9 d\u00e9velopp\u00e9e pour les utilisateurs les plus exigeants. La technologie offre des performances maximales et combine trois composants de base<br \/>\n100&nbsp;% compatibles avec la gamme de produits MILWAUKEE-M18\u00ae\u2122 <\/p>\n<p>R\u00e9gime de ralenti [tr\/min]&nbsp;: 8500<br \/>\nTension [V]&nbsp;: 18<br \/>\nBatterie&nbsp;: Lithium-ion<br \/>\nLivr\u00e9 en&nbsp;:Bo\u00eete HD<br \/>\nDiam\u00e8tre de la broche&nbsp;: M14<br \/>\n\u00c9quipement standard&nbsp;: couvercle anti-poussi\u00e8re rempla\u00e7able, couvercle de protection, poign\u00e9e lat\u00e9rale anti-vibration, bride, \u00e9crou \u00e0 bride, cl\u00e9, pince \u00e0 d\u00e9gagement<br \/>\nrapide D\u00e9signation&nbsp;: Variante du mod\u00e8le&nbsp;: M18 FSAG125XB-502X<br \/>\nPoids avec batterie [kg]&nbsp;: 2,7 (M18 B5)<br \/>\nProfondeur de coupe max. Profondeur de coupe [mm]&nbsp;:  33<br \/>\nSyst\u00e8me : M18<br \/>\nTechnologie : Chargeur de carburant<br \/>\ninclus : M12-18 FC<br \/>\nBatterie incluse : 2 x M18 B5 <\/p>\n","protected":false},"excerpt":{"rendered":"<p>RAPIDSTOP\u2122 pour un freinage rapide \u00e0 disque et une protection \u00e9lev\u00e9e de l\u2019utilisateur Syst\u00e8me de changement rapide FIXTEC\u2122 pour un<\/p>\n","protected":false},"featured_media":57463,"template":"","meta":{"_seopress_robots_primary_cat":"","_seopress_titles_title":"","_seopress_titles_desc":"","_seopress_robots_index":""},"product_brand":[3407],"product_cat":[29,514,555],"product_tag":[],"class_list":{"0":"post-419968","1":"product","2":"type-product","3":"status-publish","4":"has-post-thumbnail","6":"product_brand-milwaukee","7":"product_cat-macchinari","8":"product_cat-altri-dispositivi","9":"product_cat-smerigliatrici","11":"first","12":"onbackorder","13":"shipping-taxable","14":"purchasable","15":"product-type-simple"},"_links":{"self":[{"href":"https:\/\/lucacastelli.com\/fr\/wp-json\/wp\/v2\/product\/419968","targetHints":{"allow":["GET"]}}],"collection":[{"href":"https:\/\/lucacastelli.com\/fr\/wp-json\/wp\/v2\/product"}],"about":[{"href":"https:\/\/lucacastelli.com\/fr\/wp-json\/wp\/v2\/types\/product"}],"wp:featuredmedia":[{"embeddable":true,"href":"https:\/\/lucacastelli.com\/fr\/wp-json\/wp\/v2\/media\/57463"}],"wp:attachment":[{"href":"https:\/\/lucacastelli.com\/fr\/wp-json\/wp\/v2\/media?parent=419968"}],"wp:term":[{"taxonomy":"product_brand","embeddable":true,"href":"https:\/\/lucacastelli.com\/fr\/wp-json\/wp\/v2\/product_brand?post=419968"},{"taxonomy":"product_cat","embeddable":true,"href":"https:\/\/lucacastelli.com\/fr\/wp-json\/wp\/v2\/product_cat?post=419968"},{"taxonomy":"product_tag","embeddable":true,"href":"https:\/\/lucacastelli.com\/fr\/wp-json\/wp\/v2\/product_tag?post=419968"}],"curies":[{"name":"wp","href":"https:\/\/api.w.org\/{rel}","templated":true}]}}