{"id":419964,"date":"2023-11-06T17:04:33","date_gmt":"2023-11-06T16:04:33","guid":{"rendered":"https:\/\/lucacastelli.com\/prodotto\/winkelschleifer-mit-absaughaube-schleifen-agv15-125xedeg-set\/"},"modified":"2025-06-29T08:14:27","modified_gmt":"2025-06-29T06:14:27","slug":"winkelschleifer-mit-absaughaube-schleifen-agv15-125xedeg-set","status":"publish","type":"product","link":"https:\/\/lucacastelli.com\/fr\/produit\/winkelschleifer-mit-absaughaube-schleifen-agv15-125xedeg-set\/","title":{"rendered":"Winkelschleifer mit Absaughaube Schleifen AGV15-125XEDEG-SET"},"content":{"rendered":"<p>Porte avant amovible sans outil<br \/>\nSe connecte simplement \u00e0 l\u2019aspirateur MILWAUKEE\u00ae M-Class \u00e0 l\u2019aide d\u2019un adaptateur<br \/>\nPeut \u00eatre utilis\u00e9 compl\u00e8tement sans outils<br \/>\nMoteur ProTector 1550 W puissant et prot\u00e9g\u00e9 contre la poussi\u00e8re pour une longue dur\u00e9e de vie<br \/>\nConception compacte pour une utilisation pratique<br \/>\nProtection contre le red\u00e9marrage<br \/>\nRabat avant amovible sans outil avec support magn\u00e9tique pour les travaux de pon\u00e7age pr\u00e8s des bords<br \/>\nSupport pour le rabat avant d\u00e9mont\u00e9<br \/>\nR\u00e9glage flexible de la hauteur &#8211; pour exploiter tout le potentiel du disque<br \/>\nLa hotte d\u2019aspiration peut \u00eatre retir\u00e9e sans outils<br \/>\nIl suffit de se connecter \u00e0 l\u2019aspirateur MILWAUKEE\u00ae M-Class \u00e0 l\u2019aide de l\u2019adaptateur<br \/>\nPoign\u00e9e en arc pour une pression verticale sur la surface<br \/>\nAnneau de brosse rempla\u00e7able<br \/>\nContenu de la livraison : c\u00e2ble d\u2019alimentation de 4 m, poign\u00e9e arqu\u00e9e, capot d\u2019aspiration pour le pon\u00e7age, disque \u00e0 coupelle diamant\u00e9e de 125 mm<\/p>\n<p>Vitesse \u00e0 vide [tr\/min]&nbsp;: 2800 &#8211; 11 000<br \/>\nLivr\u00e9 en&nbsp;:Bo\u00eete HD<br \/>\nDiam\u00e8tre de la broche&nbsp;: M 14<br \/>\nD\u00e9signation&nbsp;: Variante du mod\u00e8le&nbsp;: AGV 15-125 XE DEG-SET<br \/>\nPoids [kg]&nbsp;: 2,6<br \/>\nConsommation d\u2019\u00e9nergie [W]&nbsp;: 1 550<br \/>\nProfondeur de coupe max. Profondeur de coupe [mm]&nbsp;: 28 <\/p>\n","protected":false},"excerpt":{"rendered":"<p>Porte avant amovible sans outil Se connecte simplement \u00e0 l\u2019aspirateur MILWAUKEE\u00ae M-Class \u00e0 l\u2019aide d\u2019un adaptateur Peut \u00eatre utilis\u00e9 compl\u00e8tement<\/p>\n","protected":false},"featured_media":57473,"template":"","meta":{"_seopress_robots_primary_cat":"","_seopress_titles_title":"","_seopress_titles_desc":"","_seopress_robots_index":""},"product_brand":[3407],"product_cat":[29,514,555],"product_tag":[],"class_list":{"0":"post-419964","1":"product","2":"type-product","3":"status-publish","4":"has-post-thumbnail","6":"product_brand-milwaukee","7":"product_cat-macchinari","8":"product_cat-altri-dispositivi","9":"product_cat-smerigliatrici","11":"first","12":"onbackorder","13":"shipping-taxable","14":"purchasable","15":"product-type-simple"},"_links":{"self":[{"href":"https:\/\/lucacastelli.com\/fr\/wp-json\/wp\/v2\/product\/419964","targetHints":{"allow":["GET"]}}],"collection":[{"href":"https:\/\/lucacastelli.com\/fr\/wp-json\/wp\/v2\/product"}],"about":[{"href":"https:\/\/lucacastelli.com\/fr\/wp-json\/wp\/v2\/types\/product"}],"wp:featuredmedia":[{"embeddable":true,"href":"https:\/\/lucacastelli.com\/fr\/wp-json\/wp\/v2\/media\/57473"}],"wp:attachment":[{"href":"https:\/\/lucacastelli.com\/fr\/wp-json\/wp\/v2\/media?parent=419964"}],"wp:term":[{"taxonomy":"product_brand","embeddable":true,"href":"https:\/\/lucacastelli.com\/fr\/wp-json\/wp\/v2\/product_brand?post=419964"},{"taxonomy":"product_cat","embeddable":true,"href":"https:\/\/lucacastelli.com\/fr\/wp-json\/wp\/v2\/product_cat?post=419964"},{"taxonomy":"product_tag","embeddable":true,"href":"https:\/\/lucacastelli.com\/fr\/wp-json\/wp\/v2\/product_tag?post=419964"}],"curies":[{"name":"wp","href":"https:\/\/api.w.org\/{rel}","templated":true}]}}