{"id":419962,"date":"2023-11-05T17:32:54","date_gmt":"2023-11-05T16:32:54","guid":{"rendered":"https:\/\/lucacastelli.com\/prodotto\/carburant-akku-kompakt-bohrschrauber-m12fdd2-602x\/"},"modified":"2025-06-29T08:14:11","modified_gmt":"2025-06-29T06:14:11","slug":"carburant-akku-kompakt-bohrschrauber-m12fdd2-602x","status":"publish","type":"product","link":"https:\/\/lucacastelli.com\/fr\/produit\/carburant-akku-kompakt-bohrschrauber-m12fdd2-602x\/","title":{"rendered":"CARBURANT\u2122 Akku-Kompakt-Bohrschrauber M12FDD2-602X"},"content":{"rendered":"<p>Conception extr\u00eamement compacte avec une longueur de 151 mm pour un acc\u00e8s facile dans les espaces restreints<br \/>\nCouple de 45 Nm &#8211; excellent rapport puissance\/taille<br \/>\nEmbrayage m\u00e9canique \u00e0 glissement avec 13 r\u00e9glages de couple, plus un r\u00e9glage de per\u00e7age et un r\u00e9glage de per\u00e7age \u00e0 percussion<br \/>\nMandrin m\u00e9tallique de haute qualit\u00e9 de 13 mm pour un changement rapide d\u2019embout et une protection de l\u2019embout<br \/>\nIndicateur de niveau de charge de la batterie,  Clip de ceinture en m\u00e9tal et lumi\u00e8re LED<br \/>\nL\u2019ADN de notre plate-forme Fuel\u2122 d\u00e9finit l\u2019\u00e9quilibre des technologies sans fil. Moteur Brushless PowerState\u2122 de MILWAUKEE, syst\u00e8me de technologie Redlithium<br \/>\n100&nbsp;% compatible avec la gamme\u00ae de produits MILWAUKEE-M12\u00ae <\/p>\n<p>Tension [V]&nbsp;: 12<br \/>\nBatterie&nbsp;: Lithium-ion<br \/>\nLivr\u00e9 dans&nbsp;:Bo\u00eete HD<br \/>\nD\u00e9signation&nbsp;: Variante du mod\u00e8le&nbsp;: M12 FDD2-602X<br \/>\nPoids avec batterie [kg]&nbsp;: 1.4 (M12 B6)<br \/>\nSyst\u00e8me&nbsp;: M12<br \/>\nTechnologie&nbsp;: Chargeur de carburant<br \/>\ninclus&nbsp;:C12 C<br \/>\nBatterie incluse&nbsp;: 2 x M12 B6<\/p>\n","protected":false},"excerpt":{"rendered":"<p>Conception extr\u00eamement compacte avec une longueur de 151 mm pour un acc\u00e8s facile dans les espaces restreints Couple de 45<\/p>\n","protected":false},"featured_media":57434,"template":"","meta":{"_seopress_robots_primary_cat":"","_seopress_titles_title":"","_seopress_titles_desc":"","_seopress_robots_index":""},"product_brand":[3407],"product_cat":[29,514,549],"product_tag":[],"class_list":{"0":"post-419962","1":"product","2":"type-product","3":"status-publish","4":"has-post-thumbnail","6":"product_brand-milwaukee","7":"product_cat-macchinari","8":"product_cat-altri-dispositivi","9":"product_cat-trapani-e-avvitatori","11":"first","12":"onbackorder","13":"shipping-taxable","14":"purchasable","15":"product-type-simple"},"_links":{"self":[{"href":"https:\/\/lucacastelli.com\/fr\/wp-json\/wp\/v2\/product\/419962","targetHints":{"allow":["GET"]}}],"collection":[{"href":"https:\/\/lucacastelli.com\/fr\/wp-json\/wp\/v2\/product"}],"about":[{"href":"https:\/\/lucacastelli.com\/fr\/wp-json\/wp\/v2\/types\/product"}],"wp:featuredmedia":[{"embeddable":true,"href":"https:\/\/lucacastelli.com\/fr\/wp-json\/wp\/v2\/media\/57434"}],"wp:attachment":[{"href":"https:\/\/lucacastelli.com\/fr\/wp-json\/wp\/v2\/media?parent=419962"}],"wp:term":[{"taxonomy":"product_brand","embeddable":true,"href":"https:\/\/lucacastelli.com\/fr\/wp-json\/wp\/v2\/product_brand?post=419962"},{"taxonomy":"product_cat","embeddable":true,"href":"https:\/\/lucacastelli.com\/fr\/wp-json\/wp\/v2\/product_cat?post=419962"},{"taxonomy":"product_tag","embeddable":true,"href":"https:\/\/lucacastelli.com\/fr\/wp-json\/wp\/v2\/product_tag?post=419962"}],"curies":[{"name":"wp","href":"https:\/\/api.w.org\/{rel}","templated":true}]}}