{"id":419958,"date":"2023-11-02T14:18:28","date_gmt":"2023-11-02T13:18:28","guid":{"rendered":"https:\/\/lucacastelli.com\/prodotto\/kompakt-burstenloser-akku-schlagschrauber-1-4-hex-m18cblid-0\/"},"modified":"2025-06-29T08:14:03","modified_gmt":"2025-06-29T06:14:03","slug":"kompakt-burstenloser-akku-schlagschrauber-1-4-hex-m18cblid-0","status":"publish","type":"product","link":"https:\/\/lucacastelli.com\/fr\/produit\/kompakt-burstenloser-akku-schlagschrauber-1-4-hex-m18cblid-0\/","title":{"rendered":"Kompakt-B\u00fcrstenloser Akku-Schlagschrauber 1\/4 \u0301 \u0301 Hex M18CBLID-0"},"content":{"rendered":"<p>Cl\u00e9 \u00e0 chocs compacte de seulement 130 mm de long, id\u00e9ale pour travailler dans des endroits difficiles d\u2019acc\u00e8s<br \/>\nLe moteur Brushless d\u00e9livre un couple de 180 Nm, 3400 min-\u00b9 et une vitesse d\u2019impact de 4200 coups par minute<br \/>\nR\u00e9ducteur enti\u00e8rement m\u00e9tallique pour une durabilit\u00e9 et un couple<br \/>\nmaximum \u00c9lectronique REDLINK\u2122 : la protection contre les surcharges de la machine et de la batterie assure une longue dur\u00e9e de vie.<br \/>\nLa batterie REDLITHIUM\u2122 offre une conception parfaitement calibr\u00e9e, une \u00e9lectronique avanc\u00e9e et une alimentation sans perte pour une dur\u00e9e de vie plus longue.<br \/>\nIndicateur de charge de la batterie et \u00e9clairage LED de la zone de travail<br \/>\nAvec syst\u00e8me de clip de ceinture<br \/>\n100&nbsp;% compatible avec la gamme de produits MILWAUKEE-M18\u00ae\u2122.<\/p>\n<p>Num\u00e9ro d\u2019article&nbsp;: 4933464476<br \/>\nVitesse de ralenti [tr\/min]&nbsp;: 0 &#8211; 3400<br \/>\nCouple maximal [Nm]&nbsp;: 180 Couple [Nm]&nbsp;: 180<br \/>\nTension [V]&nbsp;: 18<br \/>\nBatterie&nbsp;: lithium-ion<br \/>\nVitesse d\u2019impact [min_1]&nbsp;: 0 &#8211; 4200<br \/>\nLivr\u00e9 en&nbsp;: bo\u00eete en carton<br \/>\nDiam\u00e8tre maximal de la vis&nbsp;: M14 Diam\u00e8tre de la vis&nbsp;: M14<br \/>\n\u00c9quipement standard [contenu de la livraison&nbsp;: clip de ceinture<br \/>\nDescription&nbsp;: Variante du mod\u00e8le&nbsp;: M18 CBLID-0<br \/>\nPoids avec batterie [kg]&nbsp;:  1.7 (M18 B4)<br \/>\nSyst\u00e8me&nbsp;: M18<br \/>\nTechnologie&nbsp;: Chargeur de carburant<br \/>\ninclus&nbsp;:Aucun chargeur inclus Batterie<br \/>\nincluse&nbsp;:Non batterie incluse<\/p>\n","protected":false},"excerpt":{"rendered":"<p>Cl\u00e9 \u00e0 chocs compacte de seulement 130 mm de long, id\u00e9ale pour travailler dans des endroits difficiles d\u2019acc\u00e8s Le moteur<\/p>\n","protected":false},"featured_media":57414,"template":"","meta":{"_seopress_robots_primary_cat":"","_seopress_titles_title":"","_seopress_titles_desc":"","_seopress_robots_index":""},"product_brand":[3658],"product_cat":[1453,167,1552],"product_tag":[],"class_list":{"0":"post-419958","1":"product","2":"type-product","3":"status-publish","4":"has-post-thumbnail","6":"product_brand-milwaukee-fr","7":"product_cat-autres-appareils","8":"product_cat-machines","9":"product_cat-perceuses-et-tournevis","11":"first","12":"onbackorder","13":"shipping-taxable","14":"purchasable","15":"product-type-simple"},"_links":{"self":[{"href":"https:\/\/lucacastelli.com\/fr\/wp-json\/wp\/v2\/product\/419958","targetHints":{"allow":["GET"]}}],"collection":[{"href":"https:\/\/lucacastelli.com\/fr\/wp-json\/wp\/v2\/product"}],"about":[{"href":"https:\/\/lucacastelli.com\/fr\/wp-json\/wp\/v2\/types\/product"}],"wp:featuredmedia":[{"embeddable":true,"href":"https:\/\/lucacastelli.com\/fr\/wp-json\/wp\/v2\/media\/57414"}],"wp:attachment":[{"href":"https:\/\/lucacastelli.com\/fr\/wp-json\/wp\/v2\/media?parent=419958"}],"wp:term":[{"taxonomy":"product_brand","embeddable":true,"href":"https:\/\/lucacastelli.com\/fr\/wp-json\/wp\/v2\/product_brand?post=419958"},{"taxonomy":"product_cat","embeddable":true,"href":"https:\/\/lucacastelli.com\/fr\/wp-json\/wp\/v2\/product_cat?post=419958"},{"taxonomy":"product_tag","embeddable":true,"href":"https:\/\/lucacastelli.com\/fr\/wp-json\/wp\/v2\/product_tag?post=419958"}],"curies":[{"name":"wp","href":"https:\/\/api.w.org\/{rel}","templated":true}]}}