{"id":419955,"date":"2023-11-02T13:46:05","date_gmt":"2023-11-02T12:46:05","guid":{"rendered":"https:\/\/lucacastelli.com\/prodotto\/carburant-akku-kompakt-schlagbohrschrauber-m12fpd2-0\/"},"modified":"2026-04-17T23:59:56","modified_gmt":"2026-04-17T21:59:56","slug":"carburant-akku-kompakt-schlagbohrschrauber-m12fpd2-0","status":"publish","type":"product","link":"https:\/\/lucacastelli.com\/fr\/produit\/carburant-akku-kompakt-schlagbohrschrauber-m12fpd2-0\/","title":{"rendered":"Perceuse \u00e0 percussion compacte FUEL\u2122 M12FPD2-0"},"content":{"rendered":"<p>Design extr\u00eamement compact avec une longueur de 152 mm pour un acc\u00e8s facile dans les espaces restreints<br \/>\nCouple de 45 Nm &#8211; excellent rapport puissance\/dimensions<br \/>\nMandrin m\u00e9tallique de haute qualit\u00e9 de 13 mm pour un changement rapide et un maintien optimal des embouts<br \/>\nEmbrayage m\u00e9canique avec 13 r\u00e9glages de couple, plus un r\u00e9glage pour le per\u00e7age et un pour le per\u00e7age \u00e0 percussion<br \/>\nIndicateur de charge, clip de ceinture en m\u00e9tal et \u00e9clairage LED<br \/>\nL\u2019ADN de notre plateforme FUEL\u2122 d\u00e9finit l\u2019\u00e9quilibre des technologies sans fil. Moteur sans balais PowerState\u2122 de MILWAUKEE\u00ae, technologie Redlithium\u2122.<br \/>\nCompatible avec toutes les batteries MILWAUKEE\u00ae M12\u2122.<\/p>\n<p>Tension [V] : 12<br \/>\nBatterie : Li-ion<br \/>\nLivr\u00e9 en : bo\u00eete carton<br \/>\nDescription : Variante du mod\u00e8le : M12 FPD2-0<br \/>\nPoids avec batterie [kg] : 1,4 (M12 B6)<br \/>\nSyst\u00e8me : M12<br \/>\nTechnologie : FUEL\u2122<br \/>\nChargeur inclus : Aucun chargeur inclus<\/p>\n","protected":false},"excerpt":{"rendered":"<p>Design extr\u00eamement compact avec une longueur de 152 mm pour un acc\u00e8s facile dans les espaces restreints Couple de 45<\/p>\n","protected":false},"featured_media":57409,"template":"","meta":{"_seopress_robots_primary_cat":"none","_seopress_titles_title":"","_seopress_titles_desc":"","_seopress_robots_index":""},"product_brand":[3658],"product_cat":[167,1453,1552],"product_tag":[],"class_list":{"0":"post-419955","1":"product","2":"type-product","3":"status-publish","4":"has-post-thumbnail","6":"product_brand-milwaukee-fr","7":"product_cat-machines","8":"product_cat-autres-appareils","9":"product_cat-perceuses-et-tournevis","11":"first","12":"onbackorder","13":"sale","14":"shipping-taxable","15":"purchasable","16":"product-type-simple"},"_links":{"self":[{"href":"https:\/\/lucacastelli.com\/fr\/wp-json\/wp\/v2\/product\/419955","targetHints":{"allow":["GET"]}}],"collection":[{"href":"https:\/\/lucacastelli.com\/fr\/wp-json\/wp\/v2\/product"}],"about":[{"href":"https:\/\/lucacastelli.com\/fr\/wp-json\/wp\/v2\/types\/product"}],"wp:featuredmedia":[{"embeddable":true,"href":"https:\/\/lucacastelli.com\/fr\/wp-json\/wp\/v2\/media\/57409"}],"wp:attachment":[{"href":"https:\/\/lucacastelli.com\/fr\/wp-json\/wp\/v2\/media?parent=419955"}],"wp:term":[{"taxonomy":"product_brand","embeddable":true,"href":"https:\/\/lucacastelli.com\/fr\/wp-json\/wp\/v2\/product_brand?post=419955"},{"taxonomy":"product_cat","embeddable":true,"href":"https:\/\/lucacastelli.com\/fr\/wp-json\/wp\/v2\/product_cat?post=419955"},{"taxonomy":"product_tag","embeddable":true,"href":"https:\/\/lucacastelli.com\/fr\/wp-json\/wp\/v2\/product_tag?post=419955"}],"curies":[{"name":"wp","href":"https:\/\/api.w.org\/{rel}","templated":true}]}}