{"id":419949,"date":"2023-11-02T11:15:23","date_gmt":"2023-11-02T10:15:23","guid":{"rendered":"https:\/\/lucacastelli.com\/prodotto\/carburant-akku-kombihammer-m18fhm-0c\/"},"modified":"2025-06-29T08:13:53","modified_gmt":"2025-06-29T06:13:53","slug":"carburant-akku-kombihammer-m18fhm-0c","status":"publish","type":"product","link":"https:\/\/lucacastelli.com\/fr\/produit\/carburant-akku-kombihammer-m18fhm-0c\/","title":{"rendered":"CARBURANT\u2122 Akku-Kombihammer M18FHM-0C"},"content":{"rendered":"<p>AUTOSTOP\u2122 \u2013 contr\u00f4le maximal, s\u00e9curit\u00e9 de travail avanc\u00e9e<br \/>\nVerrouillage de course en continu pour le travail au burin<br \/>\nTechnologie ONE-KEY<br \/>\nLe M18\u2122FHM combine la puissance d\u2019une machine SDS-max affleurante avec la flexibilit\u00e9 de notre syst\u00e8me sans fil M18\u2122.<br \/>\nLe syst\u00e8me HIGH OUTPUT\u2122 porte les technologies M18 FUEL\u2122 \u00e0 un nouveau niveau de performance. Puissance et autonomie accrues pour une pr\u00e9paration op\u00e9rationnelle sans compromis.<br \/>\nONE-KEY\u2122 Tool Tracking and Tool Security fournit une plateforme gratuite de suivi et de gestion des stocks bas\u00e9e sur le cloud pour vos outils. ONE-KEY\u2122<br \/>\nPour la protection de l\u2019utilisateur, AUTOSTOP\u2122 \u00e9teint la machine en cas de mouvement de pas maximal de 45\u00b0.<br \/>\nVerrouillage continu de la course pour le travail au burin<br \/>\nLongue poign\u00e9e lat\u00e9rale amortissant les vibrations pour une utilisation ergonomique \u00e0 deux mains<br \/>\nLe voyant lumineux indique l\u2019intervalle d\u2019entretien \u00e0 venir<br \/>\nPoign\u00e9e lat\u00e9rale anti-vibration pour r\u00e9duire l\u2019exposition aux vibrations<br \/>\nSyst\u00e8me 100&nbsp;% compatible avec la gamme de produits MILWAUKEE-M18\u00ae\u2122.  <\/p>\n<p>Vitesse de ralenti [tr\/min]&nbsp;: 0 &#8211; 380<br \/>\nTension [V]&nbsp;: 18<br \/>\nBatterie&nbsp;: Lithium-ion<br \/>\nLivr\u00e9 en&nbsp;:Mallette<br \/>\nde transport Description&nbsp;: Variante du mod\u00e8le&nbsp;: M18 FHM-0C<br \/>\nPoids avec batterie [kg]&nbsp;: 10.2 (M18 HB12)<br \/>\nDiam\u00e8tre maximum de per\u00e7age dans le b\u00e9ton [mm]&nbsp;: 10.2 (M18 HB12) Diam\u00e8tre de per\u00e7age dans le b\u00e9ton [mm]&nbsp;: 45<br \/>\n\u00c9nergie de frappe [EPTA] [J]&nbsp;: 11.0<br \/>\nSyst\u00e8me&nbsp;: M18<br \/>\nTechnologie&nbsp;:  Chargeur de carburant<br \/>\ninclus&nbsp;:Aucun chargeur inclus<br \/>\nBatterie incluse&nbsp;:Aucune batterie incluse<\/p>\n","protected":false},"excerpt":{"rendered":"<p>AUTOSTOP\u2122 \u2013 contr\u00f4le maximal, s\u00e9curit\u00e9 de travail avanc\u00e9e Verrouillage de course en continu pour le travail au burin Technologie ONE-KEY<\/p>\n","protected":false},"featured_media":57399,"template":"","meta":{"_seopress_robots_primary_cat":"","_seopress_titles_title":"","_seopress_titles_desc":"","_seopress_robots_index":""},"product_brand":[3658],"product_cat":[1453,167,1552],"product_tag":[],"class_list":{"0":"post-419949","1":"product","2":"type-product","3":"status-publish","4":"has-post-thumbnail","6":"product_brand-milwaukee-fr","7":"product_cat-autres-appareils","8":"product_cat-machines","9":"product_cat-perceuses-et-tournevis","11":"first","12":"onbackorder","13":"shipping-taxable","14":"purchasable","15":"product-type-simple"},"_links":{"self":[{"href":"https:\/\/lucacastelli.com\/fr\/wp-json\/wp\/v2\/product\/419949","targetHints":{"allow":["GET"]}}],"collection":[{"href":"https:\/\/lucacastelli.com\/fr\/wp-json\/wp\/v2\/product"}],"about":[{"href":"https:\/\/lucacastelli.com\/fr\/wp-json\/wp\/v2\/types\/product"}],"wp:featuredmedia":[{"embeddable":true,"href":"https:\/\/lucacastelli.com\/fr\/wp-json\/wp\/v2\/media\/57399"}],"wp:attachment":[{"href":"https:\/\/lucacastelli.com\/fr\/wp-json\/wp\/v2\/media?parent=419949"}],"wp:term":[{"taxonomy":"product_brand","embeddable":true,"href":"https:\/\/lucacastelli.com\/fr\/wp-json\/wp\/v2\/product_brand?post=419949"},{"taxonomy":"product_cat","embeddable":true,"href":"https:\/\/lucacastelli.com\/fr\/wp-json\/wp\/v2\/product_cat?post=419949"},{"taxonomy":"product_tag","embeddable":true,"href":"https:\/\/lucacastelli.com\/fr\/wp-json\/wp\/v2\/product_tag?post=419949"}],"curies":[{"name":"wp","href":"https:\/\/api.w.org\/{rel}","templated":true}]}}