{"id":419948,"date":"2023-10-30T18:52:07","date_gmt":"2023-10-30T17:52:07","guid":{"rendered":"https:\/\/lucacastelli.com\/prodotto\/akku-winkelschlagschrauber-m18braiw-0\/"},"modified":"2025-06-29T08:13:41","modified_gmt":"2025-06-29T06:13:41","slug":"akku-winkelschlagschrauber-m18braiw-0","status":"publish","type":"product","link":"https:\/\/lucacastelli.com\/fr\/produit\/akku-winkelschlagschrauber-m18braiw-0\/","title":{"rendered":"Akku-Winkelschlagschrauber M18BRAIW-0"},"content":{"rendered":"<p>Tournevis d\u2019angle compact d\u2019une longueur de seulement 307 mm<br \/>\n\u00c9lectronique REDLINK\u2122 &#8211; protection contre les surcharges pour une longue dur\u00e9e de vie de la batterie, du moteur et de la bo\u00eete de vitesses<br \/>\nBo\u00eete de vitesses et engrenages en m\u00e9tal pour un couple maximal et une longue dur\u00e9e de vie<br \/>\nT\u00eate compacte d\u2019une longueur de seulement 53 mm<br \/>\nCommutateur d\u2019acc\u00e9l\u00e9rateur allong\u00e9 pour une utilisation facile<br \/>\nConnexion carr\u00e9e 3\/8 \u030b 2<br \/>\nniveaux de commutation pour une flexibilit\u00e9<br \/>\nmaximale Surveillance des cellules<br \/>\nuniques Indicateur de niveau de charge de la batterie et \u00e9clairage LED de la zone de travail<br \/>\nLa batterie REDLITHIUM\u2122 offre une conception parfaitement calibr\u00e9e, une \u00e9lectronique avanc\u00e9e et une alimentation sans perte pour une dur\u00e9e de vie plus longue.<br \/>\n100&nbsp;% compatible avec la gamme de produits MILWAUKEE-M18\u00ae\u2122.<\/p>\n<p>Code du produit : 4933447899<br \/>\nVitesse de ralenti [tr\/min] : 0 &#8211; 1500 \/ 0 &#8211; 2250<br \/>\nCouple max. Couple [Nm] : 40 \/ 76<br \/>\nTension [V] : 18<br \/>\nBatterie : lithium-ion<br \/>\nTaux d\u2019impact [min_1]: 0 &#8211; 2400 \/ 0 &#8211; 3400<br \/>\nLivr\u00e9 en : dans une bo\u00eete en carton<br \/>\nDescription : Variante du mod\u00e8le : M18 BRAIW-0<br \/>\nPoids avec batterie [kg] : 1,8 (M18 B5)<br \/>\nSyst\u00e8me : M18<br \/>\nTechnologie : Bross\u00e9<br \/>\nChargeur de batterie inclus : Non chargeur inclus<br \/>\nBatterie incluse :Non batterie incluse<br \/>\nEan : 4002395006670 <\/p>\n","protected":false},"excerpt":{"rendered":"<p>Tournevis d\u2019angle compact d\u2019une longueur de seulement 307 mm \u00c9lectronique REDLINK\u2122 &#8211; protection contre les surcharges pour une longue dur\u00e9e<\/p>\n","protected":false},"featured_media":57389,"template":"","meta":{"_seopress_robots_primary_cat":"","_seopress_titles_title":"","_seopress_titles_desc":"","_seopress_robots_index":""},"product_brand":[3407],"product_cat":[29,514,549],"product_tag":[],"class_list":{"0":"post-419948","1":"product","2":"type-product","3":"status-publish","4":"has-post-thumbnail","6":"product_brand-milwaukee","7":"product_cat-macchinari","8":"product_cat-altri-dispositivi","9":"product_cat-trapani-e-avvitatori","11":"first","12":"onbackorder","13":"shipping-taxable","14":"purchasable","15":"product-type-simple"},"_links":{"self":[{"href":"https:\/\/lucacastelli.com\/fr\/wp-json\/wp\/v2\/product\/419948","targetHints":{"allow":["GET"]}}],"collection":[{"href":"https:\/\/lucacastelli.com\/fr\/wp-json\/wp\/v2\/product"}],"about":[{"href":"https:\/\/lucacastelli.com\/fr\/wp-json\/wp\/v2\/types\/product"}],"wp:featuredmedia":[{"embeddable":true,"href":"https:\/\/lucacastelli.com\/fr\/wp-json\/wp\/v2\/media\/57389"}],"wp:attachment":[{"href":"https:\/\/lucacastelli.com\/fr\/wp-json\/wp\/v2\/media?parent=419948"}],"wp:term":[{"taxonomy":"product_brand","embeddable":true,"href":"https:\/\/lucacastelli.com\/fr\/wp-json\/wp\/v2\/product_brand?post=419948"},{"taxonomy":"product_cat","embeddable":true,"href":"https:\/\/lucacastelli.com\/fr\/wp-json\/wp\/v2\/product_cat?post=419948"},{"taxonomy":"product_tag","embeddable":true,"href":"https:\/\/lucacastelli.com\/fr\/wp-json\/wp\/v2\/product_tag?post=419948"}],"curies":[{"name":"wp","href":"https:\/\/api.w.org\/{rel}","templated":true}]}}