{"id":419944,"date":"2023-10-04T14:49:29","date_gmt":"2023-10-04T12:49:29","guid":{"rendered":"https:\/\/lucacastelli.com\/prodotto\/mechanischer-fallkeil-fk20-aq-set-5-ah\/"},"modified":"2025-08-14T13:17:23","modified_gmt":"2025-08-14T11:17:23","slug":"mechanischer-fallkeil-fk20-aq-set-5-ah","status":"publish","type":"product","link":"https:\/\/lucacastelli.com\/fr\/produit\/mechanischer-fallkeil-fk20-aq-set-5-ah\/","title":{"rendered":"Coin de d\u00e9molition m\u00e9canique FK20-AQ SET 5 Ah"},"content":{"rendered":"<p>DESCRIPTION D\u00c9TAILL\u00c9E DU PRODUIT<br \/>\n1 x Milwaukee ONE-KEY\u2122 \u2122 cl\u00e9 \u00e0 chocs sans fil \u00e0 carr\u00e9 d&#8217;entra\u00eenement 1\/2&#8243; M18ONEFHIWF12-0X<\/p>\n<p>1 HD Box<br \/>\n2 x Milwaukee batterie 5,0 Ah M18B5<br \/>\n1 x Milwaukee chargeur de batterie M12-18 FC<br \/>\n1 x GM Tech FK coin de d\u00e9molition de 20 \u00e0 20 tonnes.<\/p>\n<p>&nbsp;<\/p>\n","protected":false},"excerpt":{"rendered":"<p>DESCRIPTION D\u00c9TAILL\u00c9E DU PRODUIT 1 x Milwaukee ONE-KEY\u2122 \u2122 cl\u00e9 \u00e0 chocs sans fil \u00e0 carr\u00e9 d&#8217;entra\u00eenement 1\/2&#8243; M18ONEFHIWF12-0X 1<\/p>\n","protected":false},"featured_media":57346,"template":"","meta":{"_seopress_robots_primary_cat":"none","_seopress_titles_title":"","_seopress_titles_desc":"","_seopress_robots_index":""},"product_brand":[3407],"product_cat":[29,484],"product_tag":[],"class_list":{"0":"post-419944","1":"product","2":"type-product","3":"status-publish","4":"has-post-thumbnail","6":"product_brand-milwaukee","7":"product_cat-macchinari","8":"product_cat-utensili-e-accessori-forestali","9":"sws-gruppo-attrezz-fr","10":"sws-categoria-sito-fr","11":"sws-conto-ricavi-merci-rivendita-macchinari-fr","12":"sws-gruppo-iva-iva81-fr","14":"first","15":"instock","16":"shipping-taxable","17":"purchasable","18":"product-type-simple"},"_links":{"self":[{"href":"https:\/\/lucacastelli.com\/fr\/wp-json\/wp\/v2\/product\/419944","targetHints":{"allow":["GET"]}}],"collection":[{"href":"https:\/\/lucacastelli.com\/fr\/wp-json\/wp\/v2\/product"}],"about":[{"href":"https:\/\/lucacastelli.com\/fr\/wp-json\/wp\/v2\/types\/product"}],"wp:featuredmedia":[{"embeddable":true,"href":"https:\/\/lucacastelli.com\/fr\/wp-json\/wp\/v2\/media\/57346"}],"wp:attachment":[{"href":"https:\/\/lucacastelli.com\/fr\/wp-json\/wp\/v2\/media?parent=419944"}],"wp:term":[{"taxonomy":"product_brand","embeddable":true,"href":"https:\/\/lucacastelli.com\/fr\/wp-json\/wp\/v2\/product_brand?post=419944"},{"taxonomy":"product_cat","embeddable":true,"href":"https:\/\/lucacastelli.com\/fr\/wp-json\/wp\/v2\/product_cat?post=419944"},{"taxonomy":"product_tag","embeddable":true,"href":"https:\/\/lucacastelli.com\/fr\/wp-json\/wp\/v2\/product_tag?post=419944"}],"curies":[{"name":"wp","href":"https:\/\/api.w.org\/{rel}","templated":true}]}}