{"id":419940,"date":"2023-08-30T11:43:11","date_gmt":"2023-08-30T09:43:11","guid":{"rendered":"https:\/\/lucacastelli.com\/prodotto\/fuel-1-4-hochgeschwindigkeitsratsche-lang-m12fhir14lr-0\/"},"modified":"2025-07-28T00:00:06","modified_gmt":"2025-07-27T22:00:06","slug":"fuel-1-4-hochgeschwindigkeitsratsche-lang-m12fhir14lr-0","status":"publish","type":"product","link":"https:\/\/lucacastelli.com\/fr\/produit\/fuel-1-4-hochgeschwindigkeitsratsche-lang-m12fhir14lr-0\/","title":{"rendered":"FUEL\u2122 1\/4&#8243; Hochgeschwindigkeitsratsche lang M12FHIR14LR-0"},"content":{"rendered":"<p>Description du produit<br \/>\nAvec un couple maximal de 47 Nm et 450 tours par minute, cette cl\u00e9 \u00e0 cliquet offre une vitesse d\u2019application plus rapide et une productivit\u00e9 accrue pour l\u2019utilisateur professionnel.<br \/>\nLa conception \u00e0 t\u00eate plate de 19 mm et le cou allong\u00e9 offrent aux utilisateurs un meilleur acc\u00e8s dans les espaces restreints<br \/>\nLa technologie FUEL\u2122 de pointe, combin\u00e9e \u00e0 un m\u00e9canisme renforc\u00e9 et \u00e0 un corps en acier moul\u00e9, offre une durabilit\u00e9 accrue pour l\u2019utilisateur professionnel<br \/>\nInterrupteur de vitesse variable pour un contr\u00f4le maximal de l\u2019outil<br \/>\nLa surface de la poign\u00e9e caoutchout\u00e9e r\u00e9siste aux mat\u00e9riaux corrosifs et offre un plus grand confort d\u2019utilisation<br \/>\n\u00c9clairage LED pour une meilleure visibilit\u00e9 sur le travail et jauge de carburant int\u00e9gr\u00e9e pour le temps de travail<br \/>\n restantL\u2019ADN de notre plateforme FUEL\u2122 red\u00e9finit l\u2019\u00e9quilibre des technologies de batteries.<br \/>\nLe moteur sans balais MILWAUKEE\u00ae POWERSTATE\u2122, la technologie de batterie REDLITHIUM\u2122 et l\u2019intelligence mat\u00e9rielle et logicielle REDLINK PLUS\u2122 offrent des performances sup\u00e9rieures, une longue dur\u00e9e de vie et une durabilit\u00e9.<br \/>\nSyst\u00e8me de batterie flexible : Fonctionne avec toutes les batteries MILWAUKEE\u00ae M12\u2122.<\/p>\n<p>Caract\u00e9ristiques techniques<br \/>\nPoids avec batterie (EPTA) (kg) 1,0 (M12 B2)<br \/>\nLongueur (mm) 348<br \/>\nEnroulement de la machine 1\/4 carr\u00e9<br \/>\nCouple max. Couple (Nm) 47<br \/>\nVitesse \u00e0 vide (tr\/min) 0 &#8211; 450<br \/>\nTension (V) 12<br \/>\nType de batterie lithium-ion  <\/p>\n","protected":false},"excerpt":{"rendered":"<p>Description du produit Avec un couple maximal de 47 Nm et 450 tours par minute, cette cl\u00e9 \u00e0 cliquet offre<\/p>\n","protected":false},"featured_media":57242,"template":"","meta":{"_seopress_robots_primary_cat":"","_seopress_titles_title":"","_seopress_titles_desc":"","_seopress_robots_index":""},"product_brand":[3407],"product_cat":[29,514,557],"product_tag":[],"class_list":{"0":"post-419940","1":"product","2":"type-product","3":"status-publish","4":"has-post-thumbnail","6":"product_brand-milwaukee","7":"product_cat-macchinari","8":"product_cat-altri-dispositivi","9":"product_cat-cricchetti","10":"sws-gruppo-macchinari-fr","11":"sws-conto-ricavi-merci-rivendita-macchinari-fr","12":"sws-gruppo-iva-iva81-fr","14":"first","15":"instock","16":"shipping-taxable","17":"purchasable","18":"product-type-simple"},"_links":{"self":[{"href":"https:\/\/lucacastelli.com\/fr\/wp-json\/wp\/v2\/product\/419940","targetHints":{"allow":["GET"]}}],"collection":[{"href":"https:\/\/lucacastelli.com\/fr\/wp-json\/wp\/v2\/product"}],"about":[{"href":"https:\/\/lucacastelli.com\/fr\/wp-json\/wp\/v2\/types\/product"}],"wp:featuredmedia":[{"embeddable":true,"href":"https:\/\/lucacastelli.com\/fr\/wp-json\/wp\/v2\/media\/57242"}],"wp:attachment":[{"href":"https:\/\/lucacastelli.com\/fr\/wp-json\/wp\/v2\/media?parent=419940"}],"wp:term":[{"taxonomy":"product_brand","embeddable":true,"href":"https:\/\/lucacastelli.com\/fr\/wp-json\/wp\/v2\/product_brand?post=419940"},{"taxonomy":"product_cat","embeddable":true,"href":"https:\/\/lucacastelli.com\/fr\/wp-json\/wp\/v2\/product_cat?post=419940"},{"taxonomy":"product_tag","embeddable":true,"href":"https:\/\/lucacastelli.com\/fr\/wp-json\/wp\/v2\/product_tag?post=419940"}],"curies":[{"name":"wp","href":"https:\/\/api.w.org\/{rel}","templated":true}]}}