{"id":419939,"date":"2023-10-17T09:35:38","date_gmt":"2023-10-17T07:35:38","guid":{"rendered":"https:\/\/lucacastelli.com\/prodotto\/akku-geblase-m12bbl-0\/"},"modified":"2025-08-01T00:00:11","modified_gmt":"2025-07-31T22:00:11","slug":"akku-geblase-m12bbl-0","status":"publish","type":"product","link":"https:\/\/lucacastelli.com\/fr\/produit\/akku-geblase-m12bbl-0\/","title":{"rendered":"Akku-Gebl\u00e4se M12BBL-0"},"content":{"rendered":"<p>Syst\u00e8me 100&nbsp;% compatible avec la gamme de produits MILWAUKEE\u00ae M12\u2122.<br \/>\nVentilateur axial<br \/>\n\u00e0 vitesse r\u00e9glable en 2 niveaux<br \/>\nRallonge du tube de soufflage<br \/>\nLe moteur puissant peut g\u00e9n\u00e9rer jusqu\u2019\u00e0 4,81 m\u00b3\/min de volume d\u2019air \u00e0 177 km\/h pour nettoyer rapidement le chantier<br \/>\nSouffleur l\u00e9ger et maniable pour un environnement propre<br \/>\nContr\u00f4le de la puissance &#8211; Vitesse r\u00e9glable \u00e0 2 vitesses avec interrupteur verrouillable.<br \/>\nAccessoires polyvalents : rallonge de tube de soufflage (25,5 cm) et tube \u00e0 trous profonds pour un travail pr\u00e9cis.<br \/>\nTube de soufflage amovible pour un rangement<br \/>\nfacile et pratique Souffleur axial<\/p>\n","protected":false},"excerpt":{"rendered":"<p>Syst\u00e8me 100&nbsp;% compatible avec la gamme de produits MILWAUKEE\u00ae M12\u2122. Ventilateur axial \u00e0 vitesse r\u00e9glable en 2 niveaux Rallonge du<\/p>\n","protected":false},"featured_media":57363,"template":"","meta":{"_seopress_robots_primary_cat":"","_seopress_titles_title":"","_seopress_titles_desc":"","_seopress_robots_index":""},"product_brand":[3407],"product_cat":[29,485,486],"product_tag":[],"class_list":{"0":"post-419939","1":"product","2":"type-product","3":"status-publish","4":"has-post-thumbnail","6":"product_brand-milwaukee","7":"product_cat-macchinari","8":"product_cat-soffiatori-e-aspiratori","9":"product_cat-soffiatori-a-motore","10":"sws-gruppo-macchinari-fr","11":"sws-conto-ricavi-merci-rivendita-macchinari-fr","12":"sws-gruppo-iva-iva81-fr","14":"first","15":"instock","16":"shipping-taxable","17":"purchasable","18":"product-type-simple"},"_links":{"self":[{"href":"https:\/\/lucacastelli.com\/fr\/wp-json\/wp\/v2\/product\/419939","targetHints":{"allow":["GET"]}}],"collection":[{"href":"https:\/\/lucacastelli.com\/fr\/wp-json\/wp\/v2\/product"}],"about":[{"href":"https:\/\/lucacastelli.com\/fr\/wp-json\/wp\/v2\/types\/product"}],"wp:featuredmedia":[{"embeddable":true,"href":"https:\/\/lucacastelli.com\/fr\/wp-json\/wp\/v2\/media\/57363"}],"wp:attachment":[{"href":"https:\/\/lucacastelli.com\/fr\/wp-json\/wp\/v2\/media?parent=419939"}],"wp:term":[{"taxonomy":"product_brand","embeddable":true,"href":"https:\/\/lucacastelli.com\/fr\/wp-json\/wp\/v2\/product_brand?post=419939"},{"taxonomy":"product_cat","embeddable":true,"href":"https:\/\/lucacastelli.com\/fr\/wp-json\/wp\/v2\/product_cat?post=419939"},{"taxonomy":"product_tag","embeddable":true,"href":"https:\/\/lucacastelli.com\/fr\/wp-json\/wp\/v2\/product_tag?post=419939"}],"curies":[{"name":"wp","href":"https:\/\/api.w.org\/{rel}","templated":true}]}}