{"id":419938,"date":"2023-08-27T20:09:45","date_gmt":"2023-08-27T18:09:45","guid":{"rendered":"https:\/\/lucacastelli.com\/prodotto\/carburant-akku-schlagbohrschrauber-m18fpd3-0x\/"},"modified":"2025-06-29T08:12:31","modified_gmt":"2025-06-29T06:12:31","slug":"carburant-akku-schlagbohrschrauber-m18fpd3-0x","status":"publish","type":"product","link":"https:\/\/lucacastelli.com\/fr\/produit\/carburant-akku-schlagbohrschrauber-m18fpd3-0x\/","title":{"rendered":"CARBURANT\u2122 Akku-Schlagbohrschrauber M18FPD3-0X"},"content":{"rendered":"<p>Performances sup\u00e9rieures en charge &#8211; couple \u00e9lev\u00e9 de 158 Nm<br \/>\nConception extr\u00eamement compacte d\u2019une longueur de 175 mm pour un acc\u00e8s optimal dans les espaces confin\u00e9s<br \/>\nFonction AUTOSTOP\u2122, s\u00e9curit\u00e9 accrue<br \/>\nMandrin en m\u00e9tal de 13 mm pour un changement et un rangement rapides des embouts<br \/>\nVous permet de percer rapidement sous charge<br \/>\n\u00c9clairage LED plus<br \/>\nlumineux du poste de travail L\u2019indicateur de charge de la batterie indique la puissance<br \/>\nrestante Clip de ceinture enti\u00e8rement m\u00e9tallique pour une suspension rapide et facile<br \/>\nde l\u2019outil La surveillance des cellules individuelles de la batterie optimise le temps de fonctionnement de l\u2019outil et garantit une longue dur\u00e9e de vie de la batterie.<br \/>\nL\u2019ADN de notre plateforme FUEL\u2122 red\u00e9finit l\u2019\u00e9quilibre des technologies de batteries. Le moteur brushless MILWAUKEE\u00ae POWERSTATE\u2122, la batterie REDLITHIUM\u2122 et l\u2019intelligence \u00e9lectronique REDLINK PLUS\u2122 garantissent une puissance, une autonomie et une durabilit\u00e9 exceptionnelles.<br \/>\n100&nbsp;% compatible avec la gamme de produits MILWAUKEE\u00ae M18. <\/p>\n<p>Caract\u00e9ristiques techniques&nbsp;:<\/p>\n<p>Plage de serrage de la broche (mm) : 13<br \/>\nVitesse \u00e0 vide (min-\u00b9) : 0 &#8211; 500<br \/>\nR\u00e9gime de ralenti (min-\u00b9) : 0 &#8211; 2100<br \/>\nR\u00e9gime de ralenti en 1\u00e8re vitesse (min-\u00b9) : 0 &#8211; 500<br \/>\nR\u00e9gime de ralenti en 2\u00e8me vitesse (min-\u00b9) : 0 &#8211; 2100<br \/>\nDiam\u00e8tre maximum de per\u00e7age dans le bois (mm) Diam\u00e8tre de per\u00e7age dans le bois (mm) : 89<br \/>\nDiam\u00e8tre maximal de per\u00e7age de ma\u00e7onnerie Diam\u00e8tre maximal de per\u00e7age de ma\u00e7onnerie (mm) : 16<br \/>\nDiam\u00e8tre maximum de per\u00e7age dans l\u2019acier Diam\u00e8tre de per\u00e7age dans l\u2019acier (mm) : 16<br \/>\nCouple maximal (Nm) : 158 Couple (Nm) : 158<br \/>\nVitesse d\u2019impact maximale (min-\u00b9) : 0 &#8211; 33 000 Vitesse d\u2019impact (min-\u00b9) : 0 &#8211; 33 000<br \/>\nPoids avec batterie (EPTA) (kg) : 2,2 (M18 B5)<\/p>\n<p>Contenu de la livraison :<\/p>\n<p>uniquement en boite HD<br \/>\nsans piles, sans chargeur<\/p>\n","protected":false},"excerpt":{"rendered":"<p>Performances sup\u00e9rieures en charge &#8211; couple \u00e9lev\u00e9 de 158 Nm Conception extr\u00eamement compacte d\u2019une longueur de 175 mm pour un<\/p>\n","protected":false},"featured_media":57227,"template":"","meta":{"_seopress_robots_primary_cat":"","_seopress_titles_title":"","_seopress_titles_desc":"","_seopress_robots_index":""},"product_brand":[3658],"product_cat":[167,1453,1552],"product_tag":[],"class_list":{"0":"post-419938","1":"product","2":"type-product","3":"status-publish","4":"has-post-thumbnail","6":"product_brand-milwaukee-fr","7":"product_cat-machines","8":"product_cat-autres-appareils","9":"product_cat-perceuses-et-tournevis","11":"first","12":"onbackorder","13":"shipping-taxable","14":"purchasable","15":"product-type-simple"},"_links":{"self":[{"href":"https:\/\/lucacastelli.com\/fr\/wp-json\/wp\/v2\/product\/419938","targetHints":{"allow":["GET"]}}],"collection":[{"href":"https:\/\/lucacastelli.com\/fr\/wp-json\/wp\/v2\/product"}],"about":[{"href":"https:\/\/lucacastelli.com\/fr\/wp-json\/wp\/v2\/types\/product"}],"wp:featuredmedia":[{"embeddable":true,"href":"https:\/\/lucacastelli.com\/fr\/wp-json\/wp\/v2\/media\/57227"}],"wp:attachment":[{"href":"https:\/\/lucacastelli.com\/fr\/wp-json\/wp\/v2\/media?parent=419938"}],"wp:term":[{"taxonomy":"product_brand","embeddable":true,"href":"https:\/\/lucacastelli.com\/fr\/wp-json\/wp\/v2\/product_brand?post=419938"},{"taxonomy":"product_cat","embeddable":true,"href":"https:\/\/lucacastelli.com\/fr\/wp-json\/wp\/v2\/product_cat?post=419938"},{"taxonomy":"product_tag","embeddable":true,"href":"https:\/\/lucacastelli.com\/fr\/wp-json\/wp\/v2\/product_tag?post=419938"}],"curies":[{"name":"wp","href":"https:\/\/api.w.org\/{rel}","templated":true}]}}