{"id":419932,"date":"2023-08-27T17:42:53","date_gmt":"2023-08-27T15:42:53","guid":{"rendered":"https:\/\/lucacastelli.com\/prodotto\/akku-3-0-ah-l4b3\/"},"modified":"2025-06-29T08:12:25","modified_gmt":"2025-06-29T06:12:25","slug":"akku-3-0-ah-l4b3","status":"publish","type":"product","link":"https:\/\/lucacastelli.com\/fr\/produit\/akku-3-0-ah-l4b3\/","title":{"rendered":"Akku 3.0 Ah L4B3"},"content":{"rendered":"<p>Syst\u00e8me compatible avec la gamme de batteries rechargeables USB MILWAUKEE-REDLITHIUM\u00ae\u2122.<br \/>\n\u00c0 12 Wh, la batterie rechargeable offre deux fois la capacit\u00e9 de trois piles alcalines AAA pour une dur\u00e9e de fonctionnement plus longue.<br \/>\nDurabilit\u00e9 jusqu\u2019\u00e0 1 000 cycles de charge.<\/p>\n<p>Num\u00e9ro d\u2019article&nbsp;: 4933478311<br \/>\nTension [V]&nbsp;: 4<br \/>\nBatterie&nbsp;: lithium-ion<br \/>\nLivr\u00e9 en&nbsp;:Blister<br \/>\nDescription&nbsp;: Variante du mod\u00e8le&nbsp;: L4 B3<br \/>\nPoids [kg]&nbsp;: 0.04<br \/>\nSyst\u00e8me&nbsp;: REDLITHIUM\u2122 USB<br \/>\nBatterie incluse&nbsp;: 1 x L4 B3<br \/>\nEAN&nbsp;: 4058546345020<\/p>\n","protected":false},"excerpt":{"rendered":"<p>Syst\u00e8me compatible avec la gamme de batteries rechargeables USB MILWAUKEE-REDLITHIUM\u00ae\u2122. \u00c0 12 Wh, la batterie rechargeable offre deux fois la<\/p>\n","protected":false},"featured_media":94509,"template":"","meta":{"_seopress_robots_primary_cat":"","_seopress_titles_title":"","_seopress_titles_desc":"","_seopress_robots_index":""},"product_brand":[3407],"product_cat":[33,537,822],"product_tag":[],"class_list":{"0":"post-419932","1":"product","2":"type-product","3":"status-publish","4":"has-post-thumbnail","6":"product_brand-milwaukee","7":"product_cat-attrezzature","8":"product_cat-attrezzatura-da-lavoro","9":"product_cat-altro-attrezzatura-da-lavoro","11":"first","12":"onbackorder","13":"shipping-taxable","14":"purchasable","15":"product-type-simple"},"_links":{"self":[{"href":"https:\/\/lucacastelli.com\/fr\/wp-json\/wp\/v2\/product\/419932","targetHints":{"allow":["GET"]}}],"collection":[{"href":"https:\/\/lucacastelli.com\/fr\/wp-json\/wp\/v2\/product"}],"about":[{"href":"https:\/\/lucacastelli.com\/fr\/wp-json\/wp\/v2\/types\/product"}],"wp:featuredmedia":[{"embeddable":true,"href":"https:\/\/lucacastelli.com\/fr\/wp-json\/wp\/v2\/media\/94509"}],"wp:attachment":[{"href":"https:\/\/lucacastelli.com\/fr\/wp-json\/wp\/v2\/media?parent=419932"}],"wp:term":[{"taxonomy":"product_brand","embeddable":true,"href":"https:\/\/lucacastelli.com\/fr\/wp-json\/wp\/v2\/product_brand?post=419932"},{"taxonomy":"product_cat","embeddable":true,"href":"https:\/\/lucacastelli.com\/fr\/wp-json\/wp\/v2\/product_cat?post=419932"},{"taxonomy":"product_tag","embeddable":true,"href":"https:\/\/lucacastelli.com\/fr\/wp-json\/wp\/v2\/product_tag?post=419932"}],"curies":[{"name":"wp","href":"https:\/\/api.w.org\/{rel}","templated":true}]}}